{"id":69317,"date":"2026-05-15T11:36:06","date_gmt":"2026-05-15T09:36:06","guid":{"rendered":"https:\/\/mexpo.eu\/?post_type=product&#038;p=69317"},"modified":"2026-05-15T11:36:07","modified_gmt":"2026-05-15T09:36:07","slug":"batteria-per-dispositivi-grand-multicom-grand-multicom-pro","status":"publish","type":"product","link":"https:\/\/mexpo.eu\/it\/produkt\/batteria-per-dispositivi-grand-multicom-grand-multicom-pro\/","title":{"rendered":"Batteria per dispositivi Grand Multicom\/Grand Multicom PRO"},"content":{"rendered":"<p>Questo prodotto viene realizzato su ordinazione. Per programmare la prima data di consegna disponibile e discutere i dettagli della produzione, si prega di contattare il nostro servizio clienti.<\/p>\n<p>Questa batteria originale \u00e8 progettata per i modelli Grand Multicom e Grand Multicom PRO. La sua capacit\u00e0 di 2000 mAh consente molte ore di utilizzo intensivo senza necessit\u00e0 di ricariche frequenti. Le celle sono realizzate con tecnologia agli ioni di litio (Li-ion).<\/p>\n","protected":false},"excerpt":{"rendered":"<p>Batteria originale agli ioni di litio per dispositivi Grand Multicom e Grand Multicom PRO.<\/p>\n","protected":false},"featured_media":69316,"template":"","meta":{"_acf_changed":false},"product_brand":[],"product_cat":[5936],"product_tag":[],"class_list":{"0":"post-69317","1":"product","2":"type-product","3":"status-publish","4":"has-post-thumbnail","6":"product_cat-pile-monouso-e-pile-ricaricabili","8":"first","9":"onbackorder","10":"taxable","11":"shipping-taxable","12":"purchasable","13":"product-type-simple"},"acf":[],"_links":{"self":[{"href":"https:\/\/mexpo.eu\/it\/wp-json\/wp\/v2\/product\/69317","targetHints":{"allow":["GET"]}}],"collection":[{"href":"https:\/\/mexpo.eu\/it\/wp-json\/wp\/v2\/product"}],"about":[{"href":"https:\/\/mexpo.eu\/it\/wp-json\/wp\/v2\/types\/product"}],"wp:featuredmedia":[{"embeddable":true,"href":"https:\/\/mexpo.eu\/it\/wp-json\/wp\/v2\/media\/69316"}],"wp:attachment":[{"href":"https:\/\/mexpo.eu\/it\/wp-json\/wp\/v2\/media?parent=69317"}],"wp:term":[{"taxonomy":"product_brand","embeddable":true,"href":"https:\/\/mexpo.eu\/it\/wp-json\/wp\/v2\/product_brand?post=69317"},{"taxonomy":"product_cat","embeddable":true,"href":"https:\/\/mexpo.eu\/it\/wp-json\/wp\/v2\/product_cat?post=69317"},{"taxonomy":"product_tag","embeddable":true,"href":"https:\/\/mexpo.eu\/it\/wp-json\/wp\/v2\/product_tag?post=69317"}],"curies":[{"name":"wp","href":"https:\/\/api.w.org\/{rel}","templated":true}]}}