{"id":68425,"date":"2026-03-10T10:28:40","date_gmt":"2026-03-10T09:28:40","guid":{"rendered":"https:\/\/mexpo.eu\/produkt\/set-sistema-tourguide-okayo-wt-300d-con-valigetta-m-452-ac-658\/"},"modified":"2026-03-10T10:28:40","modified_gmt":"2026-03-10T09:28:40","slug":"set-sistema-tourguide-okayo-wt-300d-con-valigetta-m-452-ac-658","status":"publish","type":"product","link":"https:\/\/mexpo.eu\/it\/produkt\/set-sistema-tourguide-okayo-wt-300d-con-valigetta-m-452-ac-658\/","title":{"rendered":"Set sistema tourguide Okayo WT-300D con valigetta | M (45+2) + AC-658"},"content":{"rendered":"<p data-path-to-node=\"18\"><b data-path-to-node=\"18\" data-index-in-node=\"0\">Il set comprende:<\/b> <br \/>\n\u2013 45 ricevitori <br \/>\n\u2013 2 trasmettitori <br \/>\n\u2013 50 pz. di cuffie SH-2 <br \/>\n\u2013 2 pz. di microfoni LM-20A <br \/>\n\u2013 gancio per cordino <br \/>\n\u2013 50 cordini igienici <br \/>\n\u2013 valigetta AC-658 con spugna Il set non include l&#8217;alimentazione. <\/p>\n<p><strong>\u00c8 possibile acquistare separatamente pile o batterie ricaricabili e il caricabatterie HDC-300.<\/strong><\/p>\n<p data-path-to-node=\"19\">Il modello Okayo WT-300 non pu\u00f2 essere definito in altro modo se non come iconico. I ricevitori rossi accompagnano guide e turisti in tutta Europa da oltre 10 anni. Hanno guadagnato una schiera di accaniti sostenitori grazie a ottimi parametri come la portata, il tempo di funzionamento, l&#8217;involucro resistente e la semplicit\u00e0 d&#8217;uso.<\/p>\n<p data-path-to-node=\"19\"><strong>Tutto ci\u00f2 che \u00e8 bello finisce\u2026 per fare spazio a qualcosa di meglio!<\/strong><\/p>\n<p data-path-to-node=\"19\"><strong>La nuova generazione digitale \u2013 il modello Okayo WT-300D (Digital).<\/strong><\/p>\n<p data-path-to-node=\"19\">Grazie al passaggio alla trasmissione digitale, non solo possiamo proporre un prezzo pi\u00f9 vantaggioso rispetto alle vecchie versioni analogiche (i componenti per i sistemi analogici non sono pi\u00f9 prodotti e, di conseguenza, i loro prezzi aumentano), ma soprattutto una nuova funzione, finora irraggiungibile: il cambio remoto dei canali nei ricevitori. Inoltre, i ricevitori Okayo WT-300D sono dotati del sistema HAC (Hearing Aid Compatible), che li rende adatti alle persone che utilizzano apparecchi acustici. <span class=\"citation-25 citation-end-25\">Il modello digitale WT-300D (ricevitori viola, trasmettitori turchesi) non \u00e8 compatibile con le vecchie generazioni analogiche di questo modello (ricevitori rossi, trasmettitori blu). La mancanza di compatibilit\u00e0 non<\/span> costituisce motivo di reclamo o restituzione della merce.<\/p>\n<p data-path-to-node=\"19\"><strong>Meno \u00e8 meglio.<\/strong><\/p>\n<p data-path-to-node=\"19\">L\u2019Okayo WT-300D dispone di 25 canali\u2026 Tuttavia, questo \u00e8 solo apparentemente meno rispetto alla vecchia generazione. Il nuovo Okayo WT-300 digitale ha pi\u00f9 canali utilizzabili simultaneamente rispetto al suo predecessore analogico. Fino a 25 gruppi possono essere guidati contemporaneamente su canali separati nello stesso luogo limitato (nel modello analogico \u2013 fino a 10). Ci\u00f2 significa che la probabilit\u00e0 di interferenze causate da altri gruppi con lo stesso modello nei luoghi turistici popolari \u00e8 ancora minore.<\/p>\n<p data-path-to-node=\"19\"><strong>Nuovo modello \u2013 vantaggi noti.<\/strong><\/p>\n<p data-path-to-node=\"19\">L\u2019Okayo WT-300D possiede la gi\u00e0 nota \u2013 ottima portata e un tempo di funzionamento ancora pi\u00f9 lungo rispetto al suo fratello maggiore analogico. Con una ricarica\/sostituzione delle batterie, il ricevitore funzioner\u00e0 per oltre 35 ore, ovvero 10 ore in pi\u00f9. L&#8217;involucro del WT-300D non \u00e8 cambiato, eccetto per\u2026 il colore. \u00c8 ancora il collaudato materiale ABS, resistente non solo alle crepe, ma anche ai piccoli graffi, ma questa volta si distingue per una tonalit\u00e0 insolita e originale. Il trasmettitore ha un microfono integrato, nel caso in cui il microfono esterno venisse smarrito.<\/p>\n<ul data-path-to-node=\"20\">\n<li>\n<p data-path-to-node=\"20,0,0\">La foto del set non mostra le quantit\u00e0 effettive dei prodotti.<\/p>\n<\/li>\n<\/ul>\n","protected":false},"excerpt":{"rendered":"<p>Set tourguide basato sul modello digitale WT-300D, dedicato a un gruppo di 45 persone. Arricchito da una pratica valigetta con interno in schiuma, progettata per lo stoccaggio e il trasporto dei dispositivi e dei relativi accessori.<\/p>\n","protected":false},"featured_media":68422,"template":"","meta":{"_acf_changed":false},"product_brand":[],"product_cat":[5217],"product_tag":[],"class_list":{"0":"post-68425","1":"product","2":"type-product","3":"status-publish","4":"has-post-thumbnail","6":"product_cat-kit-tour-guide","8":"first","9":"instock","10":"taxable","11":"shipping-taxable","12":"purchasable","13":"product-type-simple"},"acf":[],"_links":{"self":[{"href":"https:\/\/mexpo.eu\/it\/wp-json\/wp\/v2\/product\/68425","targetHints":{"allow":["GET"]}}],"collection":[{"href":"https:\/\/mexpo.eu\/it\/wp-json\/wp\/v2\/product"}],"about":[{"href":"https:\/\/mexpo.eu\/it\/wp-json\/wp\/v2\/types\/product"}],"wp:featuredmedia":[{"embeddable":true,"href":"https:\/\/mexpo.eu\/it\/wp-json\/wp\/v2\/media\/68422"}],"wp:attachment":[{"href":"https:\/\/mexpo.eu\/it\/wp-json\/wp\/v2\/media?parent=68425"}],"wp:term":[{"taxonomy":"product_brand","embeddable":true,"href":"https:\/\/mexpo.eu\/it\/wp-json\/wp\/v2\/product_brand?post=68425"},{"taxonomy":"product_cat","embeddable":true,"href":"https:\/\/mexpo.eu\/it\/wp-json\/wp\/v2\/product_cat?post=68425"},{"taxonomy":"product_tag","embeddable":true,"href":"https:\/\/mexpo.eu\/it\/wp-json\/wp\/v2\/product_tag?post=68425"}],"curies":[{"name":"wp","href":"https:\/\/api.w.org\/{rel}","templated":true}]}}