{"id":66379,"date":"2025-08-28T12:11:47","date_gmt":"2025-08-28T12:11:47","guid":{"rendered":"https:\/\/mexpo.eu\/?post_type=product&#038;p=66379"},"modified":"2025-08-28T12:11:48","modified_gmt":"2025-08-28T12:11:48","slug":"rivelatore-mguide-pellegrino-easy","status":"publish","type":"product","link":"https:\/\/mexpo.eu\/it\/produkt\/rivelatore-mguide-pellegrino-easy\/","title":{"rendered":"Rivelatore mGuide Pellegrino Easy"},"content":{"rendered":"<p>Rivelatore dedicato al pi\u00f9 recente sistema unidirezionale mGuide Pellegrino Easy. \u00c8 estremamente leggero (45 g) e compatto. Inoltre, \u00e8 dotato di un apposito fermaglio metallico che consente di fissare l&#8217;attrezzatura all&#8217;abbigliamento.<\/p>\n<p>mGuide Pellegrino Easy \u00e8 un moderno sistema digitale a senso unico che, grazie a soluzioni intelligenti, garantisce una comunicazione affidabile e confortevole. La sua maggiore dote \u00e8 la funzione di scansione e sintonizzazione automatica della frequenza, che funziona in modo continuo. Questo garantisce una trasmissione priva di interferenze, eliminando al contempo la necessit\u00e0 di configurazione manuale.<\/p>\n","protected":false},"excerpt":{"rendered":"<p>Ricezione unidirezionale digitale del sistema mGuide Pellegrino Easy. Compatto e ultraleggero.<\/p>\n","protected":false},"featured_media":66311,"template":"","meta":{"_acf_changed":false},"product_brand":[],"product_cat":[5209],"product_tag":[],"class_list":{"0":"post-66379","1":"product","2":"type-product","3":"status-publish","4":"has-post-thumbnail","6":"product_cat-trasmettitori-e-ricevitori","8":"first","9":"instock","10":"taxable","11":"shipping-taxable","12":"purchasable","13":"product-type-simple"},"acf":[],"_links":{"self":[{"href":"https:\/\/mexpo.eu\/it\/wp-json\/wp\/v2\/product\/66379","targetHints":{"allow":["GET"]}}],"collection":[{"href":"https:\/\/mexpo.eu\/it\/wp-json\/wp\/v2\/product"}],"about":[{"href":"https:\/\/mexpo.eu\/it\/wp-json\/wp\/v2\/types\/product"}],"wp:featuredmedia":[{"embeddable":true,"href":"https:\/\/mexpo.eu\/it\/wp-json\/wp\/v2\/media\/66311"}],"wp:attachment":[{"href":"https:\/\/mexpo.eu\/it\/wp-json\/wp\/v2\/media?parent=66379"}],"wp:term":[{"taxonomy":"product_brand","embeddable":true,"href":"https:\/\/mexpo.eu\/it\/wp-json\/wp\/v2\/product_brand?post=66379"},{"taxonomy":"product_cat","embeddable":true,"href":"https:\/\/mexpo.eu\/it\/wp-json\/wp\/v2\/product_cat?post=66379"},{"taxonomy":"product_tag","embeddable":true,"href":"https:\/\/mexpo.eu\/it\/wp-json\/wp\/v2\/product_tag?post=66379"}],"curies":[{"name":"wp","href":"https:\/\/api.w.org\/{rel}","templated":true}]}}