{"id":66353,"date":"2025-08-28T12:11:53","date_gmt":"2025-08-28T12:11:53","guid":{"rendered":"https:\/\/mexpo.eu\/?post_type=product&#038;p=66353"},"modified":"2025-09-09T08:21:59","modified_gmt":"2025-09-09T08:21:59","slug":"mguide-pellegrino-easy","status":"publish","type":"product","link":"https:\/\/mexpo.eu\/it\/produkt\/mguide-pellegrino-easy\/","title":{"rendered":"mGuide Pellegrino Easy"},"content":{"rendered":"<p>mGuide Pellegrino \u00e8 un sistema di guida turistica facile da usare che combina un design moderno con una struttura ultraleggera (45 g). Il sistema garantisce una trasmissione chiara e stabile fino a 110 metri in linea d&#8217;aria e la tecnologia di riduzione del rumore (Noise Cancelling) assicura un&#8217;eccellente qualit\u00e0 del suono anche in ambienti rumorosi. Questo modello \u00e8 dotato di una funzione di ricarica rapida tramite cavo USB-C o caricatore collettivo.<\/p>\n<p>Il ricevitore non richiede alcun coinvolgimento da parte dell&#8217;utente (turista), rendendo la visita turistica ancora pi\u00f9 semplice. Il ricevitore non ha nemmeno un display e qualsiasi cambio di canale \u00e8 automatico e trasparente per l&#8217;utente. L&#8217;unica cosa che l&#8217;utente pu\u00f2 fare \u00e8 regolare il volume.<\/p>\n<p>Dati tecnici:<\/p>\n<ul>\n<li>Tipo di comunicazione: unidirezionale<\/li>\n<li>Numero di canali: 54<\/li>\n<li>Portata: &lt; 110<\/li>\n<li>Durata del trasmettitore: ~ 16 ore<br \/>\nTempo di funzionamento del ricevitore: ~ 23 ore<\/li>\n<li>Tempo di ricarica: 2-4,5 ore<\/li>\n<li>Tipo di alimentazione: 1x Li-Poly 3.7V 630mAh<\/li>\n<li>Peso con batteria: 45g<\/li>\n<li>Dimensioni: 34 x 20 x 63<\/li>\n<\/ul>\n","protected":false},"excerpt":{"rendered":"<p>Pellegrino Easy \u00e8 un moderno sistema di comunicazione wireless monodirezionale, praticamente esente da manutenzione. \u00c8 compatto e ultraleggero. Il trasmettitore \u00e8 dotato di microfono integrato.<\/p>\n","protected":false},"featured_media":66341,"template":"","meta":{"_acf_changed":false},"product_brand":[],"product_cat":[5210],"product_tag":[],"class_list":{"0":"post-66353","1":"product","2":"type-product","3":"status-publish","4":"has-post-thumbnail","6":"product_cat-modelli","8":"first","9":"instock","10":"taxable","11":"shipping-taxable","12":"product-type-grouped"},"acf":[],"_links":{"self":[{"href":"https:\/\/mexpo.eu\/it\/wp-json\/wp\/v2\/product\/66353","targetHints":{"allow":["GET"]}}],"collection":[{"href":"https:\/\/mexpo.eu\/it\/wp-json\/wp\/v2\/product"}],"about":[{"href":"https:\/\/mexpo.eu\/it\/wp-json\/wp\/v2\/types\/product"}],"wp:featuredmedia":[{"embeddable":true,"href":"https:\/\/mexpo.eu\/it\/wp-json\/wp\/v2\/media\/66341"}],"wp:attachment":[{"href":"https:\/\/mexpo.eu\/it\/wp-json\/wp\/v2\/media?parent=66353"}],"wp:term":[{"taxonomy":"product_brand","embeddable":true,"href":"https:\/\/mexpo.eu\/it\/wp-json\/wp\/v2\/product_brand?post=66353"},{"taxonomy":"product_cat","embeddable":true,"href":"https:\/\/mexpo.eu\/it\/wp-json\/wp\/v2\/product_cat?post=66353"},{"taxonomy":"product_tag","embeddable":true,"href":"https:\/\/mexpo.eu\/it\/wp-json\/wp\/v2\/product_tag?post=66353"}],"curies":[{"name":"wp","href":"https:\/\/api.w.org\/{rel}","templated":true}]}}