{"id":65019,"date":"2025-04-09T13:30:36","date_gmt":"2025-04-09T13:30:36","guid":{"rendered":"https:\/\/mexpo.pl\/?post_type=product&#038;p=65019"},"modified":"2025-04-09T13:31:48","modified_gmt":"2025-04-09T13:31:48","slug":"sistema-completo-per-visite-guidate-okayo-earme-fit-l-442","status":"publish","type":"product","link":"https:\/\/mexpo.eu\/it\/produkt\/sistema-completo-per-visite-guidate-okayo-earme-fit-l-442\/","title":{"rendered":"Sistema completo per visite guidate \u2013 Okayo EarME FIT | L (44+2)"},"content":{"rendered":"<p><strong>Contenuto del kit:<\/strong><br \/>\n\u2013 44 ricevitori Okayo EarME FIT<br \/>\n\u2013 2 trasmettitori Okayo EarME FIT<br \/>\n\u2013 2 caricabatterie C222<br \/>\n\u2013 2 microfoni HEM-100A<\/p>\n<p data-sourcepos=\"7:1-7:236\"><strong>Il Sistema Okayo EarME FIT, combinato con il trasmettitore audioguida Okayo EarME Player, rappresenta soluzioni all\u2019avanguardia per guide turistiche e gruppi di turisti, offrendo un\u2019alta qualit\u00e0 del suono e un comfort d\u2019uso eccezionale.<\/strong><\/p>\n<p data-sourcepos=\"9:1-9:550\">L\u2019Okayo EarME FIT \u00e8 un sistema di guida turistica che elimina efficacemente i problemi legati alla distanza e alla comunicazione tra guida e turisti. Il ricevitore auricolare combina leggerezza, dimensioni compatte ed ergonomia, garantendo un comfort che dura tutto il giorno. Dispone di un gancio auricolare in gomma intercambiabile per l\u2019orecchio destro o sinistro. Elimina il disordine causato dai cavi degli auricolari e i costi di sostituzione. Il sistema \u00e8 dotato di riduzione del rumore, garantendo un suono chiaro anche in ambienti affollati.<\/p>\n<p data-sourcepos=\"11:1-11:135\"><strong>Sia i ricevitori che i trasmettitori sono retrocompatibili e compatibili incrociati con la versione precedente del sistema Okayo EarME.<\/strong><\/p>\n<p data-sourcepos=\"13:1-13:52\"><strong>Caratteristiche principali dell\u2019Okayo EarME FIT:<\/strong><\/p>\n<ul data-sourcepos=\"15:1-27:0\">\n<li data-sourcepos=\"15:1-15:112\">Trasmettitore con funzione audioguida Okayo EarME Player che consente la riproduzione di audio pre-registrati.<\/li>\n<li data-sourcepos=\"16:1-16:88\">Design leggero (il ricevitore pesa solo 24 g) per un comfort che dura tutto il giorno.<\/li>\n<li data-sourcepos=\"17:1-17:63\">Ganci auricolari ergonomici per l\u2019orecchio destro e sinistro.<\/li>\n<li data-sourcepos=\"18:1-18:37\">Assenza di cavi per gli auricolari.<\/li>\n<li data-sourcepos=\"19:1-19:23\">Riduzione del rumore.<\/li>\n<li data-sourcepos=\"20:1-20:32\">Ricarica rapida in sole 2 ore.<\/li>\n<li data-sourcepos=\"21:1-21:45\">Lunga durata della batteria, fino a 18 ore.<\/li>\n<li data-sourcepos=\"22:1-22:25\">Spegnimento automatico.<\/li>\n<li data-sourcepos=\"23:1-23:32\">Facile spegnimento del gruppo.<\/li>\n<li data-sourcepos=\"24:1-24:59\">Controllo dello stato della batteria dopo lo spegnimento.<\/li>\n<li data-sourcepos=\"25:1-25:67\">Compatibilit\u00e0 con la versione precedente del sistema Okayo EarME.<\/li>\n<\/ul>\n","protected":false},"excerpt":{"rendered":"<p>Okayo EarME FIT L \u00e8 un mega set completo e pronto all&#8217;uso, contenente 2 trasmettitori con microfoni retroauricolari, 44 ricevitori e 2 caricabatterie.<br \/>\nL\u2019Okayo EarME FIT \u00e8 una versione migliorata del sistema Okayo EarME, caratterizzata da una maggiore portata di trasmissione e una qualit\u00e0 audio migliorata. Una novit\u00e0 \u00e8 il trasmettitore aggiuntivo Okayo EarME Player con funzione di audioguida, che consente la registrazione e la riproduzione di contenuti audio, musica e altri suoni. Il ricevitore ha la forma di un auricolare wireless con ganci auricolari ergonomici. Il sistema elimina la necessit\u00e0 di cavi. L\u2019Okayo EarME FIT \u00e8 retrocompatibile e compatibile incrociato con il sistema Okayo EarME.<\/p>\n","protected":false},"featured_media":65045,"template":"","meta":{"_acf_changed":false},"product_brand":[],"product_cat":[5217],"product_tag":[],"class_list":{"0":"post-65019","1":"product","2":"type-product","3":"status-publish","4":"has-post-thumbnail","6":"product_cat-kit-tour-guide","8":"first","9":"instock","10":"taxable","11":"shipping-taxable","12":"purchasable","13":"product-type-simple"},"acf":[],"_links":{"self":[{"href":"https:\/\/mexpo.eu\/it\/wp-json\/wp\/v2\/product\/65019","targetHints":{"allow":["GET"]}}],"collection":[{"href":"https:\/\/mexpo.eu\/it\/wp-json\/wp\/v2\/product"}],"about":[{"href":"https:\/\/mexpo.eu\/it\/wp-json\/wp\/v2\/types\/product"}],"wp:featuredmedia":[{"embeddable":true,"href":"https:\/\/mexpo.eu\/it\/wp-json\/wp\/v2\/media\/65045"}],"wp:attachment":[{"href":"https:\/\/mexpo.eu\/it\/wp-json\/wp\/v2\/media?parent=65019"}],"wp:term":[{"taxonomy":"product_brand","embeddable":true,"href":"https:\/\/mexpo.eu\/it\/wp-json\/wp\/v2\/product_brand?post=65019"},{"taxonomy":"product_cat","embeddable":true,"href":"https:\/\/mexpo.eu\/it\/wp-json\/wp\/v2\/product_cat?post=65019"},{"taxonomy":"product_tag","embeddable":true,"href":"https:\/\/mexpo.eu\/it\/wp-json\/wp\/v2\/product_tag?post=65019"}],"curies":[{"name":"wp","href":"https:\/\/api.w.org\/{rel}","templated":true}]}}