{"id":64972,"date":"2025-04-07T07:26:45","date_gmt":"2025-04-07T07:26:45","guid":{"rendered":"https:\/\/mexpo.pl\/?post_type=product&#038;p=64972"},"modified":"2025-04-07T08:17:33","modified_gmt":"2025-04-07T08:17:33","slug":"mguide-aqua-set-radio-trasmettitore-trainer-piu-2-x-ricevitore-studente-per-gli-sport-acquatici","status":"publish","type":"product","link":"https:\/\/mexpo.eu\/it\/produkt\/mguide-aqua-set-radio-trasmettitore-trainer-piu-2-x-ricevitore-studente-per-gli-sport-acquatici\/","title":{"rendered":"mGuide AQUA \u2013 set radio \u2013 trasmettitore trainer pi\u00f9 2 x ricevitore studente per gli sport acquatici"},"content":{"rendered":"<p>Il trasmettitore mGuide AQUA T pu\u00f2 essere utilizzato per comunicare con uno o pi\u00f9 ricevitori mGuide AQUA R (venduti separatamente o in set 1+1, 1+2).<\/p>\n<p>Il sistema mGuide AQUA supporta nove canali, il che significa che fino a nove istruttori possono condurre le loro lezioni contemporaneamente in una piscina, oppure un istruttore pu\u00f2 fornire suggerimenti a nove studenti o giocatori individualmente utilizzando canali separati. In alternativa, l&#8217;istruttore pu\u00f2 parlare all&#8217;intero gruppo utilizzando un solo canale. Sia il trasmettitore che il ricevitore sono resistenti all&#8217;acqua, rendendoli ideali per l&#8217;allenamento di tutti i tipi di sport acquatici, come nuoto, nuoto sincronizzato, windsurf, kitesurf, aqua fitness e aerobica in acqua.<\/p>\n<p>Il trasmettitore \u00e8 molto facile da usare: si accende e si spegne con il pulsante di accensione (al centro) tenendolo premuto per un tempo pi\u00f9 lungo. Il canale viene cambiato con i pulsanti CH+ e CH-, e il volume (sensibilit\u00e0 del microfono) viene regolato con i pulsanti &#8211; e + ai lati sinistro e destro del pulsante di accensione.<\/p>\n<p>Il set del trasmettitore include un microfono opzionale a clip (il trasmettitore ha anche un microfono integrato), due antenne (una di riserva), un cavo di ricarica bianco e una spina USB (tempo di ricarica circa 6 ore, tempo di funzionamento 10 ore), una presa manuale e una clip per il trasmettitore per la cintura.<\/p>\n<p>Il ricevitore mGuide AQUA ha la forma di auricolari sportivi confortevoli e molto leggeri (39 grammi) con una fascia posteriore. Grazie alla loro destinazione d&#8217;uso in acqua, il set \u00e8 completamente impermeabile. Il ricevitore AQUA utilizza la conduzione ossea, quindi si possono ascoltare i suoni trasmessi nonostante i tappi per le orecchie non siano all&#8217;interno delle orecchie, ma all&#8217;esterno (dove il lobo dell&#8217;orecchio tocca la testa). Questo \u00e8 un metodo completamente sicuro per trasmettere il suono e consente, ad esempio, di ascoltare i commenti dell&#8217;istruttore mentre si \u00e8 in grado di sentire contemporaneamente i suoni circostanti. Non \u00e8 importante se il ricevitore si trova sotto la linea d&#8217;acqua o sopra di essa: la trasmissione \u00e8 sempre perfetta.<\/p>\n<p>Il ricevitore mGuide AQUA ha solo tre pulsanti, ovvero +, POWER e -, ed \u00e8 molto facile da gestire. Una pressione prolungata del pulsante centrale fa accendere o spegnere il ricevitore. Il canale viene cambiato con una breve pressione di + o -, e la modifica viene confermata da un messaggio automatico in inglese.<\/p>\n<p>Il mGuide AQUA supporta nove canali. Per rendere possibile la ricezione, il ricevitore e il trasmettitore devono operare sullo stesso canale. Il volume viene modificato con una pressione prolungata del pulsante + o -. Il cavo e la spina forniti vengono utilizzati per la ricarica. Il tempo di funzionamento con una batteria completamente carica \u00e8 di almeno quattro ore.<\/p>\n<p>La distanza massima tra il trasmettitore e il ricevitore \u00e8 di circa 100-120 m in linea retta. Ci\u00f2 significa che il mGuide AQUA si dimostrer\u00e0 efficace anche nelle piscine pi\u00f9 grandi, oltre che nell&#8217;insegnamento delle basi del windsurf o del kitesurf.<\/p>\n","protected":false},"excerpt":{"rendered":"<p>mGuide AQUA \u00e8 un sistema monodirezionale per la comunicazione tra allenatore e atleta o allievo negli sport acquatici come il nuoto, il windsurf, la tavola da sup o il kite surf.<\/p>\n<p>AQUA render\u00e0 l&#8217;allenamento pi\u00f9 efficace e meno stressante, non solo nelle scuole di nuoto, ma anche nell&#8217;allenamento dei triatleti e degli atleti professionisti nel campo degli sport acquatici. L&#8217;attrezzatura \u00e8 completamente impermeabile.<\/p>\n<p><img loading=\"lazy\" decoding=\"async\" class=\"alignnone wp-image-35116 size-full\" src=\"https:\/\/mguide.eu\/wp-content\/uploads\/2023\/04\/promocjait.jpg\" alt=\"\" width=\"624\" height=\"118\" \/><\/p>\n","protected":false},"featured_media":64977,"template":"","meta":{"_acf_changed":false},"product_brand":[],"product_cat":[5434],"product_tag":[],"class_list":{"0":"post-64972","1":"product","2":"type-product","3":"status-publish","4":"has-post-thumbnail","6":"product_cat-sistemi-intercom-per-sport-acquatici","8":"first","9":"instock","10":"sale","11":"taxable","12":"shipping-taxable","13":"purchasable","14":"product-type-simple"},"acf":[],"_links":{"self":[{"href":"https:\/\/mexpo.eu\/it\/wp-json\/wp\/v2\/product\/64972","targetHints":{"allow":["GET"]}}],"collection":[{"href":"https:\/\/mexpo.eu\/it\/wp-json\/wp\/v2\/product"}],"about":[{"href":"https:\/\/mexpo.eu\/it\/wp-json\/wp\/v2\/types\/product"}],"wp:featuredmedia":[{"embeddable":true,"href":"https:\/\/mexpo.eu\/it\/wp-json\/wp\/v2\/media\/64977"}],"wp:attachment":[{"href":"https:\/\/mexpo.eu\/it\/wp-json\/wp\/v2\/media?parent=64972"}],"wp:term":[{"taxonomy":"product_brand","embeddable":true,"href":"https:\/\/mexpo.eu\/it\/wp-json\/wp\/v2\/product_brand?post=64972"},{"taxonomy":"product_cat","embeddable":true,"href":"https:\/\/mexpo.eu\/it\/wp-json\/wp\/v2\/product_cat?post=64972"},{"taxonomy":"product_tag","embeddable":true,"href":"https:\/\/mexpo.eu\/it\/wp-json\/wp\/v2\/product_tag?post=64972"}],"curies":[{"name":"wp","href":"https:\/\/api.w.org\/{rel}","templated":true}]}}