{"id":64842,"date":"2025-04-04T08:26:55","date_gmt":"2025-04-04T08:26:55","guid":{"rendered":"https:\/\/mexpo.pl\/?post_type=product&#038;p=64842"},"modified":"2025-04-04T08:28:56","modified_gmt":"2025-04-04T08:28:56","slug":"auricolare-em-212pu","status":"publish","type":"product","link":"https:\/\/mexpo.eu\/it\/produkt\/auricolare-em-212pu\/","title":{"rendered":"Auricolare EM-212PU"},"content":{"rendered":"<p>Leggere ed estremamente confortevoli cuffie stereo sovraurali Okayo EM-212PU, progettate per le esigenze di turisti e guide turistiche. Con un peso di soli 62,5 g e un design ergonomico con doppio archetto regolabile e morbidi padiglioni auricolari, assicurano comfort anche durante un utilizzo prolungato. Il connettore standard da 3,5 mm garantisce una compatibilit\u00e0 perfetta con i sistemi di audioguida, nonch\u00e9 con smartphone e altri dispositivi audio. Il cavo lungo 110 cm offre libert\u00e0 di movimento, eliminando il rischio di fastidiosi grovigli. Sono la soluzione ideale per guide turistiche, musei e organizzatori di conferenze che apprezzano la combinazione di leggerezza e comfort.<\/p>\n","protected":false},"excerpt":{"rendered":"<p>Cuffie stereo sovraurali Okayo EM-212PU ultraleggere e confortevoli con padiglioni in ecopelle.<\/p>\n","protected":false},"featured_media":64867,"template":"","meta":{"_acf_changed":false},"product_brand":[],"product_cat":[5218,5219],"product_tag":[],"class_list":{"0":"post-64842","1":"product","2":"type-product","3":"status-publish","4":"has-post-thumbnail","6":"product_cat-auricolari","7":"product_cat-auriculares-reutilizables","9":"first","10":"instock","11":"taxable","12":"shipping-taxable","13":"purchasable","14":"product-type-simple"},"acf":[],"_links":{"self":[{"href":"https:\/\/mexpo.eu\/it\/wp-json\/wp\/v2\/product\/64842","targetHints":{"allow":["GET"]}}],"collection":[{"href":"https:\/\/mexpo.eu\/it\/wp-json\/wp\/v2\/product"}],"about":[{"href":"https:\/\/mexpo.eu\/it\/wp-json\/wp\/v2\/types\/product"}],"wp:featuredmedia":[{"embeddable":true,"href":"https:\/\/mexpo.eu\/it\/wp-json\/wp\/v2\/media\/64867"}],"wp:attachment":[{"href":"https:\/\/mexpo.eu\/it\/wp-json\/wp\/v2\/media?parent=64842"}],"wp:term":[{"taxonomy":"product_brand","embeddable":true,"href":"https:\/\/mexpo.eu\/it\/wp-json\/wp\/v2\/product_brand?post=64842"},{"taxonomy":"product_cat","embeddable":true,"href":"https:\/\/mexpo.eu\/it\/wp-json\/wp\/v2\/product_cat?post=64842"},{"taxonomy":"product_tag","embeddable":true,"href":"https:\/\/mexpo.eu\/it\/wp-json\/wp\/v2\/product_tag?post=64842"}],"curies":[{"name":"wp","href":"https:\/\/api.w.org\/{rel}","templated":true}]}}