{"id":64390,"date":"2025-03-11T11:08:02","date_gmt":"2025-03-11T11:08:02","guid":{"rendered":"https:\/\/mexpo.pl\/?post_type=product&#038;p=64390"},"modified":"2025-03-12T07:45:39","modified_gmt":"2025-03-12T07:45:39","slug":"okayo-earme-fit","status":"publish","type":"product","link":"https:\/\/mexpo.eu\/it\/produkt\/okayo-earme-fit\/","title":{"rendered":"Okayo EarME FIT"},"content":{"rendered":"<p><strong>Il Sistema Okayo EarME FIT, combinato con il trasmettitore audioguida Okayo EarME Player, rappresenta soluzioni all&#8217;avanguardia per guide turistiche e gruppi di turisti, offrendo un&#8217;alta qualit\u00e0 del suono e un comfort d&#8217;uso eccezionale.<\/strong><\/p>\n<p>L&#8217;Okayo EarME FIT \u00e8 un sistema di guida turistica che elimina efficacemente i problemi legati alla distanza e alla comunicazione tra guida e turisti. Il ricevitore auricolare combina leggerezza, dimensioni compatte ed ergonomia, garantendo un comfort che dura tutto il giorno. Dispone di un gancio auricolare in gomma intercambiabile per l&#8217;orecchio destro o sinistro. Elimina il disordine causato dai cavi degli auricolari e i costi di sostituzione. Il sistema \u00e8 dotato di riduzione del rumore, garantendo un suono chiaro anche in ambienti affollati.<\/p>\n<p><strong>Sia i ricevitori che i trasmettitori sono retrocompatibili e compatibili incrociati con la versione precedente del sistema Okayo EarME.<\/strong><\/p>\n<p><strong>Caratteristiche principali dell&#8217;Okayo EarME FIT:<\/strong><\/p>\n<ul>\n<li>Trasmettitore con funzione audioguida Okayo EarME Player che consente la riproduzione di audio pre-registrati.<\/li>\n<li>Design leggero (il ricevitore pesa solo 24 g) per un comfort che dura tutto il giorno.<\/li>\n<li>Ganci auricolari ergonomici per l&#8217;orecchio destro e sinistro.<\/li>\n<li>Assenza di cavi per gli auricolari.<\/li>\n<li>Riduzione del rumore.<\/li>\n<li>Ricarica rapida in sole 2 ore.<\/li>\n<li>Lunga durata della batteria, fino a 18 ore.<\/li>\n<li>Spegnimento automatico.<\/li>\n<li>Facile spegnimento del gruppo.<\/li>\n<li>Controllo dello stato della batteria dopo lo spegnimento.<\/li>\n<li>Compatibilit\u00e0 con la versione precedente del sistema Okayo EarME.<\/li>\n<\/ul>\n<p><strong>Nota! Possiamo preparare per te registrazioni professionali con realizzazione rapida e costi imbattibili. Basta inviare il copione della registrazione e l&#8217;audio finito ti verr\u00e0 rispedito in pochi giorni! <\/strong><\/p>\n<p><strong>Caricabatterie:<\/strong><\/p>\n<ul>\n<li>Okayo C111 \u2013 Caricabatterie a inserimento per 11 ricevitori Okayo EarME FIT e 1 trasmettitore.<\/li>\n<li>Okayo C222 \u2013 Caricabatterie a inserimento per 22 ricevitori Okayo EarME FIT e 2 trasmettitori.<\/li>\n<li>Okayo CHG-111 \u2013 Borsa con caricabatterie a inserimento per 11 ricevitori Okayo EarME FIT e 1 trasmettitore.<\/li>\n<li>Okayo CHG-222 \u2013 Borsa con caricabatterie a inserimento per 22 ricevitori Okayo EarME FIT e 2 trasmettitori.<\/li>\n<\/ul>\n<p><strong>\u00a0<\/strong><\/p>\n","protected":false},"excerpt":{"rendered":"<p>L&#8217;Okayo EarME FIT \u00e8 una versione migliorata del sistema Okayo EarME, caratterizzata da una maggiore portata di trasmissione e una qualit\u00e0 audio migliorata. Una novit\u00e0 \u00e8 il trasmettitore aggiuntivo Okayo EarME Player con funzione di audioguida, che consente la registrazione e la riproduzione di contenuti audio, musica e altri suoni. Il ricevitore ha la forma di un auricolare wireless con ganci auricolari ergonomici. Il sistema elimina la necessit\u00e0 di cavi. L&#8217;Okayo EarME FIT \u00e8 retrocompatibile e compatibile incrociato con il sistema Okayo EarME.<\/p>\n","protected":false},"featured_media":64319,"template":"","meta":{"_acf_changed":false},"product_brand":[],"product_cat":[5210,5981],"product_tag":[],"class_list":{"0":"post-64390","1":"product","2":"type-product","3":"status-publish","4":"has-post-thumbnail","6":"product_cat-modelli","7":"product_cat-sistemi-tour-guide","9":"first","10":"instock","11":"taxable","12":"shipping-taxable","13":"product-type-grouped"},"acf":[],"_links":{"self":[{"href":"https:\/\/mexpo.eu\/it\/wp-json\/wp\/v2\/product\/64390","targetHints":{"allow":["GET"]}}],"collection":[{"href":"https:\/\/mexpo.eu\/it\/wp-json\/wp\/v2\/product"}],"about":[{"href":"https:\/\/mexpo.eu\/it\/wp-json\/wp\/v2\/types\/product"}],"wp:featuredmedia":[{"embeddable":true,"href":"https:\/\/mexpo.eu\/it\/wp-json\/wp\/v2\/media\/64319"}],"wp:attachment":[{"href":"https:\/\/mexpo.eu\/it\/wp-json\/wp\/v2\/media?parent=64390"}],"wp:term":[{"taxonomy":"product_brand","embeddable":true,"href":"https:\/\/mexpo.eu\/it\/wp-json\/wp\/v2\/product_brand?post=64390"},{"taxonomy":"product_cat","embeddable":true,"href":"https:\/\/mexpo.eu\/it\/wp-json\/wp\/v2\/product_cat?post=64390"},{"taxonomy":"product_tag","embeddable":true,"href":"https:\/\/mexpo.eu\/it\/wp-json\/wp\/v2\/product_tag?post=64390"}],"curies":[{"name":"wp","href":"https:\/\/api.w.org\/{rel}","templated":true}]}}