{"id":64342,"date":"2025-03-11T11:07:57","date_gmt":"2025-03-11T11:07:57","guid":{"rendered":"https:\/\/mexpo.pl\/?post_type=product&#038;p=64342"},"modified":"2025-03-11T11:53:17","modified_gmt":"2025-03-11T11:53:17","slug":"sistema-per-visite-guidate-ricevitore-okayo-earme-fit","status":"publish","type":"product","link":"https:\/\/mexpo.eu\/it\/produkt\/sistema-per-visite-guidate-ricevitore-okayo-earme-fit\/","title":{"rendered":"Sistema per visite guidate \u2013 Ricevitore Okayo EarME FIT"},"content":{"rendered":"<p>Okayo EarME Fit \u00e8 un ricevitore moderno per sistemi di audioguida che combina funzionalit\u00e0, comfort e alta qualit\u00e0 del suono. Progettato per guide turistiche e visitatori, elimina i problemi legati alla distanza e alla comunicazione.<\/p>\n<p><strong>Caratteristiche e vantaggi del ricevitore Okayo EarME FIT:<\/strong><\/p>\n<ul>\n<li><strong>Design ergonomico<\/strong>: Ricevitore leggero e compatto con comodo gancio auricolare, adattabile sia all&#8217;orecchio sinistro che destro.<\/li>\n<li><strong>Alta qualit\u00e0 del suono<\/strong>: La riduzione avanzata del rumore garantisce un suono chiaro e nitido anche in ambienti affollati.<\/li>\n<li><strong>Compatibilit\u00e0<\/strong>: Il ricevitore \u00e8 retrocompatibile e compatibile con il precedente sistema Earme.<\/li>\n<li><strong>Facilit\u00e0 d&#8217;uso<\/strong>: Funzionamento intuitivo e due pulsanti facilmente riconoscibili.<\/li>\n<li><strong>Assenza di cavi<\/strong>: Elimina il problema dei cavi degli auricolari aggrovigliati. Non richiede auricolari.<\/li>\n<li><strong>Lunga durata della batteria<\/strong>: La batteria al litio integrata garantisce un&#8217;autonomia prolungata.<\/li>\n<li><strong>Ricarica rapida<\/strong>: Possibilit\u00e0 di ricarica rapida in una stazione di ricarica compatibile.<\/li>\n<li><strong>Igiene<\/strong>: Possibilit\u00e0 di utilizzare coperture igieniche NHS-55.<\/li>\n<\/ul>\n<p>Il ricevitore Okayo EarME FIT \u00e8 la soluzione ideale per guide turistiche professionali, musei, gallerie e chiunque necessiti di un sistema di audioguida affidabile e confortevole.<\/p>\n<p><strong>Caricabatterie:<\/strong><\/p>\n<ul>\n<li><strong>Okayo C111<\/strong>: Caricabatterie a inserimento per 11 ricevitori Okayo EarME FIT e 1 trasmettitore.<\/li>\n<li><strong>Okayo C222<\/strong>: Caricabatterie a inserimento per 22 ricevitori Okayo EarME FIT e 2 trasmettitori.<\/li>\n<li><strong>Okayo CHG-111<\/strong>: Borsa con caricabatterie a inserimento per 11 ricevitori Okayo EarME FIT e 1 trasmettitore.<\/li>\n<li><strong>Okayo CHG-222<\/strong>: Borsa con caricabatterie a inserimento per 22 ricevitori Okayo EarME FIT e 2 trasmettitori.<\/li>\n<\/ul>\n","protected":false},"excerpt":{"rendered":"<p>Il ricevitore Okayo EarME FIT \u00e8 un dispositivo rivoluzionario che ridefinisce il comfort e la qualit\u00e0 del suono. Questo modello leggero ed ergonomico, progettato per un utilizzo prolungato, garantisce un audio cristallino senza la necessit\u00e0 di auricolari aggiuntivi.<\/p>\n","protected":false},"featured_media":64259,"template":"","meta":{"_acf_changed":false},"product_brand":[],"product_cat":[5209],"product_tag":[],"class_list":{"0":"post-64342","1":"product","2":"type-product","3":"status-publish","4":"has-post-thumbnail","6":"product_cat-trasmettitori-e-ricevitori","8":"first","9":"instock","10":"taxable","11":"shipping-taxable","12":"purchasable","13":"product-type-simple"},"acf":[],"_links":{"self":[{"href":"https:\/\/mexpo.eu\/it\/wp-json\/wp\/v2\/product\/64342","targetHints":{"allow":["GET"]}}],"collection":[{"href":"https:\/\/mexpo.eu\/it\/wp-json\/wp\/v2\/product"}],"about":[{"href":"https:\/\/mexpo.eu\/it\/wp-json\/wp\/v2\/types\/product"}],"wp:featuredmedia":[{"embeddable":true,"href":"https:\/\/mexpo.eu\/it\/wp-json\/wp\/v2\/media\/64259"}],"wp:attachment":[{"href":"https:\/\/mexpo.eu\/it\/wp-json\/wp\/v2\/media?parent=64342"}],"wp:term":[{"taxonomy":"product_brand","embeddable":true,"href":"https:\/\/mexpo.eu\/it\/wp-json\/wp\/v2\/product_brand?post=64342"},{"taxonomy":"product_cat","embeddable":true,"href":"https:\/\/mexpo.eu\/it\/wp-json\/wp\/v2\/product_cat?post=64342"},{"taxonomy":"product_tag","embeddable":true,"href":"https:\/\/mexpo.eu\/it\/wp-json\/wp\/v2\/product_tag?post=64342"}],"curies":[{"name":"wp","href":"https:\/\/api.w.org\/{rel}","templated":true}]}}