{"id":63699,"date":"2025-02-17T13:38:05","date_gmt":"2025-02-17T13:38:05","guid":{"rendered":"https:\/\/mexpo.pl?post_type=product&#038;p=63699"},"modified":"2025-02-17T15:06:58","modified_gmt":"2025-02-17T15:06:58","slug":"sistema-completo-per-visite-guidate-okayo-wt-350d-m-5022hdc-324","status":"publish","type":"product","link":"https:\/\/mexpo.eu\/it\/produkt\/sistema-completo-per-visite-guidate-okayo-wt-350d-m-5022hdc-324\/","title":{"rendered":"Sistema completo per visite guidate &#8211; Okayo WT-350D | M++ (50+2+2*HDC-324)"},"content":{"rendered":"<p><strong>Il set comprende:<\/strong><\/p>\n<ul>\n<li>50 ricevitori Okayo WT-350D R City Jungle Edition<\/li>\n<li>2 trasmettitori Okayo WT-350D T City Jungle Edition<\/li>\n<li>50 auricolari della serie SH*<\/li>\n<li>2 headset EMC-100<\/li>\n<li>50 ganci per il sistema di cordini igienici<\/li>\n<li>50 cordini igienici (passanti)<\/li>\n<li>2 borse da trasporto TBX-2<\/li>\n<li>2 caricabatterie Okayo HDC-324<\/li>\n<li>52 batterie ricaricabili Everactive Silver Line<\/li>\n<\/ul>\n<p>* La selezione di un modello specifico dipende dalla disponibilit\u00e0 di magazzino.<\/p>\n<p><strong>Ricevitore Okayo WT-350D R City Jungle Edition<\/strong><\/p>\n<p>Il ricevitore digitale per il sistema radiomicrofonico tourguide Okayo WT-350D City Jungle Edition \u00e8 un dispositivo all&#8217;avanguardia che porta l&#8217;esperienza della visita a un livello superiore. Dotato di un pulsante PTT (Push-To-Talk), consente ai partecipanti di porre domande al momento indicato dalla guida turistica. Grazie alla funzione di cambio canale a distanza, il sistema non richiede quasi nessun intervento da parte dell\u2019utente, garantendo visite senza problemi. Inoltre, un innovativo &#8220;allarme di perdita di campo&#8221; assicura che ogni partecipante rimanga vicino al gruppo, per una maggiore sicurezza e comfort durante il tour.<\/p>\n<p>Il ricevitore per la comunicazione wireless Okayo WT-350D City Jungle, di colore giallo, si integra perfettamente con il trasmettitore verde, conferendo al sistema un tocco di design cittadino e sofisticato.<\/p>\n<p>Il set comprende 50 ricevitori di 63 x 132 x 70 mm. Un&#8217;unit\u00e0 pesa circa 65 g, batteria inclusa.<\/p>\n<p><strong>Trasmettitore Okayo WT-350D T City Jungle Edition<\/strong><\/p>\n<p>Il trasmettitore per il sistema radiomicrofonico digitale Okayo WT-350D City Jungle Edition \u00e8 la soluzione ideale per chi apprezza la tecnologia moderna e l&#8217;eccellente qualit\u00e0 del suono. Il dispositivo \u00e8 dotato di un display di facile lettura, di LED intuitivi e di un microfono integrato per garantire comodit\u00e0 e affidabilit\u00e0. Per sfruttare appieno le sue capacit\u00e0 e ottenere la massima qualit\u00e0 del suono, si consiglia di collegare un headset esterno.<\/p>\n<p>Il trasmettitore Okayo WT-350D City Jungle Edition in un elegante verde tenue, abbinato al ricevitore giallo, crea un design unico di ispirazione urbana che riflette perfettamente il suo carattere cittadino.<\/p>\n<p>Il set comprende 2 trasmettitori di 63 x 132 x 70 mm. Un dispositivo pesa circa 65 g, batteria inclusa.<\/p>\n<p><strong>Auricolari della serie SH<\/strong><\/p>\n<p>Gli auricolari SH riutilizzabili per 1 orecchio sono dotati di un leggero pendente auricolare che consente all&#8217;auricolare di adattarsi perfettamente all&#8217;orecchio dell&#8217;utente. La selezione del modello specifico di auricolare dipende dalla disponibilit\u00e0 di magazzino.<\/p>\n<p><strong>Headset EMC-100<\/strong><\/p>\n<p>Il kit viene fornito con 2 headset di tipo EMC-100, costituiti da un microfono per cravatta con clip per indumenti e un auricolare interno su attacco in plastica. \u00c8 caratterizzato da dimensioni e peso ridotti, non percepibili dall&#8217;utente. L&#8217;auricolare interno con cappuccio in gomma sostituibile garantisce una ricezione stabile della trasmissione.<\/p>\n<p><strong>Sistema di cordini igienici (passante + clip)<\/strong><\/p>\n<p>Il set M++ contiene 50 cordini igienici con ganci. Il sistema dei cordini igienici \u00e8 composto da un passante intercambiabile in cotone e da una clip staccabile con moschettone. Il cordino pu\u00f2 essere facilmente staccato e sostituito con uno pulito, precedentemente inutilizzato. Questo aspetto \u00e8 particolarmente importante per gli escursionisti che tengono all&#8217;igiene e al comfort durante le loro visite.<\/p>\n<p><strong>Borsa da trasporto TBX-2<\/strong><\/p>\n<p>La borsa da trasporto TBX-2 \u00e8 stata progettata appositamente per le guide turistiche cittadine e museali. La borsa pu\u00f2 contenere l&#8217;intero set M (50 ricevitori e 2 trasmettitori).<\/p>\n<p>Dotata di una tracolla staccabile e di spallacci retrattili che consentono di indossarla come uno zaino, offre una completa libert\u00e0 di utilizzo. Inoltre, due maniglie &#8211; doppia orizzontale e verticale &#8211; assicurano un trasporto confortevole in qualsiasi situazione.<\/p>\n<p>Le tre tasche esterne con cerniera lampo consentono un facile accesso agli accessori: le due pi\u00f9 piccole, situate nella parte anteriore, sono ideali per i piccoli oggetti, mentre la tasca posteriore pi\u00f9 grande \u00e8 ideale per i documenti o gli accessori pi\u00f9 grandi. All&#8217;interno dello scomparto principale si trova un&#8217;ulteriore tasca sicura con chiusura lampo.<\/p>\n<p>Dimensioni della borsa: 330 x 445 x 75 mm.<\/p>\n<p><strong>Valigetta-caricabatterie Okayo HDC-324<\/strong><\/p>\n<p>Il kit M++ \u00e8 dotato di 2 caribatterie portatili dedicati, sotto forma di valigia robusta e resistente. \u00c8 possibile caricare contemporaneamente fino a 48 dispositivi (un caricabatterie pu\u00f2 contenere 24 dispositivi).<\/p>\n<p>Il caricabatterie ha le seguenti dimensioni 44 x 27,5 x 17 cm e pesa circa 5,1 kg (alimentatore incluso).<\/p>\n<p><strong>Batterie ricaricabili Everactive Silver Line<\/strong><\/p>\n<p>Le 52 batterie everActive in dotazione garantiscono prestazioni elevate anche in condizioni estreme. La nuova tecnologia significa anche una maggiore durata delle pile. Le batterie hanno una capacit\u00e0 massima di 2000 mAh. Una batteria ricaricabile pu\u00f2 sostituire diverse centinaia di pile tradizionali.<\/p>\n","protected":false},"excerpt":{"rendered":"<p>Set radiomicrofonico tourguide con due caricabatterie, basato sul sistema Okayo WT-350D per un tour di 50 persone. Okayo WT-350D City Jungle Edition \u00e8 il primo modello 2-in-1 che, con un solo interruttore, pu\u00f2 funzionare come sistema unidirezionale o bidirezionale, consentendo ai partecipanti al tour di fare domande.<\/p>\n<p>&nbsp;<\/p>\n<p>&nbsp;<\/p>\n","protected":false},"featured_media":51741,"template":"","meta":{"_acf_changed":false},"product_brand":[],"product_cat":[5217],"product_tag":[],"class_list":{"0":"post-63699","1":"product","2":"type-product","3":"status-publish","4":"has-post-thumbnail","6":"product_cat-kit-tour-guide","8":"first","9":"outofstock","10":"taxable","11":"shipping-taxable","12":"purchasable","13":"product-type-simple"},"acf":[],"_links":{"self":[{"href":"https:\/\/mexpo.eu\/it\/wp-json\/wp\/v2\/product\/63699","targetHints":{"allow":["GET"]}}],"collection":[{"href":"https:\/\/mexpo.eu\/it\/wp-json\/wp\/v2\/product"}],"about":[{"href":"https:\/\/mexpo.eu\/it\/wp-json\/wp\/v2\/types\/product"}],"wp:featuredmedia":[{"embeddable":true,"href":"https:\/\/mexpo.eu\/it\/wp-json\/wp\/v2\/media\/51741"}],"wp:attachment":[{"href":"https:\/\/mexpo.eu\/it\/wp-json\/wp\/v2\/media?parent=63699"}],"wp:term":[{"taxonomy":"product_brand","embeddable":true,"href":"https:\/\/mexpo.eu\/it\/wp-json\/wp\/v2\/product_brand?post=63699"},{"taxonomy":"product_cat","embeddable":true,"href":"https:\/\/mexpo.eu\/it\/wp-json\/wp\/v2\/product_cat?post=63699"},{"taxonomy":"product_tag","embeddable":true,"href":"https:\/\/mexpo.eu\/it\/wp-json\/wp\/v2\/product_tag?post=63699"}],"curies":[{"name":"wp","href":"https:\/\/api.w.org\/{rel}","templated":true}]}}