{"id":63651,"date":"2025-02-17T13:37:23","date_gmt":"2025-02-17T13:37:23","guid":{"rendered":"https:\/\/mexpo.pl?post_type=product&#038;p=63651"},"modified":"2025-02-17T15:06:42","modified_gmt":"2025-02-17T15:06:42","slug":"okayo-wt-350d","status":"publish","type":"product","link":"https:\/\/mexpo.eu\/it\/produkt\/okayo-wt-350d\/","title":{"rendered":"Okayo WT-350D"},"content":{"rendered":"<p>Okayo WT-350D City Jungle Edition \u00e8 l\u2019erede digitale del modello analogico WT-350. Il nuovo sistema sar\u00e0 perfetto per l&#8217;industria del turismo, in quanto dotato di tutte le funzioni necessarie per guidare i turisti. Inoltre, vi soprender\u00e0 con nuove opzioni non disponibili in precedenza e con un design moderno, ispirato alla grande citt\u00e0.<\/p>\n<p>\u00c8 il primo modello 2 in 1! Basta premere un interruttore per dare voce ai membri del gruppo nei momenti opportuni, ottenendo cos\u00ec un sistema di comunicazione bidirezionale. Sia il trasmettitore che il ricevitore sono dotati di un microfono incorporato.<\/p>\n<p>Trasmissione digitale &#8211; nuove possibilit\u00e0<br \/>\nGrazie all\u2019uso della trasmissione digitale al posto di quella analogica, il nuovo sistema radiomicrofonico tourguide, oltre a disporre di un maggior numero di canali, offre anche nuove possibilit\u00e0 agli utenti. Dal trasmettitore, infatti, \u00e8 possibile cambiare canale a distanza o, se necessario, aumentare la potenza del dispositivo per ottenere un maggiore raggio di azione.<\/p>\n<p>Semplicit\u00e0 di utilizzo<br \/>\nIl sistema di comunicazione wireless Okayo WT-350D City Jungle Edition \u00e8 dotato di un display di facile lettura, con indicatore del livello della batteria e spie LED. Inoltre, i pulsanti grandi e ben visibili rendono l\u2019uso del dispositivo molto semplice e comodo. Questo modello consente anche di regolare il volume del suono, in modo che ogni utente vi senta perfettamente. <\/p>\n<p>Design moderno e versatile<br \/>\nOkayo WT-350D City Jungle Edition \u00e8 caratterizzato da un involucro robusto e resistente che ne garantisce l&#8217;estetica e la durata, con un peso di soli 65 g (batteria inclusa). Il modello \u00e8 disponibile in tonalit\u00e0 discrete di verde (trasmettitore) e giallo (ricevitore), che gli danno un inconfondibile look cittadino. Il nostro nuovo sistema radiomicrofonico tourguide \u00e8 la perfetta combinazione di modernit\u00e0 e funzionalit\u00e0.<br \/>\nInoltre, il sistema Okayo WT-350D \u00e8 dotato di una funzione HAC, che consente ai portatori di apparecchi acustici di partecipare senza problemi alle visite guidate. La funzione HAC consente di trasmettere il suono in modalit\u00e0 wireless direttamente agli apparecchi acustici degli utenti, eliminando il rumore di fondo e garantendo un suono chiaro e nitido. Questo accorgimento rende il sistema pi\u00f9 accessibile e facile da usare per le persone ipoudenti, migliorando la loro esperienza e il loro comfort durante le visite.<\/p>\n<p>Caratteristiche di Okayo WT-350D:<\/p>\n<p>&#8211;\ttrasmissione digitale<br \/>\n&#8211;\t44 canali<br \/>\n&#8211;\tautonomia a batteria: oltre 15 ore (trasmettitore), oltre 20 ore (ricevitore)<br \/>\n&#8211;\tfunzione HAC<br \/>\n&#8211;\traggio di azione ottimale (fino a 100 m in assenza di ostacoli)<br \/>\n&#8211;\tcompatto (63 x 132 x 70 mm) e leggero (circa 65 g in presenza della batteria)<br \/>\n&#8211;\tdesign moderno, corpo esterno resistente allo sporco e ai danni<br \/>\n&#8211;\tdisplay con indicatore del livello della batteria<br \/>\n&#8211;\tmicrofono incorporato nel trasmettitore e nel ricevitore<br \/>\n&#8211;\tsistema 2-in-1 &#8211; Talk-back (conversazione bidirezionale) attivabile\/disattivabile dal livello del trasmettitore<br \/>\n&#8211;\talimentato da 1 pila AA o da 1 batteria ricaricabile Ni-MH<\/p>\n","protected":false},"excerpt":{"rendered":"<p>Okayo WT-350D City Jungle Edition \u00e8 l\u2019erede digitale del modello analogico WT-350. Il nuovo sistema sar\u00e0 perfetto per l&#8217;industria del turismo, in quanto dotato di tutte le funzioni necessarie per guidare i turisti. Inoltre, vi soprender\u00e0 con nuove opzioni non disponibili in precedenza e con un design moderno, ispirato alla grande citt\u00e0.<\/p>\n","protected":false},"featured_media":63661,"template":"","meta":{"_acf_changed":false},"product_brand":[],"product_cat":[5210],"product_tag":[],"class_list":{"0":"post-63651","1":"product","2":"type-product","3":"status-publish","4":"has-post-thumbnail","6":"product_cat-modelli","8":"first","9":"instock","10":"taxable","11":"shipping-taxable","12":"product-type-grouped"},"acf":[],"_links":{"self":[{"href":"https:\/\/mexpo.eu\/it\/wp-json\/wp\/v2\/product\/63651","targetHints":{"allow":["GET"]}}],"collection":[{"href":"https:\/\/mexpo.eu\/it\/wp-json\/wp\/v2\/product"}],"about":[{"href":"https:\/\/mexpo.eu\/it\/wp-json\/wp\/v2\/types\/product"}],"wp:featuredmedia":[{"embeddable":true,"href":"https:\/\/mexpo.eu\/it\/wp-json\/wp\/v2\/media\/63661"}],"wp:attachment":[{"href":"https:\/\/mexpo.eu\/it\/wp-json\/wp\/v2\/media?parent=63651"}],"wp:term":[{"taxonomy":"product_brand","embeddable":true,"href":"https:\/\/mexpo.eu\/it\/wp-json\/wp\/v2\/product_brand?post=63651"},{"taxonomy":"product_cat","embeddable":true,"href":"https:\/\/mexpo.eu\/it\/wp-json\/wp\/v2\/product_cat?post=63651"},{"taxonomy":"product_tag","embeddable":true,"href":"https:\/\/mexpo.eu\/it\/wp-json\/wp\/v2\/product_tag?post=63651"}],"curies":[{"name":"wp","href":"https:\/\/api.w.org\/{rel}","templated":true}]}}