{"id":63644,"date":"2025-02-17T13:37:22","date_gmt":"2025-02-17T13:37:22","guid":{"rendered":"https:\/\/mexpo.pl?post_type=product&#038;p=63644"},"modified":"2025-08-05T09:52:00","modified_gmt":"2025-08-05T09:52:00","slug":"sistema-per-visite-guidate-ricevitore-okayo-wt-350d","status":"publish","type":"product","link":"https:\/\/mexpo.eu\/it\/produkt\/sistema-per-visite-guidate-ricevitore-okayo-wt-350d\/","title":{"rendered":"Sistema per visite guidate &#8211; Ricevitore Okayo WT-350D"},"content":{"rendered":"<p>Ricevitore per il sistema radiomicrofonico digitale Okayo WT-350D City Jungle Edition. Il dispositivo \u00e8 stato dotato di un pulsante PTT (Push-To-Talk), che consente di porre domande al momento opportuno, a discrezione della guida turistica.<\/p>\n<p>Il ricevitore per la comunicazione wireless Okayo WT-350D City Jungle, di colore giallo, si integra perfettamente con il trasmettitore verde, conferendo al sistema un tocco di eleganza cittadina.<\/p>\n<p>Per venire incontro alle esigenze e alle aspettative dei clienti, \u00e8 stata introdotta la funzione di cambio canale a distanza. Questo accorgimento rende il ricevitore ancora pi\u00f9 facile da utilizzare, poich\u00e9 tutte le operazioni vengono svolte dal livello del trasmettitore. Inoltre, se il partecipante alla visita si allontana troppo dal gruppo, viene avvisato da un &#8220;allarme di perdita di campo&#8221; (qualora tale opzione sia attivata).<\/p>\n<p>Caratteristiche di Okayo WT-350D:<\/p>\n<p>&#8211; trasmissione digitale<br \/>\n&#8211; 44 canali<br \/>\n&#8211; funzione HAC<br \/>\n&#8211; autonomia a batteria: oltre 15 ore (trasmettitore), oltre 20 ore (ricevitore)<br \/>\n&#8211; raggio di azione ottimale (fino a 100 m in assenza di ostacoli)<br \/>\n&#8211; compatto (63 x 132 x 70 mm) e leggero (circa 65 g in presenza della batteria)<br \/>\n&#8211; design moderno, corpo esterno resistente allo sporco e ai danni<br \/>\n&#8211; display con indicatore del livello della batteria<br \/>\n&#8211; microfono incorporato nel trasmettitore e nel ricevitore<br \/>\n&#8211; sistema 2-in-1 &#8211; Talk-back (conversazione bidirezionale) attivabile\/disattivabile dal livello del trasmettitore<br \/>\n&#8211; alimentato da 1 pila AA o da 1 batteria ricaricabile Ni-MH<\/p>\n<p><span style=\"color: #800000;\">Il modello Okayo WT-350D City Jungle Edition non \u00e8 compatibile con il modello analogico Okayo WT-350.<\/span><\/p>\n<p>Applicazione:<br \/>\nIl sistema radiomicrofonico tourguide digitale Okayo WT-350D \u00e8 stato prodotto pensando all&#8217;industria del turismo, con particolare attenzione alla facilit\u00e0 d&#8217;uso e alla migliore qualit\u00e0 audio.<\/p>\n","protected":false},"excerpt":{"rendered":"<p>Ricevitore per il sistema radiomicrofonico tourguide Okayo WT-350D. Erede digitale del modello analogico WT-350 con funzioni aggiuntive gratuite. L&#8217;unit\u00e0 \u00e8 dotata di un display chiaro e di indicazioni a LED. Grazie alla sua leggerezza e alla lunga durata della batteria, \u00e8 ideale per l&#8217;uso in contesti come, ad esempio, l\u2019accompagnamento di turisti.<\/p>\n","protected":false},"featured_media":60715,"template":"","meta":{"_acf_changed":false},"product_brand":[],"product_cat":[5209],"product_tag":[],"class_list":{"0":"post-63644","1":"product","2":"type-product","3":"status-publish","4":"has-post-thumbnail","6":"product_cat-trasmettitori-e-ricevitori","8":"first","9":"outofstock","10":"taxable","11":"shipping-taxable","12":"purchasable","13":"product-type-simple"},"acf":[],"_links":{"self":[{"href":"https:\/\/mexpo.eu\/it\/wp-json\/wp\/v2\/product\/63644","targetHints":{"allow":["GET"]}}],"collection":[{"href":"https:\/\/mexpo.eu\/it\/wp-json\/wp\/v2\/product"}],"about":[{"href":"https:\/\/mexpo.eu\/it\/wp-json\/wp\/v2\/types\/product"}],"wp:featuredmedia":[{"embeddable":true,"href":"https:\/\/mexpo.eu\/it\/wp-json\/wp\/v2\/media\/60715"}],"wp:attachment":[{"href":"https:\/\/mexpo.eu\/it\/wp-json\/wp\/v2\/media?parent=63644"}],"wp:term":[{"taxonomy":"product_brand","embeddable":true,"href":"https:\/\/mexpo.eu\/it\/wp-json\/wp\/v2\/product_brand?post=63644"},{"taxonomy":"product_cat","embeddable":true,"href":"https:\/\/mexpo.eu\/it\/wp-json\/wp\/v2\/product_cat?post=63644"},{"taxonomy":"product_tag","embeddable":true,"href":"https:\/\/mexpo.eu\/it\/wp-json\/wp\/v2\/product_tag?post=63644"}],"curies":[{"name":"wp","href":"https:\/\/api.w.org\/{rel}","templated":true}]}}