{"id":63533,"date":"2025-02-17T13:35:55","date_gmt":"2025-02-17T13:35:55","guid":{"rendered":"https:\/\/mexpo.pl?post_type=product&#038;p=63533"},"modified":"2025-02-17T15:05:52","modified_gmt":"2025-02-17T15:05:52","slug":"sistema-per-visite-guidate-trasmettitore-mguide-dlr-02","status":"publish","type":"product","link":"https:\/\/mexpo.eu\/it\/produkt\/sistema-per-visite-guidate-trasmettitore-mguide-dlr-02\/","title":{"rendered":"Sistema per visite guidate &#8211; Trasmettitore mGuide DLR-02"},"content":{"rendered":"<p>Trasmettitore per il sistema mGuide DLR-02. Il dispositivo \u00e8 caratterizzato da un&#8217;elevata qualit\u00e0 del suono.<\/p>\n<p>Il trasmettitore \u00e8 dotato di un chiaro display LCD che ne facilita l&#8217;uso.<\/p>\n<p>Il dispositivo \u00e8 immediatamente pronto all&#8217;uso. \u00c8 sufficiente collegare l&#8217;headset di tua scelta al trasmettitore, accenderlo e impostare il numero del gruppo (canale) preferito.<\/p>\n<p>Grazie all&#8217;ingresso AUX-IN, \u00e8 possibile collegare una sorgente sonora esterna, aggiungendo un&#8217;ambientazione musicale unica o sostituendo il silenzio nei momenti in cui la guida non commenta.<\/p>\n<p>Il trasmettitore mGuide DLR-02L \u00e8 dotato di contatti di ricarica che consentono di caricare i dispositivi nella valigetta collettiva CB-20x o CB-40x. Inoltre, dispone di un ingresso di tipo USB-C, che consente di caricare il dispositivo con un cavo USB-C.<\/p>\n<p>mGuide DLR-02 \u00e8 un sistema digitale bidirezionale che opera a 2,4 GHz.<\/p>\n<p>Si tratta di una frequenza mondiale, priva di licenza, che consente di comunicare in tutti i continenti. Le guide turistiche avranno un unico strumento per tutti i tour, eliminando la necessit\u00e0 di acquistare sistemi separati per le diverse localit\u00e0.<\/p>\n<p>Il sistema viene fornito con una garanzia di 3 anni.<\/p>\n","protected":false},"excerpt":{"rendered":"<p>Il trasmettitore mGuide DLR-02L \u00e8 il leader nel sistema radiomicrofonico tourguide bidirezionale mGuide DLR-02. mGuide DLR-02 \u00e8 compatibile con il modello unidirezionale mGuide DLR-01. Questo sistema \u00e8 ideale per applicazioni turistiche e aziendali.<\/p>\n","protected":false},"featured_media":60585,"template":"","meta":{"_acf_changed":false},"product_brand":[],"product_cat":[5209],"product_tag":[],"class_list":{"0":"post-63533","1":"product","2":"type-product","3":"status-publish","4":"has-post-thumbnail","6":"product_cat-trasmettitori-e-ricevitori","8":"first","9":"instock","10":"taxable","11":"shipping-taxable","12":"purchasable","13":"product-type-simple"},"acf":[],"_links":{"self":[{"href":"https:\/\/mexpo.eu\/it\/wp-json\/wp\/v2\/product\/63533","targetHints":{"allow":["GET"]}}],"collection":[{"href":"https:\/\/mexpo.eu\/it\/wp-json\/wp\/v2\/product"}],"about":[{"href":"https:\/\/mexpo.eu\/it\/wp-json\/wp\/v2\/types\/product"}],"wp:featuredmedia":[{"embeddable":true,"href":"https:\/\/mexpo.eu\/it\/wp-json\/wp\/v2\/media\/60585"}],"wp:attachment":[{"href":"https:\/\/mexpo.eu\/it\/wp-json\/wp\/v2\/media?parent=63533"}],"wp:term":[{"taxonomy":"product_brand","embeddable":true,"href":"https:\/\/mexpo.eu\/it\/wp-json\/wp\/v2\/product_brand?post=63533"},{"taxonomy":"product_cat","embeddable":true,"href":"https:\/\/mexpo.eu\/it\/wp-json\/wp\/v2\/product_cat?post=63533"},{"taxonomy":"product_tag","embeddable":true,"href":"https:\/\/mexpo.eu\/it\/wp-json\/wp\/v2\/product_tag?post=63533"}],"curies":[{"name":"wp","href":"https:\/\/api.w.org\/{rel}","templated":true}]}}