{"id":63397,"date":"2025-02-17T13:34:30","date_gmt":"2025-02-17T13:34:30","guid":{"rendered":"https:\/\/mexpo.pl?post_type=product&#038;p=63397"},"modified":"2025-02-17T15:05:04","modified_gmt":"2025-02-17T15:05:04","slug":"correa-elastica-ap-1","status":"publish","type":"product","link":"https:\/\/mexpo.eu\/it\/produkt\/correa-elastica-ap-1\/","title":{"rendered":"Correa el\u00e1stica AP-1"},"content":{"rendered":"<p>Bolsa con bandolera el\u00e1stica. Gracias al material flexible, la correa para el hombro permanece en su lugar y el dispositivo est\u00e1 protegido de la humedad y el polvo.<\/p>\n","protected":false},"excerpt":{"rendered":"<p>Bolsa con bandolera el\u00e1stica. Gracias al material flexible, la correa para el hombro permanece en su lugar y el dispositivo est\u00e1 protegido de la humedad y el polvo.<\/p>\n","protected":false},"featured_media":51439,"template":"","meta":{"_acf_changed":false},"product_brand":[],"product_cat":[5258],"product_tag":[],"class_list":{"0":"post-63397","1":"product","2":"type-product","3":"status-publish","4":"has-post-thumbnail","6":"product_cat-altri-accessori","8":"first","9":"instock","10":"taxable","11":"shipping-taxable","12":"purchasable","13":"product-type-simple"},"acf":[],"_links":{"self":[{"href":"https:\/\/mexpo.eu\/it\/wp-json\/wp\/v2\/product\/63397","targetHints":{"allow":["GET"]}}],"collection":[{"href":"https:\/\/mexpo.eu\/it\/wp-json\/wp\/v2\/product"}],"about":[{"href":"https:\/\/mexpo.eu\/it\/wp-json\/wp\/v2\/types\/product"}],"wp:featuredmedia":[{"embeddable":true,"href":"https:\/\/mexpo.eu\/it\/wp-json\/wp\/v2\/media\/51439"}],"wp:attachment":[{"href":"https:\/\/mexpo.eu\/it\/wp-json\/wp\/v2\/media?parent=63397"}],"wp:term":[{"taxonomy":"product_brand","embeddable":true,"href":"https:\/\/mexpo.eu\/it\/wp-json\/wp\/v2\/product_brand?post=63397"},{"taxonomy":"product_cat","embeddable":true,"href":"https:\/\/mexpo.eu\/it\/wp-json\/wp\/v2\/product_cat?post=63397"},{"taxonomy":"product_tag","embeddable":true,"href":"https:\/\/mexpo.eu\/it\/wp-json\/wp\/v2\/product_tag?post=63397"}],"curies":[{"name":"wp","href":"https:\/\/api.w.org\/{rel}","templated":true}]}}