{"id":63376,"date":"2025-02-17T13:34:10","date_gmt":"2025-02-17T13:34:10","guid":{"rendered":"https:\/\/mexpo.pl?post_type=product&#038;p=63376"},"modified":"2025-02-17T15:04:51","modified_gmt":"2025-02-17T15:04:51","slug":"ski-1-11-set-half-duplex-bidirezionale-per-la-comunicazione-maestro-di-sci-allievo","status":"publish","type":"product","link":"https:\/\/mexpo.eu\/it\/produkt\/ski-1-11-set-half-duplex-bidirezionale-per-la-comunicazione-maestro-di-sci-allievo\/","title":{"rendered":"SKI-1 (1+1) &#8211; Set half-duplex bidirezionale per la comunicazione maestro di sci-allievo"},"content":{"rendered":"<p>Una comunicazione efficiente \u00e8 fondamentale per il successo di qualsiasi allenamento, compreso l\u2019insegnamento dello sci. Il nostro set, basato sul dispositivo intercom half-duplex bidirezionale GST-G3, permette all\u2019istruttore di sci di parlare con un allievo alla massima distanza tra tutti i set della nostra offerta: fino a 2 km all\u2019aperto. L&#8217;intercom mGuide \u00e8 ideale anche per le chiacchierate in famiglia o tra amici mentre si scia. La comunicazione in modalit\u00e0 PTT (push to talk) faciliter\u00e0 ulteriormente le altre conversazioni dell&#8217;istruttore e dell\u2019allievo, che non verranno trasmesse quando il pulsante non \u00e8 premuto.<\/p>\n<p>Composizione del set:<br \/>\n&#8211; Radio GST G2 &#8211; 2 pezzi<br \/>\n&#8211; headset\u00a0&#8211; a scelta tra: GST-HLT (sottocasco), GST-E005 o GST-E007 &#8211; 2 pezzi<br \/>\n&#8211; fascetta SPORT universale &#8211; 2 pezzi<\/p>\n","protected":false},"excerpt":{"rendered":"<p>Un set di due dispositivi intercom per comunicare mentre si impara a sciare, completi di auricolari e comoda fascia-copritesta. mGuide SKI-1 pu\u00f2 essere utilizzato anche semplicemente per la comunicazione durante lo sci.<\/p>\n","protected":false},"featured_media":51393,"template":"","meta":{"_acf_changed":false},"product_brand":[],"product_cat":[5968],"product_tag":[],"class_list":{"0":"post-63376","1":"product","2":"type-product","3":"status-publish","4":"has-post-thumbnail","6":"product_cat-sistemi-intercom-per-lo-sci-it","8":"first","9":"instock","10":"taxable","11":"shipping-taxable","12":"purchasable","13":"product-type-simple"},"acf":[],"_links":{"self":[{"href":"https:\/\/mexpo.eu\/it\/wp-json\/wp\/v2\/product\/63376","targetHints":{"allow":["GET"]}}],"collection":[{"href":"https:\/\/mexpo.eu\/it\/wp-json\/wp\/v2\/product"}],"about":[{"href":"https:\/\/mexpo.eu\/it\/wp-json\/wp\/v2\/types\/product"}],"wp:featuredmedia":[{"embeddable":true,"href":"https:\/\/mexpo.eu\/it\/wp-json\/wp\/v2\/media\/51393"}],"wp:attachment":[{"href":"https:\/\/mexpo.eu\/it\/wp-json\/wp\/v2\/media?parent=63376"}],"wp:term":[{"taxonomy":"product_brand","embeddable":true,"href":"https:\/\/mexpo.eu\/it\/wp-json\/wp\/v2\/product_brand?post=63376"},{"taxonomy":"product_cat","embeddable":true,"href":"https:\/\/mexpo.eu\/it\/wp-json\/wp\/v2\/product_cat?post=63376"},{"taxonomy":"product_tag","embeddable":true,"href":"https:\/\/mexpo.eu\/it\/wp-json\/wp\/v2\/product_tag?post=63376"}],"curies":[{"name":"wp","href":"https:\/\/api.w.org\/{rel}","templated":true}]}}