{"id":63275,"date":"2025-02-17T13:32:40","date_gmt":"2025-02-17T13:32:40","guid":{"rendered":"https:\/\/mexpo.pl?post_type=product&#038;p=63275"},"modified":"2025-02-17T15:03:41","modified_gmt":"2025-02-17T15:03:41","slug":"sistema-completo-per-visite-guidate-okayo-earme-l-442","status":"publish","type":"product","link":"https:\/\/mexpo.eu\/it\/produkt\/sistema-completo-per-visite-guidate-okayo-earme-l-442\/","title":{"rendered":"Sistema completo per visite guidate \u2013 Okayo EarMe | L (44+2)"},"content":{"rendered":"<p><strong>Contenuto del kit:<\/strong><br \/>\n\u2013 44 ricevitori Okayo EarMe<br \/>\n\u2013 2 trasmettitori Okayo EarMe<br \/>\n\u2013 2 caricabatterie C222<br \/>\n\u2013 2 microfoni HEM-100A<\/p>\n<p>Okayo EarMe \u00e8 un sistema radiomicrofonico tourguide digitale all&#8217;avanguardia con un funzionamento estremamente semplificato. Se non fosse per il fatto che i ricevitori sono dotati di un controllo del volume, si potrebbe dire che si tratta di un modello completamente automatico.<\/p>\n<p>Oltre alla semplicit\u00e0 di funzionamento, l&#8217;indubbio vantaggio del ricevitore EarMe \u00e8 l&#8217;assenza di cavi, in particolare dell&#8217;auricolare sul cavo, che dovrebbe essere inserito in una presa adatta come in altri modelli. Con il set di guide turistiche EarMe, non dobbiamo assolutamente preoccuparci di acquistare gli auricolari per i ricevitori. Niente pi\u00f9 cavi aggrovigliati n\u00e9 auricolari riutilizzabili smarriti. Non dovrai pi\u00f9 ricordarti di preparare il giusto numero di auricolari usa e getta.<\/p>\n<p>Questo \u00e8 il primo modello del sistema Okayo tourguide in cui il ricevitore ha la forma di un\u2019auricolare. Il ricevitore-cuffia pu\u00f2 essere indossato sull&#8217;orecchio destro o sinistro. Il design \u00e8 compatto, leggero, resistente ai danni e facile da disinfettare. Il ricevitore EarMe pu\u00f2 essere utilizzato con la cuffia igienica monouso NHS-55.<br \/>\nIl ricevitore ha solo 2 pulsanti, utilizzati per l&#8217;accensione e lo spegnimento e per il controllo del volume.<\/p>\n<p>Alla prima attivazione, il trasmettitore viene accoppiato con i ricevitori. Altri ricevitori possono essere accoppiati durante l&#8217;uso. Quando si spegne, l&#8217;apparecchio ricorda il gruppo abbinato. Il trasmettitore consente di cambiare a distanza i canali di tutti i ricevitori accoppiati, senza che gli utenti se ne accorgano. Quando il trasmettitore viene spento, i ricevitori si disattivano automaticamente dopo 5 minuti.<\/p>\n<p>Caratteristiche del modello:<\/p>\n<ul>\n<li>ricevitore sotto forma di auricolare senza filo<\/li>\n<li>raggio di azione &#8211; 80 metri<\/li>\n<li>autonomia di funzionamento &#8211; min.10 ore<\/li>\n<li>ricevitore con auricolare integrato adatto sia all&#8217;orecchio destro che a quello sinistro<\/li>\n<li>facile disinfezione del ricevitore<\/li>\n<li>controllo del ricevitore a 2 pulsanti<\/li>\n<li>facile accoppiamento automatico con il trasmettitore<\/li>\n<li>lo spegnimento non provoca il disaccoppiamento<\/li>\n<li>possibilit\u00e0 di controllare il livello della batteria a ricevitore spento<\/li>\n<li>caricabatteria leggero con contatti magnetici per una ricarica rapida<\/li>\n<li>ricevitore pi\u00f9 leggero &#8211; solo 20 grammi<\/li>\n<\/ul>\n","protected":false},"excerpt":{"rendered":"<p>Okayo EarMe \u00e8 un sistema di guida turistica compatto dedicato al turismo e agli affari. Si distingue per un ricevitore ultraleggero sotto forma di cuffie wireless on-ear.<\/p>\n","protected":false},"featured_media":51119,"template":"","meta":{"_acf_changed":false},"product_brand":[],"product_cat":[5217],"product_tag":[],"class_list":{"0":"post-63275","1":"product","2":"type-product","3":"status-publish","4":"has-post-thumbnail","6":"product_cat-kit-tour-guide","8":"first","9":"instock","10":"taxable","11":"shipping-taxable","12":"purchasable","13":"product-type-simple"},"acf":[],"_links":{"self":[{"href":"https:\/\/mexpo.eu\/it\/wp-json\/wp\/v2\/product\/63275","targetHints":{"allow":["GET"]}}],"collection":[{"href":"https:\/\/mexpo.eu\/it\/wp-json\/wp\/v2\/product"}],"about":[{"href":"https:\/\/mexpo.eu\/it\/wp-json\/wp\/v2\/types\/product"}],"wp:featuredmedia":[{"embeddable":true,"href":"https:\/\/mexpo.eu\/it\/wp-json\/wp\/v2\/media\/51119"}],"wp:attachment":[{"href":"https:\/\/mexpo.eu\/it\/wp-json\/wp\/v2\/media?parent=63275"}],"wp:term":[{"taxonomy":"product_brand","embeddable":true,"href":"https:\/\/mexpo.eu\/it\/wp-json\/wp\/v2\/product_brand?post=63275"},{"taxonomy":"product_cat","embeddable":true,"href":"https:\/\/mexpo.eu\/it\/wp-json\/wp\/v2\/product_cat?post=63275"},{"taxonomy":"product_tag","embeddable":true,"href":"https:\/\/mexpo.eu\/it\/wp-json\/wp\/v2\/product_tag?post=63275"}],"curies":[{"name":"wp","href":"https:\/\/api.w.org\/{rel}","templated":true}]}}