{"id":63159,"date":"2025-02-17T13:22:27","date_gmt":"2025-02-17T12:22:27","guid":{"rendered":"https:\/\/mexpo.pl?post_type=product&#038;p=63159"},"modified":"2025-02-17T14:57:26","modified_gmt":"2025-02-17T14:57:26","slug":"sistema-intercom-bidirezionale-per-equitazione-addestrament-o-eqs-3-piu-accessori","status":"publish","type":"product","link":"https:\/\/mexpo.eu\/it\/produkt\/sistema-intercom-bidirezionale-per-equitazione-addestrament-o-eqs-3-piu-accessori\/","title":{"rendered":"Sistema intercom bidirezionale per equitazione\/addestrament o EQS-3 pi\u00f9 accessori"},"content":{"rendered":"<p>I tempi di realizzazione dell\u2019ordine corrispondono a 7-10 giorni feriali.<br \/>\nIl periodo di garanzia \u00e8 di 2 anni.<br \/>\nOffriamo assistenza tecnica completa, aggiornamenti e manutenzione del sistema anche dopo la scadenza del periodo di garanzia.<br \/>\nAttenzione: questo prodotto non \u00e8 un set di comunicazione completo, ma solo un dispositivo intercom aggiuntivo!<\/p>\n<p>L&#8217;Axiwi AT-320 \u00e8 l\u2019intercom per arbitri sportivi pi\u00f9 piccolo e leggero disponibile sul mercato!<br \/>\nL&#8217;unit\u00e0 misura 32 x 65 x 22 mm e pesa solo 39 g con la batteria.<br \/>\nCome allenare in modo efficiente gli adepti dell&#8217;equitazione?<br \/>\nDa oggi potete farlo con il kit AXIWI\u00ae per l&#8217;allenamento e la formazione nel campo degli sport equestri.<br \/>\nSempre pi\u00f9 allenatori e istruttori utilizzano sistemi di comunicazione wireless negli sport equestri per dare suggerimenti e consigli agli allievi.<br \/>\nIl sistema intercom senza fili AXIWI\u00ae per istruttori \u00e8 la soluzione scelta da allenatori e istruttori in tutta Europa<br \/>\nChe cos&#8217;\u00e8 il sistema intercom AXIWI?<br \/>\n\u00c8 un sistema di comunicazione bidirezionale senza fili (intercom equestre) che consente a istruttori e allievi di parlare e ascoltarsi a vicenda, proprio come in una telefonata.<br \/>\nFino a sei persone possono parlare e ascoltare contemporaneamente.<\/p>\n<p>Video recensione di AXIWI di Edward Chitty \u2013 Set di auricolari wireless per l&#8217;addestramento equestre<\/p>\n<blockquote><p>&#8220;Ottimo prodotto per gli allenamenti di equitazione, lo consiglio vivamente. Ha una qualit\u00e0 audio eccellente e la sua leggerezza lo rende facile da usare&#8221;.<\/p><\/blockquote>\n<p style=\"text-align: center;\"><iframe loading=\"lazy\" title=\"YouTube video player\" src=\"https:\/\/www.youtube.com\/embed\/hi0PTAdMuag\" width=\"560\" height=\"315\" frameborder=\"0\" allowfullscreen=\"allowfullscreen\"><\/iframe><\/p>\n<blockquote><p>&#8220;Il motivo per cui preferisco il sistema di comunicazione AXIWI \u00e8 che \u00e8 piccolo e leggero. Permette di comunicare in modo efficace; non si deve pi\u00f9 gridare e la voce non si disperde nel vento. Utilizziamo il sistema di comunicazione per il lavoro in maneggio e per le passeggiate. Rende l&#8217;intera esperienza di equitazione pi\u00f9 calma e piacevole&#8221;.<\/p><\/blockquote>\n<p style=\"text-align: right;\">Claire Aitchison &#8211; Addestratrice di cavalli britannica certificata<\/p>\n<p>Il set AXIWI AT-320 comprende:<br \/>\n&#8211; sistema intercom senza fili AT-320 &#8211; 1 pz.<br \/>\n&#8211; cordino e clip da cintura per intercom- 1 pz.<br \/>\n&#8211; set auricolari-microfono HE-009 &#8211; 1 pz.<br \/>\n&#8211; tracolla OT-008 &#8211; 1 pz.<br \/>\n&#8211; caricatore di rete USB CR-009 &#8211; 1 pz.<br \/>\n&#8211; cavo Micro USB CA-001 &#8211; 1 pz.<\/p>\n<p>Caratteristiche del sistema AXIWI AT-320<br \/>\n\u2013 sistema completamente wireless senza stazione base e senza installazione<br \/>\n\u2013 comunicazione bidirezionale full duplex per un massimo di 6 persone<br \/>\n\u2013 ricezione audio in tempo reale di alta qualit\u00e0 senza ritardi (latenza &lt; 1 ms)<br \/>\n\u2013 fino a 250 dispositivi per canale possono partecipare a una conversazione in modalit\u00e0 conferenza<br \/>\n\u2013 banda di frequenza radio universale e mondiale &#8211; 2,4 GHz<br \/>\n\u2013 portata di oltre 200 metri in assenza di ostacoli<br \/>\n\u2013 4 canali radio simultanei<br \/>\n\u2013 piccolo e ultra leggero \u2013 32 x 65 x 22 mm \/ 39 g<br \/>\n\u2013 ricarica individuale tramite porta Micro USB o in modalit\u00e0 multipla con un caricabatterie da tavolo dedicato<br \/>\n\u2013 tempo di funzionamento &#8211; 6 ore, tempo di ricarica &#8211; +\/- 2 ore<br \/>\n\u2013 presa jack TRRS da 3,5 mm per auricolari\/microfono<\/p>\n","protected":false},"excerpt":{"rendered":"<p>Radio &#8211; intercom aggiuntiva per allenamenti di equitazione.<\/p>\n","protected":false},"featured_media":49918,"template":"","meta":{"_acf_changed":false},"product_brand":[],"product_cat":[5950,5948],"product_tag":[],"class_list":{"0":"post-63159","1":"product","2":"type-product","3":"status-publish","4":"has-post-thumbnail","6":"product_cat-axiwi-at-320-it","7":"product_cat-sistemi-intercom-per-lequitazione-it","9":"first","10":"instock","11":"taxable","12":"shipping-taxable","13":"purchasable","14":"product-type-simple"},"acf":[],"_links":{"self":[{"href":"https:\/\/mexpo.eu\/it\/wp-json\/wp\/v2\/product\/63159","targetHints":{"allow":["GET"]}}],"collection":[{"href":"https:\/\/mexpo.eu\/it\/wp-json\/wp\/v2\/product"}],"about":[{"href":"https:\/\/mexpo.eu\/it\/wp-json\/wp\/v2\/types\/product"}],"wp:featuredmedia":[{"embeddable":true,"href":"https:\/\/mexpo.eu\/it\/wp-json\/wp\/v2\/media\/49918"}],"wp:attachment":[{"href":"https:\/\/mexpo.eu\/it\/wp-json\/wp\/v2\/media?parent=63159"}],"wp:term":[{"taxonomy":"product_brand","embeddable":true,"href":"https:\/\/mexpo.eu\/it\/wp-json\/wp\/v2\/product_brand?post=63159"},{"taxonomy":"product_cat","embeddable":true,"href":"https:\/\/mexpo.eu\/it\/wp-json\/wp\/v2\/product_cat?post=63159"},{"taxonomy":"product_tag","embeddable":true,"href":"https:\/\/mexpo.eu\/it\/wp-json\/wp\/v2\/product_tag?post=63159"}],"curies":[{"name":"wp","href":"https:\/\/api.w.org\/{rel}","templated":true}]}}