{"id":63091,"date":"2025-02-17T13:26:56","date_gmt":"2025-02-17T12:26:56","guid":{"rendered":"https:\/\/mexpo.pl?post_type=product&#038;p=63091"},"modified":"2025-02-17T15:01:16","modified_gmt":"2025-02-17T15:01:16","slug":"sistema-intercom-radio-hc-1-350-senza-filo-full-duplex-destinato-al-servizio-sanitario-completo-di-accessori","status":"publish","type":"product","link":"https:\/\/mexpo.eu\/it\/produkt\/sistema-intercom-radio-hc-1-350-senza-filo-full-duplex-destinato-al-servizio-sanitario-completo-di-accessori\/","title":{"rendered":"Sistema intercom radio HC-1-350, senza filo, full duplex, destinato al servizio sanitario, completo di accessori"},"content":{"rendered":"<p>I tempi di realizzazione dell\u2019ordine corrispondono a 7-10 giorni feriali.<\/p>\n<p>AXIWI AT-350 garantisce un coordinamento wireless di alta qualit\u00e0 di ospedali, strutture mediche ed \u00e9quipe di medici attraverso una comunicazione vocale a distanza in tempo reale e senza interruzioni.<\/p>\n<p>Per gli ospedali, le cliniche, i reparti di isolamento e le squadre di cura, abbiamo preparato un set aggiuntivo appositamente progettato*:<br \/>\n&#8211; intercom wireless AXIWI AT-350 &#8211; 1 pz.<br \/>\n&#8211; headset con auricolare-microfono HE-001 &#8211; 1 pz.<\/p>\n<p>Gli accessori igienici sono disponibili nella sezione &#8220;<a href=\"https:\/\/mguide.eu\/it\/categoria-prodotto\/igiene\/\">igiene<\/a>&#8220;.<\/p>\n<p><strong>*Attenzione \u2014\u00a0 questo prodotto non \u00e8 un set di comunicazione completo, ma solo un dispositivo intercom aggiuntivo con set di auricolari!\u00a0<\/strong><\/p>\n<p>La vigilanza, la concentrazione e la rapidit\u00e0 di reazione in caso di emergenza sono importanti nell&#8217;assistenza medica. Trasmettere e ricevere informazioni chiave, ad esempio tra i membri di un&#8217;ambulanza o di un gruppo di soccorso, in modo accurato e chiaro, \u00e8 essenziale e in molti casi pu\u00f2 essere determinante per la vita e la salute di un paziente. Il set di auricolari wireless Axiwi AT-350 pu\u00f2 contribuire in modo significativo all&#8217;efficienza e alla chiarezza della comunicazione.<\/p>\n<p><iframe loading=\"lazy\" title=\"AXIWI AT-350 communication system - user manual\" width=\"1170\" height=\"658\" src=\"https:\/\/www.youtube.com\/embed\/_GHQNDcNrvQ?feature=oembed\" frameborder=\"0\" allow=\"accelerometer; autoplay; clipboard-write; encrypted-media; gyroscope; picture-in-picture; web-share\" referrerpolicy=\"strict-origin-when-cross-origin\" allowfullscreen><\/iframe><\/p>\n","protected":false},"excerpt":{"rendered":"<p>Set di auricolari radio full duplex per la comunicazione di squadra del personale medico. Sistema intercom radio bidirezionale in miniatura per l&#8217;assistenza sanitaria, comprese le strutture e le squadre di soccorso, gli ospedali, i paramedici, i medici, gli infermieri e gli inservienti.<\/p>\n","protected":false},"featured_media":50355,"template":"","meta":{"_acf_changed":false},"product_brand":[],"product_cat":[5427],"product_tag":[],"class_list":{"0":"post-63091","1":"product","2":"type-product","3":"status-publish","4":"has-post-thumbnail","6":"product_cat-sistemi-intercom-per-la-sanita","8":"first","9":"instock","10":"taxable","11":"shipping-taxable","12":"purchasable","13":"product-type-simple"},"acf":[],"_links":{"self":[{"href":"https:\/\/mexpo.eu\/it\/wp-json\/wp\/v2\/product\/63091","targetHints":{"allow":["GET"]}}],"collection":[{"href":"https:\/\/mexpo.eu\/it\/wp-json\/wp\/v2\/product"}],"about":[{"href":"https:\/\/mexpo.eu\/it\/wp-json\/wp\/v2\/types\/product"}],"wp:featuredmedia":[{"embeddable":true,"href":"https:\/\/mexpo.eu\/it\/wp-json\/wp\/v2\/media\/50355"}],"wp:attachment":[{"href":"https:\/\/mexpo.eu\/it\/wp-json\/wp\/v2\/media?parent=63091"}],"wp:term":[{"taxonomy":"product_brand","embeddable":true,"href":"https:\/\/mexpo.eu\/it\/wp-json\/wp\/v2\/product_brand?post=63091"},{"taxonomy":"product_cat","embeddable":true,"href":"https:\/\/mexpo.eu\/it\/wp-json\/wp\/v2\/product_cat?post=63091"},{"taxonomy":"product_tag","embeddable":true,"href":"https:\/\/mexpo.eu\/it\/wp-json\/wp\/v2\/product_tag?post=63091"}],"curies":[{"name":"wp","href":"https:\/\/api.w.org\/{rel}","templated":true}]}}