{"id":62919,"date":"2025-02-17T13:28:02","date_gmt":"2025-02-17T13:28:02","guid":{"rendered":"https:\/\/mexpo.pl?post_type=product&#038;p=62919"},"modified":"2025-04-07T07:34:42","modified_gmt":"2025-04-07T07:34:42","slug":"mguide-aqua-set-radio-trasmettitore-trainer-piu-ricevitore-studente-per-gli-sport-acquatici","status":"publish","type":"product","link":"https:\/\/mexpo.eu\/it\/produkt\/mguide-aqua-set-radio-trasmettitore-trainer-piu-ricevitore-studente-per-gli-sport-acquatici\/","title":{"rendered":"mGuide AQUA \u2013 set radio \u2013 trasmettitore trainer pi\u00f9 ricevitore studente per gli sport acquatici"},"content":{"rendered":"<div class=\"wpb-content-wrapper\"><p><strong>[vc_row][vc_column][vc_column_text]Nadajnik mGuide AQUA T<\/strong> s\u0142u\u017cy do komunikacji z 1 lub wieloma odbiornikami mGuide AQUA R (do kupienia osobno lub w zestawie 1+1). <strong>System mGuide AQUA posiada 9 kana\u0142\u00f3w, co oznacza \u017ce nawet do 9 trener\u00f3w jednocze\u015bnie mo\u017ce prowadzi\u0107 zaj\u0119cia na 1 basenie lub 1 trener mo\u017ce na zmian\u0119 udziela\u0107 wskaz\u00f3wek 9 zawodnikom na osobnych kana\u0142ach.<\/strong> Alternatywnie instruktor mo\u017ce prowadzi\u0107 ca\u0142\u0105 1 grup\u0119 na 1 kanale. Zar\u00f3wno nadajnik jak i odbiornik s\u0105 wodoodporne i dlatego \u015bwietnie nadaj\u0105 si\u0119 do wsparcia treningu wszelkich sport\u00f3w wodnych takich jak p\u0142ywanie, p\u0142ywanie artystyczne, wind surfing, kite, aqua fitness i aerobik wodny. Obs\u0142uga nadajnika jest wyj\u0105tkowo prosta &#8211; w\u0142\u0105czanie i wy\u0142\u0105czanie przyciskiem zasilania (po \u015brodku) poprzez d\u0142u\u017csze przytrzymanie. Kana\u0142 zmienimy przyciskami CH+ i CH-, natomiast g\u0142o\u015bno\u015b\u0107 (czu\u0142o\u015b\u0107 mikrofonu) przyciskiem &#8211; i + po lewej i prawej stronie od przycisku zasilania.<\/p>\n<p>W komplecie z nadajnikiem znajdziemy <strong>mikrofon zaklapowy<\/strong> (opcjonalny, sam nadajnik posiada tak\u017ce wbudowany mikrofon), <strong>2 anteny<\/strong> (1 zapasowa),<strong> bia\u0142y kabel do \u0142adowania i wtyczk\u0119 USB<\/strong> (czas \u0142adowania ok. 6h, <strong>czas pracy 10h<\/strong>), <strong>uchwyt na r\u0119k\u0119 oraz nasadk\u0119 na nadajnik z zaczepem na pase<\/strong>k.<\/p>\n<p><strong>Odbiornik mGuide AQUA<\/strong> ma form\u0119 wygodnych, bardzo lekkich (39 gram\u00f3w) sportowych s\u0142uchawek z pa\u0142\u0105kiem z ty\u0142u g\u0142owy. Ze wzgl\u0119du na swoje przeznaczenie, do u\u017cywania w wodzie &#8211; jest ca\u0142kowicie <strong>wodoodporny<\/strong>. <strong>Odbiornik AQUA wykorzystuje indukcj\u0119 kostn\u0105<\/strong> &#8211; dzi\u0119ki czemu s\u0142yszymy transmitowane d\u017awi\u0119ki, pomimo i\u017c ko\u0144c\u00f3wki s\u0142uchawek nie znajduj\u0105 si\u0119 w uszach, a na zewn\u0105trz uszu (w miejscu styku ma\u0142\u017cowiny usznej z g\u0142ow\u0105). To ca\u0142kowicie bezpieczna metoda przekazywania d\u017awi\u0119ku, kt\u00f3ra pozwala na s\u0142uchanie np. komentarza instruktora przy jednoczesnym odbieraniu d\u017awi\u0119k\u00f3w otoczenia. Nie ma znaczenia tak\u017ce czy odbiornik znajduje si\u0119 ponad lustrem wody czy pod wod\u0105 &#8211; przekaz zawsze jest idealny.<\/p>\n<p>Odbiornik mGuide AQUA posiada tylko 3 przyciski &#8211; +, POWER i &#8211; a jego obs\u0142uga jest banalnie prosta. D\u0142u\u017csze przytrzymanie \u015brodkowego przycisku powoduje w\u0142\u0105czenie lub wy\u0142\u0105czenie odbiornika. Kana\u0142 zmieniamy kr\u00f3tko naciskaj\u0105c na przycisk + lub &#8211; a jego zmiana jest potwierdzona automatycznym komunikatem w j\u0119zyku angielskim. <strong>mGuide AQUA posiada 9 kana\u0142\u00f3w.<\/strong> Aby mo\u017cliwy by\u0142 odbi\u00f3r kana\u0142 w odbiorniku musi by\u0107 to\u017csamy z kana\u0142em w nadajniku. Zmiana g\u0142o\u015bno\u015bci odbywa si\u0119 poprzez d\u0142u\u017csze przytrzymanie przycisku + lub -.<\/p>\n<p>Do \u0142adowania odbiornika wykorzystujemy <strong>do\u0142\u0105czony kabel i wtyczk\u0119<\/strong>. Czas pracy na w pe\u0142ni na\u0142adowanej baterii &#8211; <strong>min. 4 godziny<\/strong>.<\/p>\n<p><strong>Maksymalna odleg\u0142o\u015b\u0107 pomi\u0119dzy nadajnikiem i odbiornikiem to ok. 100-120 m w linii wzroku<\/strong>. Oznacza to, \u017ce mGuide AQUA z powodzeniem sprawdzi si\u0119 nawet na najwi\u0119kszych basenach p\u0142ywackich a tak\u017ce przy nauce podstaw windsurfingu czy kitesurfingu.<\/p>\n<p>[\/vc_column_text][vc_btn title=&#8221;Kliknij tutaj i zobacz jak mGuide AQUA radzi sobie w praktyce &#8211; w szkole nauki p\u0142ywania Ku\u017ania P\u0142ywania!&#8221; shape=&#8221;square&#8221; color=&#8221;info&#8221; align=&#8221;center&#8221; i_icon_fontawesome=&#8221;fas fa-swimmer&#8221; button_block=&#8221;true&#8221; add_icon=&#8221;true&#8221; link=&#8221;url:http%3A%2F%2Fwww.kuzniaplywania.pl%2Fplywamy-ze-sprzetem-mguide-aqua%2F|&#8221;][\/vc_column][\/vc_row]<\/p>\n<\/div>","protected":false},"excerpt":{"rendered":"<p>mGuide AQUA \u00e8 un sistema monodirezionale per la comunicazione tra allenatore e atleta o allievo negli sport acquatici come il nuoto, il windsurf, la tavola da sup o il kite surf. AQUA render\u00e0 l&#8217;allenamento pi\u00f9 efficace e meno stressante, non solo nelle scuole di nuoto, ma anche nell&#8217;allenamento dei triatleti e degli atleti professionisti nel campo degli sport acquatici. L&#8217;attrezzatura \u00e8 completamente impermeabile.<\/p>\n<p>mGuide AQUA \u00e8 un kit radio per l&#8217;allenamento al nuoto di istruttori, allenatori, atleti professionisti e studenti. \u00c8 perfetto per allenare i praticanti di sport acquatici come il nuoto, il windsurf, il kite surf o la tavola da SUP. mGuide AQUA render\u00e0 l&#8217;allenamento pi\u00f9 efficace e pi\u00f9 semplice, non solo nelle scuole di nuoto, quando si insegna ai bambini, ma anche per i triatleti e gli atleti professionisti dell&#8217;acqua. L&#8217;attrezzatura \u00e8 completamente impermeabile.<\/p>\n<p><img loading=\"lazy\" decoding=\"async\" class=\"alignnone wp-image-35116 size-full\" src=\"https:\/\/mguide.eu\/wp-content\/uploads\/2023\/04\/promocjait.jpg\" alt=\"\" width=\"624\" height=\"118\" \/><\/p>\n","protected":false},"featured_media":50865,"template":"","meta":{"_acf_changed":false},"product_brand":[],"product_cat":[5434],"product_tag":[],"class_list":{"0":"post-62919","1":"product","2":"type-product","3":"status-publish","4":"has-post-thumbnail","6":"product_cat-sistemi-intercom-per-sport-acquatici","8":"first","9":"instock","10":"sale","11":"taxable","12":"shipping-taxable","13":"purchasable","14":"product-type-simple"},"acf":[],"_links":{"self":[{"href":"https:\/\/mexpo.eu\/it\/wp-json\/wp\/v2\/product\/62919","targetHints":{"allow":["GET"]}}],"collection":[{"href":"https:\/\/mexpo.eu\/it\/wp-json\/wp\/v2\/product"}],"about":[{"href":"https:\/\/mexpo.eu\/it\/wp-json\/wp\/v2\/types\/product"}],"wp:featuredmedia":[{"embeddable":true,"href":"https:\/\/mexpo.eu\/it\/wp-json\/wp\/v2\/media\/50865"}],"wp:attachment":[{"href":"https:\/\/mexpo.eu\/it\/wp-json\/wp\/v2\/media?parent=62919"}],"wp:term":[{"taxonomy":"product_brand","embeddable":true,"href":"https:\/\/mexpo.eu\/it\/wp-json\/wp\/v2\/product_brand?post=62919"},{"taxonomy":"product_cat","embeddable":true,"href":"https:\/\/mexpo.eu\/it\/wp-json\/wp\/v2\/product_cat?post=62919"},{"taxonomy":"product_tag","embeddable":true,"href":"https:\/\/mexpo.eu\/it\/wp-json\/wp\/v2\/product_tag?post=62919"}],"curies":[{"name":"wp","href":"https:\/\/api.w.org\/{rel}","templated":true}]}}