{"id":62863,"date":"2025-02-17T13:27:37","date_gmt":"2025-02-17T13:27:37","guid":{"rendered":"https:\/\/mexpo.pl?post_type=product&#038;p=62863"},"modified":"2025-02-17T15:01:32","modified_gmt":"2025-02-17T15:01:32","slug":"radio-ricetrasmittente-wireless-full-duplex-per-la-sanita-hcl-1-fc-piu-accessori","status":"publish","type":"product","link":"https:\/\/mexpo.eu\/it\/produkt\/radio-ricetrasmittente-wireless-full-duplex-per-la-sanita-hcl-1-fc-piu-accessori\/","title":{"rendered":"Radio ricetrasmittente wireless full duplex per la sanit\u00e0 HCL-1-FC pi\u00f9 accessori"},"content":{"rendered":"<p><strong>In che modo la comunicazione radio bidirezionale pu\u00f2 essere utile all&#8217;assistenza sanitaria?<\/strong><br \/>\nDurante la crisi, le cuffie ricetrasmittenti sono diventate uno strumento ancora pi\u00f9 prezioso per la comunicazione, il coordinamento, la sicurezza e la protezione.<br \/>\nCon un&#8217;ampia gamma di sistemi intercom wireless e auricolari digitali senza necessit\u00e0 di licenza, abbiamo una soluzione per soddisfare le vostre esigenze e contribuire ad aumentare la produttivit\u00e0.<br \/>\nInoltre, siamo in grado di fornire sistemi di comunicazione con ripetitori e connettivit\u00e0 interlocale per aumentare la copertura e la potenza del segnale.<\/p>\n<p>Per gli ospedali, le sale operatorie, i reparti di isolamento e i gruppi di cura abbiamo un &#8220;set&#8221; appositamente studiato per soddisfare le tue esigenze:<br \/>\n&#8211; Okayo FreeCom intercom senza fili &#8211; 1 pz.<br \/>\n&#8211; headset RTM-3 &#8211; 1 pz.<br \/>\n&#8211; batteria ricaricabile Ni-MH AA everActive Silver Line 2000 &#8211; 2 pz.<\/p>\n<p>Gli accessori igienici si trovano nella sezione &#8220;<a href=\"https:\/\/mguide.eu\/it\/categoria-prodotto\/igiene\/\">igiene<\/a>&#8220;.<\/p>\n<p><strong>* Nota &#8211; questo prodotto non \u00e8 un set di comunicazione completo, ma solo un intercom aggiuntivo con kit di auricolari!<\/strong><\/p>\n<p>Molti trattamenti richiedono l&#8217;uso di dispositivi di protezione individuale completi.<br \/>\nMaschere, visiere e tute protettive sono attrezzature obbligatorie per il medico in sala operatoria e per il personale di laboratorio.<br \/>\nLe cuffie professionali FreeCom con laringofono facilitano notevolmente la comunicazione, migliorando la sicurezza e riducendo il disagio di tutti i membri del team.<\/p>\n<p>Okayo FreeCom \u00e8 un moderno sistema interfono a mani libere per la comunicazione bidirezionale full duplex. Il sistema \u00e8 dedicato a ospedali, cliniche, strutture mediche, laboratori e squadre mediche di emergenza. Permette di creare un sistema di comunicazione istantaneo e professionale per il personale medico e ospedaliero.<br \/>\nConsente chiamate in conferenza simultanee fino a 6 persone da un numero illimitato di utenti sullo stesso canale radio. Il sistema opera senza licenza (con crittografia di accesso) sulla frequenza radio 863 MHz ~ 865 MHz in modulazione digitale 4GFSK, che lo rende immune dalle interferenze di altri sistemi radio nelle vicinanze, ad esempio Wi-Fi, microfoni senza fili e microporte. FreeCom dispone di 7 canali di comunicazione indipendenti (tutti in grado di operare contemporaneamente nella stessa area), sui quali un numero illimitato di utenti pu\u00f2 ascoltare e partecipare alla conversazione.<\/p>\n<p>Il sistema Okayo FreeCom pu\u00f2 essere utilizzato come sistema audio bidirezionale per la formazione e le tavole rotonde sia per i partecipanti fissi che per quelli remoti. Offre la piena connettivit\u00e0 a piattaforme audio e comunicatori esterni come Zoom, Teams, fornendo ai medici una chiara comunicazione duplex in tempo reale con seminari in remoto, tra sale conferenze e luoghi simili.<\/p>\n<p>Guardate la videorecensione del sistema Okayo FreeCom registrata dal dottor Marcin Zastawnik (specialista in acustica, ProperSound) &#8211; Intercom wireless Okayo FreeCom:<br \/>\n&#8220;Invece, se qualcuno dovesse acquistare, consiglierei senza dubbio l&#8217;acquisto di questo FreeCom, perch\u00e9 \u00e8 semplicemente una soluzione interessante che funziona, che funziona. \u00c8 piccolo rispetto ad altre soluzioni professionali.\u201d<\/p>\n<p><iframe loading=\"lazy\" title=\"Interkomy bezprzewodowe Okayo FreeCom\" width=\"1170\" height=\"658\" src=\"https:\/\/www.youtube.com\/embed\/AnLdZNaQENM?feature=oembed\" frameborder=\"0\" allow=\"accelerometer; autoplay; clipboard-write; encrypted-media; gyroscope; picture-in-picture; web-share\" referrerpolicy=\"strict-origin-when-cross-origin\" allowfullscreen><\/iframe><\/p>\n<p><strong>FreeCom \u00e8 un sistema digitale bidirezionale con un&#8217;ampia gamma di applicazioni che si basa su quattro principi fondamentali:<\/strong><br \/>\n<strong>Elasticit\u00e0<\/strong> \u2013 ogni intercom pu\u00f2 essere impostato come master, sub-master o unit\u00e0 di gruppo di solo ascolto (Listen).<br \/>\n<strong>Controllo<\/strong> \u2013 funzione prioritaria dell&#8217;unit\u00e0 Master rispetto alle altre per portare ordine nella squadra.<br \/>\n<strong>Sicurezza<\/strong> \u2013 crittografia digitale dell&#8217;accesso al canale. Per le trasmissioni private, il gruppo chiuso pu\u00f2 essere criptato per evitare che persone indesiderate possano origliare le conversazioni.<br \/>\n<strong>Senza fili<\/strong> &#8211; senza stazione base, il sistema pu\u00f2 essere utilizzato sia in ambienti interni che esterni.<\/p>\n<p><strong>Vantaggi dei sistemi bidirezionali full-duplex rispetto a quelli half-duplex<\/strong><br \/>\nI vantaggi dei sistemi intercom wireless includono conversazioni pi\u00f9 rapide, chiare e naturali, funzionamento a mani libere e maggiore produttivit\u00e0. Inoltre, i citofoni con tecnologia digitale offrono spesso una qualit\u00e0 audio migliore rispetto alle radio. Le tecnologie utilizzate non sono soggette a crepitii o altre interferenze. Grazie all&#8217;audio di alta qualit\u00e0 e alla bassa latenza, i dipendenti si sentono pi\u00f9 chiaramente, pi\u00f9 velocemente e si evitano le incomprensioni.<\/p>\n<p><strong>Caratteristiche di Okayo FreeCom:<\/strong><br \/>\n\u2013 Modulazione di trasmissione digitale 4GFSK con tecnologia di riduzione del rumore<br \/>\n\u2013 Comunicazione full duplex unidirezionale o bidirezionale<br \/>\n\u2013 Scelta della crittografia dei canali per conversazioni private e sicure<br \/>\n\u2013 Ogni dispositivo pu\u00f2 essere configurato come Master, Sub-Master o Listen.<br \/>\n\u2013 Sincronizzazione dei dispositivi wireless<br \/>\n\u2013 7 canali per la banda di frequenza 863 ~ 865 MHz<br \/>\n\u2013 Nessuna restrizione sulle dimensioni del gruppo<br \/>\n\u2013 Display OLED retroilluminato ad alto contrasto<br \/>\n\u2013 Sistema completamente wireless senza stazione base o impianto<br \/>\n\u2013 Raggio di azione di oltre 100 metri in assenza di ostacoli<br \/>\n\u2013 Funzionamento per tutto il giorno con un solo set di batterie<br \/>\n\u2013 Tre funzioni del tasto di conversazione &#8211; PTB, PTT, PTM<br \/>\n\u2013 Sensibilit\u00e0 del microfono e potenza RF regolabili<br \/>\n\u2013 Presa per cuffie compatibile con gli apparecchi acustici (HAC)<br \/>\n\u2013 Presa Aux-in aggiuntiva sull&#8217;unit\u00e0<br \/>\n\u2013 Ampia gamma di accessori disponibili<\/p>\n<p><strong>Il periodo di garanzia \u00e8 di 3 anni.<\/strong><br \/>\nOffriamo assistenza tecnica completa, aggiornamenti e manutenzione del sistema anche dopo la scadenza della garanzia.<\/p>\n<p><strong>Okayo Electronics Co., Ltd<\/strong>, produttore con sede a Taiwan, \u00e8 una societ\u00e0 fondata nel 1996 da un gruppo di ingegneri con una grande passione per le comunicazioni wireless.<br \/>\nOkayo produce prodotti affidabili, durevoli e convenienti che aiutano le persone a comunicare tra loro in modo confortevole, basandosi su varie tecnologie e soluzioni wireless: infrarossi, VHF, UHF, 2,4 GHz, UHF digitale e altre. Grazie al continuo impegno nella ricerca di mercato, nella ricerca tecnologica e nel miglioramento della qualit\u00e0, Okayo sta diventando un fornitore leader di sistemi di guida turistica wireless, sistemi di audioguida, sistemi audio e microfonici wireless.<\/p>\n","protected":false},"excerpt":{"rendered":"<p>Sistema intercom radio bidirezionale, full duplex per la comunicazione di squadra del personale clinico. Radio ricetrasmittente miniaturizzata per strutture sanitarie, ospedali, paramedici.<\/p>\n","protected":false},"featured_media":50447,"template":"","meta":{"_acf_changed":false},"product_brand":[],"product_cat":[5427],"product_tag":[],"class_list":{"0":"post-62863","1":"product","2":"type-product","3":"status-publish","4":"has-post-thumbnail","6":"product_cat-sistemi-intercom-per-la-sanita","8":"first","9":"outofstock","10":"taxable","11":"shipping-taxable","12":"purchasable","13":"product-type-simple"},"acf":[],"_links":{"self":[{"href":"https:\/\/mexpo.eu\/it\/wp-json\/wp\/v2\/product\/62863","targetHints":{"allow":["GET"]}}],"collection":[{"href":"https:\/\/mexpo.eu\/it\/wp-json\/wp\/v2\/product"}],"about":[{"href":"https:\/\/mexpo.eu\/it\/wp-json\/wp\/v2\/types\/product"}],"wp:featuredmedia":[{"embeddable":true,"href":"https:\/\/mexpo.eu\/it\/wp-json\/wp\/v2\/media\/50447"}],"wp:attachment":[{"href":"https:\/\/mexpo.eu\/it\/wp-json\/wp\/v2\/media?parent=62863"}],"wp:term":[{"taxonomy":"product_brand","embeddable":true,"href":"https:\/\/mexpo.eu\/it\/wp-json\/wp\/v2\/product_brand?post=62863"},{"taxonomy":"product_cat","embeddable":true,"href":"https:\/\/mexpo.eu\/it\/wp-json\/wp\/v2\/product_cat?post=62863"},{"taxonomy":"product_tag","embeddable":true,"href":"https:\/\/mexpo.eu\/it\/wp-json\/wp\/v2\/product_tag?post=62863"}],"curies":[{"name":"wp","href":"https:\/\/api.w.org\/{rel}","templated":true}]}}