{"id":62474,"date":"2025-02-17T13:23:06","date_gmt":"2025-02-17T13:23:06","guid":{"rendered":"https:\/\/mexpo.pl?post_type=product&#038;p=62474"},"modified":"2025-02-17T14:57:45","modified_gmt":"2025-02-17T14:57:45","slug":"sistema-per-conferenze-wireless-microfono-ricevitore-multifrequenza-srx-800-bodypack-dl-8t","status":"publish","type":"product","link":"https:\/\/mexpo.eu\/it\/produkt\/sistema-per-conferenze-wireless-microfono-ricevitore-multifrequenza-srx-800-bodypack-dl-8t\/","title":{"rendered":"Sistema per conferenze wireless \/ microfono \/ ricevitore multifrequenza SRX-800 + bodypack DL-8T"},"content":{"rendered":"<p>Il periodo di garanzia \u00e8 di 3 anni.<br \/>\nOffriamo assistenza tecnica completa, aggiornamenti e manutenzione del sistema anche dopo la scadenza della garanzia.<\/p>\n<p>Il set \u00e8 composto da un piccolo ricevitore fisso a due canali e da un trasmettitore tascabile ultraleggero con microfono a cravatta.<\/p>\n<p>Okayo SRX-800 con il trasmettitore wireless DL-8 \u00e8 un ottimo ingresso nel mondo della trasmissione sonora wireless.<br \/>\nPerch\u00e9 scegliere questo sistema?<br \/>\nPerch\u00e9 SRX-800 trasmette nella banda digitale 823 MHz &#8211; 832 MHz e 863 MHz &#8211; 865 MHz, che \u00e8 ben lontana dalle bande utilizzate dai sistemi microfonici pi\u00f9 diffusi e dal Wi-Fi. In questo modo si ottiene un sistema microfonico sicuro, privo delle interferenze e dei crepitii che sono soliti affliggere i sistemi wireless UHF standard.<\/p>\n<p>Okayo offre la pi\u00f9 recente banda wireless UHF con tecnologia digitale e fornisce un suono di alta qualit\u00e0 combinato con una funzione di bassa latenza e distorsione. Allo stesso tempo, il dispositivo \u00e8 dotato di un display LCD molto chiaro con le informazioni chiave per l&#8217;utente e la funzione SYNC aiuta a selezionare facilmente un canale privo di interferenze e a sincronizzare i microfoni. Inoltre, le dimensioni ridotte delle unit\u00e0 non creano problemi nel trovare una collocazione.<\/p>\n<p>Questo sistema offre un funzionamento estremamente semplice e una selezione immediata dei canali. \u00c8 possibile utilizzare contemporaneamente fino a due set di microfoni senza dover impostare la frequenza o il canale del gruppo. Non devi preoccuparti che i microfoni interferiscano l&#8217;uno con l&#8217;altro. Inoltre, \u00e8 possibile utilizzare fino a 20 microfoni wireless (10 ricevitori) nella stessa area senza preoccuparsi di interferenze reciproche nella trasmissione del suono!<\/p>\n<p>Composizione del kit:<br \/>\n&#8211; ricevitore fisso a due canali SRX-800 con jack da 6,3 mm &#8211; cavo audio con jack da 6,3 mm e accessori per il montaggio a rack<br \/>\n&#8211; trasmettitore wireless DL-8T con cavo di ricarica USB-C e cordino<br \/>\n&#8211; Microfono da cravatta LM-50A<\/p>\n<p>Caratteristiche del ricevitore Okayo SRX-800:<br \/>\n&#8211; Modalit\u00e0 di scansione automatica e sincronizzazione del canale del ricevitore con il trasmettitore<br \/>\n&#8211; Un ricevitore supporta due microfoni<br \/>\n&#8211; due bande di frequenza UHF combinate UHF 823 MHz ~ 832 MHz i 863 MHz ~ 865 MHz &#8211; 42 canali tra cui scegliere<br \/>\n&#8211; 2 prese di uscita audio &#8211; XLR verso l&#8217;amplificatore \/ jack da 6,3 mm verso il mixer<br \/>\n&#8211; Alloggiamento in metallo da 1\/4 con due antenne<br \/>\n&#8211; display LCD retroilluminato per una facile lettura delle informazioni necessarie<br \/>\n&#8211; Indicatore di potenza del segnale<br \/>\n&#8211; indicazione dello stato della batteria dei trasmettitori<br \/>\n&#8211; ricevitore stand-alone con possibilit\u00e0 di montaggio a rack<\/p>\n<p>Caratteristiche del trasmettitore Okayo DL-8T:<br \/>\nPiccolo e molto leggero: pesa solo 55 g!<br \/>\ndue bande di frequenza UHF combinate 823 MHz ~ 832 MHz e 863 MHz ~ 865 MHz &#8211; 42 canali radio tra cui scegliere<br \/>\nBatteria ricaricabile integrata per una trasmissione stabile del segnale<br \/>\noltre 20 ore di funzionamento continuo<br \/>\n2 &#8211; 4 ore di ricarica tramite porta USB-C<br \/>\nconnettore mini jack universale da 3,5 mm<\/p>\n<p>Specifica tecnica Okayo SRX-800:<br \/>\nBanda di frequenza: 823 ~ 832 MHz &amp; 863~ 865 MHz<br \/>\nNumero di canali 42<br \/>\nModulazione dell&#8217;emissione: 4 GFSK<br \/>\nT.H.D. (rapporto di contenuto armonico): &lt;3 % SNR (rapporto segnale\/rumore) &gt;75 dB<br \/>\nLarghezza di banda: 100 ~ 8000 Hz<br \/>\nLatenza &lt;10 ms<br \/>\nUscita non bilanciata 6,3 mm: Hi (High): 1250\u00b1100 mV \/ Low: 50\u00b1100 mV<br \/>\nUscita XLR bilanciata: 650\u00b150 mV<br \/>\nPortata di trasmissione: Hi: 70+ metr\u00f3w \/ Lo: 50+ metri<br \/>\nIntervallo di temperatura di esercizio: -10\u00b0C ~ 60\u00b0C<br \/>\nDimensioni: (L x P x A): 117 x 190 x 50 mm (senza antenne)<br \/>\nPeso: 640\u00b130 g<\/p>\n<p>Specifica tecnica Okayo DL-8T:<br \/>\nBanda di frequenza: 823 ~ 832 MHz &amp; 863~ 865 MHz<br \/>\nNumero di canali 42<br \/>\nModulazione dell&#8217;emissione: 4 GFSK<br \/>\nT.H.D. per 1 kHz (rapporto di contenuto armonico): &lt;1,5 % Campionamento audio: 24 kHz Gamma dinamica: &gt;80 dB<br \/>\nLarghezza di banda: 100 ~ 10000 Hz<br \/>\nLatenza &lt;11 ms<br \/>\nPotenza di uscita del segnale: 10 mW \/ 20 mW<br \/>\nDisplay LCD: 0,66\u201d TN<br \/>\nPresa per microfono: jack 3,5 mm mono<br \/>\nTipo di connettore di ricarica: USB-C \/ 800 mA<br \/>\nAlimentazione: batteria Li-Poly 3,7 V \/ 1300 mAh<br \/>\nTempo di funzionamento: fino a 25 ore<br \/>\nPortata di trasmissione: Hi: 70+ metri \/ Lo: 50+ metri<br \/>\nIntervallo di temperatura di esercizio: -10\u00b0C ~ 60\u00b0C<br \/>\nDimensioni (L x P x A): 44 x 81 x 15 mm (senza antenna)<br \/>\nPeso: 55 g<\/p>\n","protected":false},"excerpt":{"rendered":"<p>Set con 1 trasmettitore bodypack wireless (microport) e ricevitore per produzioni teatrali e teatrali.<\/p>\n","protected":false},"featured_media":50037,"template":"","meta":{"_acf_changed":false},"product_brand":[],"product_cat":[5398],"product_tag":[],"class_list":{"0":"post-62474","1":"product","2":"type-product","3":"status-publish","4":"has-post-thumbnail","6":"product_cat-set-microfonici-wireless-set-microfonici-wireless","8":"first","9":"instock","10":"taxable","11":"shipping-taxable","12":"purchasable","13":"product-type-simple"},"acf":[],"_links":{"self":[{"href":"https:\/\/mexpo.eu\/it\/wp-json\/wp\/v2\/product\/62474","targetHints":{"allow":["GET"]}}],"collection":[{"href":"https:\/\/mexpo.eu\/it\/wp-json\/wp\/v2\/product"}],"about":[{"href":"https:\/\/mexpo.eu\/it\/wp-json\/wp\/v2\/types\/product"}],"wp:featuredmedia":[{"embeddable":true,"href":"https:\/\/mexpo.eu\/it\/wp-json\/wp\/v2\/media\/50037"}],"wp:attachment":[{"href":"https:\/\/mexpo.eu\/it\/wp-json\/wp\/v2\/media?parent=62474"}],"wp:term":[{"taxonomy":"product_brand","embeddable":true,"href":"https:\/\/mexpo.eu\/it\/wp-json\/wp\/v2\/product_brand?post=62474"},{"taxonomy":"product_cat","embeddable":true,"href":"https:\/\/mexpo.eu\/it\/wp-json\/wp\/v2\/product_cat?post=62474"},{"taxonomy":"product_tag","embeddable":true,"href":"https:\/\/mexpo.eu\/it\/wp-json\/wp\/v2\/product_tag?post=62474"}],"curies":[{"name":"wp","href":"https:\/\/api.w.org\/{rel}","templated":true}]}}