{"id":62440,"date":"2025-02-17T13:22:27","date_gmt":"2025-02-17T13:22:27","guid":{"rendered":"https:\/\/mexpo.pl?post_type=product&#038;p=62440"},"modified":"2025-02-17T14:57:19","modified_gmt":"2025-02-17T14:57:19","slug":"microfono-headset-e-bodypack-senza-filo-per-istruttore-di-fitness-aerobica-okayo-dl-8t","status":"publish","type":"product","link":"https:\/\/mexpo.eu\/it\/produkt\/microfono-headset-e-bodypack-senza-filo-per-istruttore-di-fitness-aerobica-okayo-dl-8t\/","title":{"rendered":"Microfono headset e bodypack senza filo per istruttore di fitness\/aerobica Okayo DL-8T"},"content":{"rendered":"<p>Il periodo di garanzia \u00e8 di 3 anni.<br \/>\nOffriamo assistenza tecnica completa, aggiornamenti e manutenzione del sistema anche dopo la scadenza della garanzia.<\/p>\n<p>Nota: questo prodotto non costituisce un kit di comunicazione completo, ma solo un trasmettitore aggiuntivo!<\/p>\n<p>Il microfono wireless per istruttore di aerobica\/fitness \u00e8 il trasmettitore tascabile con microfono headset pi\u00f9 piccolo e leggero, presente sul mercato.<\/p>\n<p>L&#8217;HM-55A \u00e8 un microfono professionale unidirezionale molto leggero che riduce al minimo la raccolta del rumore ambientale grazie alla speciale testina del microfono. Il microfono stesso \u00e8 dotato di un archetto da portare dietro al capo o non sopra di esso. Di conseguenza, \u00e8 molto discreto e non interferisce durante il lavoro. Allo stesso tempo, \u00e8 comodo e sicuro durante gli esercizi, gli spettacoli e le lezioni di fitness di gruppo.<\/p>\n<p>Il sistema Okayo FITNESS \u00e8 ideale per gli istruttori di aerobica di gruppo che hanno bisogno di un set di microfoni durevole che rimanga al suo posto nonostante gli esercizi ripetuti. Tutti i trasmettitori DL-8T funzionano con batterie Li-Poly di alta qualit\u00e0 che garantiscono oltre 20 ore di funzionamento con una singola carica. Con il DL-8T, avrete una libert\u00e0 wireless completa e affidabile ovunque.<\/p>\n<p>Il sistema Okayo DL-8T \u00e8 un ottimo ingresso nel mondo della trasmissione sonora wireless.<br \/>\nPerch\u00e9 scegliere questo sistema?<br \/>\nPerch\u00e9 DL-8T trasmette nella banda digitale 823 MHz &#8211; 832 MHz e 863 MHz &#8211; 865 MHz, che \u00e8 ben lontana dalle bande utilizzate dai sistemi microfonici pi\u00f9 diffusi e dal Wi-Fi. In questo modo si ottiene un sistema microfonico sicuro, privo delle interferenze e dei crepitii che sono soliti affliggere i sistemi wireless UHF standard.<\/p>\n<p>Composizione del kit:<br \/>\n&#8211; trasmettitore wireless DL-8T<br \/>\n&#8211; microfono ad archetto HM-55A, leggero e unidirezionale, per istruttori\/trainer<br \/>\n&#8211; cavo di ricarica USB-C<br \/>\n&#8211; cordino<br \/>\n&#8211; Fascia da braccio AP-1<\/p>\n<p>Caratteristiche del trasmettitore Okayo DL-8T:<br \/>\n&#8211; Piccolo e molto leggero: pesa solo 55 g!<br \/>\n&#8211; due bande di frequenza UHF combinate 823 MHz ~ 832 MHz e 863 MHz ~ 865 MHz &#8211; 42 canali radio tra cui scegliere<br \/>\n&#8211; Batteria ricaricabile integrata per una trasmissione stabile del segnale<br \/>\n&#8211; oltre 20 ore di funzionamento continuo<br \/>\n&#8211; 2 &#8211; 4 ore di ricarica tramite porta USB-C<br \/>\n&#8211; connettore mini jack universale da 3,5 mm<\/p>\n","protected":false},"excerpt":{"rendered":"<p><span style=\"font-weight: 400;\">Microfono ultraleggero con bodypack per trainer, istruttori di fitness, crossfit, aerobica. Il pi\u00f9 piccolo trasmettitore sportivo sul mercato &#8211; non ostacola i movimenti durante gli esercizi fisici. <\/span><\/p>\n","protected":false},"featured_media":49860,"template":"","meta":{"_acf_changed":false},"product_brand":[],"product_cat":[5392],"product_tag":[],"class_list":{"0":"post-62440","1":"product","2":"type-product","3":"status-publish","4":"has-post-thumbnail","6":"product_cat-sistemi-intercom-per-il-fitness-intercom-dedicati-it","8":"first","9":"instock","10":"taxable","11":"shipping-taxable","12":"purchasable","13":"product-type-simple"},"acf":[],"_links":{"self":[{"href":"https:\/\/mexpo.eu\/it\/wp-json\/wp\/v2\/product\/62440","targetHints":{"allow":["GET"]}}],"collection":[{"href":"https:\/\/mexpo.eu\/it\/wp-json\/wp\/v2\/product"}],"about":[{"href":"https:\/\/mexpo.eu\/it\/wp-json\/wp\/v2\/types\/product"}],"wp:featuredmedia":[{"embeddable":true,"href":"https:\/\/mexpo.eu\/it\/wp-json\/wp\/v2\/media\/49860"}],"wp:attachment":[{"href":"https:\/\/mexpo.eu\/it\/wp-json\/wp\/v2\/media?parent=62440"}],"wp:term":[{"taxonomy":"product_brand","embeddable":true,"href":"https:\/\/mexpo.eu\/it\/wp-json\/wp\/v2\/product_brand?post=62440"},{"taxonomy":"product_cat","embeddable":true,"href":"https:\/\/mexpo.eu\/it\/wp-json\/wp\/v2\/product_cat?post=62440"},{"taxonomy":"product_tag","embeddable":true,"href":"https:\/\/mexpo.eu\/it\/wp-json\/wp\/v2\/product_tag?post=62440"}],"curies":[{"name":"wp","href":"https:\/\/api.w.org\/{rel}","templated":true}]}}