{"id":62214,"date":"2025-02-17T13:20:04","date_gmt":"2025-02-17T13:20:04","guid":{"rendered":"https:\/\/mexpo.pl?post_type=product&#038;p=62214"},"modified":"2025-02-17T14:55:43","modified_gmt":"2025-02-17T14:55:43","slug":"sistema-per-visite-guidate-trasmettitore-okayo-otg-102","status":"publish","type":"product","link":"https:\/\/mexpo.eu\/it\/produkt\/sistema-per-visite-guidate-trasmettitore-okayo-otg-102\/","title":{"rendered":"Sistema per visite guidate &#8211; Trasmettitore Okayo OTG-102"},"content":{"rendered":"<p>Trasmettitore Tourguide digitale UHF unidirezionale. 823 MHz ~ 832 MHz + 863 MHz ~ 865 MHz, 42 canali. Trasmissione di due trasmettitori sullo stesso canale. Portata fino a 100 metri nella linea di vista. Alimentazione 2x AA. Il funzionamento del trasmettitore \u00e8 di ca. 16 ore.<\/p>\n<p><strong>Okayo OTG-102 mGuide\u24c7 (US ready), presentato nel 2022, \u00e8 di gran lunga il pi\u00f9 moderno sistema digitale per accompagnamento turistico prodotto da Okayo Electronics. Allo stesso tempo, con tutta probabilit\u00e0, \u00e8 il pi\u00f9 moderno sistema di guida turistica del settore. Il modello venduto da Mexpo ha funzioni aggiuntive ideate appositamente per i nostri clienti.<\/strong><\/p>\n<p><strong>1 set &#8211; 2 continenti<\/strong><\/p>\n<p>I ricevitori OTG-102 possono funzionare legalmente sia in Europa che negli Stati Uniti. Basta acquistare un trasmettitore supplementare nella banda americana e cambiare la gamma nei ricevitori. Non dovrai fare altro. Non c&#8217;\u00e8 bisogno di comprare kit separati per i viaggi all&#8217;estero.<\/p>\n<p><strong>Sistema semplice &#8211; possibilit\u00e0 incredibili<\/strong><\/p>\n<p>Inoltre, il sistema tourguide Okayo OTG-102 \u00e8 dotato delle seguenti capacit\u00e0:<\/p>\n<ul>\n<li>trasmissionee da due trasmettitori contemporaneamente sullo stesso canale (fino a 1 gruppo). Questo permette per esempio a una guida turistica e a un accompagnatore di comunicare con un gruppo allo stesso tempo.<\/li>\n<li>conta del gruppo \u2013 verifica del numero di ricevitori nel raggio di trasmissione del trasmettitore &#8211; in altre parole, la guida non deve nemmeno vedere tutte le persone per contare il gruppo e accertarsi che nessuno si sia perso.<\/li>\n<li>attivazione a distanza dell\u2019allarme (suono e vibrazione) \u2013 ad es. per attirare l&#8217;attenzione del gruppo o annunciare la fine di una pausa nella visita.<\/li>\n<li>allarme campo &#8211; il ricevitore informa l&#8217;utente se inizia a muoversi fuori dal campo del trasmettitore.<\/li>\n<\/ul>\n<p><strong>Pausa nell\u2019esposizione? Accendi la musica!<\/strong><\/p>\n<p>Il trasmettitore ha un&#8217;ulteriore presa jack TRS Aux-in da 3,5 mm per collegare una fonte audio aggiuntiva come uno smartphone o un lettore mp3. In questo modo, durante le pause, \u00e8 possibile trasmettere musica o una guida audio preregistrata.<\/p>\n<p><strong>Le visite con il sistema tourguide non sono mai state cos\u00ec efficienti dal punto di vista energetico&#8230;<\/strong><\/p>\n<p>I ricevitori OTG-102 hanno il tempo di funzionamento pi\u00f9 lungo della loro classe con una sola carica (oltre 40 ore) e possono funzionare con 2 o solo 1 batteria AA o ricaricabile.<\/p>\n<p><strong>Progettato universalmente<\/strong><\/p>\n<p>Il sistema OTG-102 \u00e8 stato progettato pensando alle persone con disabilit\u00e0 (PCD). Il display OLED ad alto contrasto sul trasmettitore fornisce una migliore leggibilit\u00e0 per gli ipovedenti. Un jack per cuffie con opzione HAC (Hearing-Aid-Compatible) sui ricevitori rende l\u2019auricolare collegato compatibile con un apparecchio acustico. I pulsanti dedicati permettono un uso semplice e intuitivo dei dispositivi.<\/p>\n<p>Insieme al sistema OTG-102, offriamo una vasta gamma di accessori come microfoni, cuffie, caricatori e borse e valigette da trasporto.<\/p>\n<p>Applicazione:<\/p>\n<ul>\n<li>accompagnamento di gite e gruppi turistici organizzati<\/li>\n<li>comunicazione con il gruppo in ambienti rumorosi<\/li>\n<li>formazione<\/li>\n<li>traduzioni simultanee<\/li>\n<li>conferenze e lezioni<\/li>\n<li>sessioni di allenamento sportivo<\/li>\n<\/ul>\n<p>Caratteristiche di Okayo OTG-102 mGuide\u24c7:<\/p>\n<ul>\n<li>modulazione digitale della trasmissione 4GFSK con tecnologia di riduzione del rumore di fondo<\/li>\n<li>Active Dynamic Noise Reduction e sua regolazione da parte dell&#8217;utente<\/li>\n<li>42 canali nelle bande di frequenza 823 MHz ~ 832 MHz oraz 865 MHz ~ 863 MHz plus pi\u00f9 la banda americana<\/li>\n<li>possibilit\u00e0 di trasmettere da due trasmettitori contemporaneamente sullo stesso canale<\/li>\n<li>raggio di azione di pi\u00f9 di 100 metri in assenza di ostacoli<\/li>\n<li>oltre 40 ore di funzionamento del ricevitore con una sola carica &#8211; 2x AA alcaline 1.5V \/ 2x AA Ni-MH 1.2V<\/li>\n<li>trasmettitore e ricevitore possono funzionare con una sola pila AA \/ batteria ricaricabile<\/li>\n<li>sincronizzazione automatica e accoppiamento dei ricevitori al trasmettitore e funzione di ricerca di un canale libero da interferenze<\/li>\n<li>selezione dei soli canali simultanei &#8211; opzione per interpreti e gruppi multipli nella stessa area<\/li>\n<li>3 modalit\u00e0 di gestione del gruppo: Alarm, Roll-Call, Out-of-Range Alarm<\/li>\n<li>opzione di disabilitazione rapida dei ricevitori \u2013 con lo spegnimento del trasmettitore si disabilitano immediatamente i ricevitori accoppiati<\/li>\n<li>presa Jack Aux-in stereo da 3,5 mm sul trasmettitore con opzione Audio Priority<\/li>\n<li>accessibilit\u00e0 per disabili &#8211; display OLED sul trasmettitore e HAC sui ricevitori<\/li>\n<\/ul>\n","protected":false},"excerpt":{"rendered":"<p>Trasmettitore Tourguide digitale UHF unidirezionale. 823 MHz ~ 832 MHz + 863 MHz ~ 865 MHz, 42 canali. Trasmissione di due trasmettitori sullo stesso canale. Portata fino a 100 metri nella linea di vista. Alimentazione 2x AA. Il funzionamento del trasmettitore \u00e8 di ca. 16 ore.<\/p>\n<p><img loading=\"lazy\" decoding=\"async\" class=\"wp-image-39434 alignleft\" src=\"https:\/\/mguide.eu\/wp-content\/uploads\/2022\/02\/2-transmitters-01.jpg\" alt=\"\" width=\"101\" height=\"80\" \/><\/p>\n","protected":false},"featured_media":51423,"template":"","meta":{"_acf_changed":false},"product_brand":[],"product_cat":[5209],"product_tag":[],"class_list":{"0":"post-62214","1":"product","2":"type-product","3":"status-publish","4":"has-post-thumbnail","6":"product_cat-trasmettitori-e-ricevitori","8":"first","9":"instock","10":"taxable","11":"shipping-taxable","12":"purchasable","13":"product-type-variable"},"acf":[],"_links":{"self":[{"href":"https:\/\/mexpo.eu\/it\/wp-json\/wp\/v2\/product\/62214","targetHints":{"allow":["GET"]}}],"collection":[{"href":"https:\/\/mexpo.eu\/it\/wp-json\/wp\/v2\/product"}],"about":[{"href":"https:\/\/mexpo.eu\/it\/wp-json\/wp\/v2\/types\/product"}],"wp:featuredmedia":[{"embeddable":true,"href":"https:\/\/mexpo.eu\/it\/wp-json\/wp\/v2\/media\/51423"}],"wp:attachment":[{"href":"https:\/\/mexpo.eu\/it\/wp-json\/wp\/v2\/media?parent=62214"}],"wp:term":[{"taxonomy":"product_brand","embeddable":true,"href":"https:\/\/mexpo.eu\/it\/wp-json\/wp\/v2\/product_brand?post=62214"},{"taxonomy":"product_cat","embeddable":true,"href":"https:\/\/mexpo.eu\/it\/wp-json\/wp\/v2\/product_cat?post=62214"},{"taxonomy":"product_tag","embeddable":true,"href":"https:\/\/mexpo.eu\/it\/wp-json\/wp\/v2\/product_tag?post=62214"}],"curies":[{"name":"wp","href":"https:\/\/api.w.org\/{rel}","templated":true}]}}