{"id":62193,"date":"2025-02-17T13:19:43","date_gmt":"2025-02-17T13:19:43","guid":{"rendered":"https:\/\/mexpo.pl?post_type=product&#038;p=62193"},"modified":"2025-02-17T14:55:34","modified_gmt":"2025-02-17T14:55:34","slug":"sistema-per-visite-guidate-ricevitore-okayo-wavetalk","status":"publish","type":"product","link":"https:\/\/mexpo.eu\/it\/produkt\/sistema-per-visite-guidate-ricevitore-okayo-wavetalk\/","title":{"rendered":"Sistema per visite guidate &#8211; Ricevitore Okayo WaveTalk"},"content":{"rendered":"<p>Ricevitore guida turistica UHF digitale unidirezionale. 823 MHz ~ 832 MHz + 863 MHz ~ 865 MHz, 42 canali. Portata fino a 150 metri nella linea di vista. Batteria integrata Li-Pol 3.7V 1300 mAh. Il tempo di funzionamento del ricevitore \u00e8 di ca. 30 ore.<\/p>\n<p><strong>WaveTalk \u00e8 un nuovo sistema radiomicrofonico tourguide digitale progettato per offrire agli utenti le migliori prestazioni a livello di campo, autonomia e funzionalit\u00e0 nel pi\u00f9 piccolo involucro possibile e con il minimo peso.<\/strong><\/p>\n<p><strong>Leggero come un&#8217;onda&#8230; radio<\/strong><\/p>\n<p>L&#8217;uso di una batteria integrata agli ioni di litio nei trasmettitori e ricevitori WaveTalk rende il contorno del dispositivo simile a una carta di credito e il suo peso non superiore a &#8230; 60 grammi!<\/p>\n<p>Cosa significa in pratica? Anche una persona di corporatura esile pu\u00f2 facilmente trasportare una borsa o uno zaino carico di 50 ricevitori e auricolari per un intero gruppo numeroso.<\/p>\n<p><strong>Efficiente e a risparmio energetico<\/strong><\/p>\n<p>Il tempo di funzionamento del ricevitore pu\u00f2 superare le 30 ore, mentre la ricarica richiede solo 2 ~ 4 ore in un caricatore multiplo. Inoltre, il dispositivo pu\u00f2 anche essere caricato rapidamente con un caricabatteria da telefono, un powerbank o un computer, poich\u00e9 ha una presa USB di tipo C, sempre pi\u00f9 frequente nei telefoni cellulari e negli altri dispositivi elettronici.<\/p>\n<p><strong>Funzionalit\u00e0? Senza compromessi<\/strong><\/p>\n<p>WaveTalk ha fino a 42 canali radio in modulazione di frequenza digitale 4GFSK e due bande di frequenza combinate di 823 MHz ~ 832 MHz \/ 863 MHz ~ 865 MHz. Il dispositivo \u00e8 anche dotato di una funzione di ricerca automatica del canale libero, che fornisce all&#8217;utente un sistema di trasmissione assolutamente sicuro e senza interferenze per le visite guidate.<\/p>\n<p>WaveTalk assicura la massima qualit\u00e0 del suono ricevuto e ottimizza l&#8217;esperienza di ascolto grazie ai suoi sofisticati parametri tecnici.<\/p>\n<p>La presa per gli auricolari del ricevitore \u00e8 dotata del sistema HAC (Hearing-Aid-Compatible). Ci\u00f2 significa che le cuffie collegate al ricevitore saranno compatibili con l&#8217;apparecchio acustico dell&#8217;utente.<\/p>\n<p>Il trasmettitore Okayo WaveTalk per sistema tourguide \u00e8 disponibile in 3 forme: versione compatta tradizionale, microfono wireless portatile e trasmettitore fisso.<\/p>\n<p><strong>Applicazione:<\/strong><\/p>\n<ul>\n<li>accompagnamento di gite, gruppi turistici organizzati<\/li>\n<li>comunicazione con il gruppo in ambienti rumorosi<\/li>\n<li>Interpretazione simultanea e audiodescrizione<\/li>\n<li>formazione, conferenze e lezioni<\/li>\n<li>sessioni di allenamento sportivo<\/li>\n<\/ul>\n<p><strong>Caratteristiche di Okayo WaveTalk:<\/strong><\/p>\n<ul>\n<li>modulazione digitale della trasmissione 4GFSK con tecnologia di riduzione dei rumori di fondo<\/li>\n<li>42 canali nelle bande di frequenza 823 MHz ~ 832 MHz e 865 MHz ~ 863 MHz<\/li>\n<li>dimensioni piccole e compatte e peso ridotto &#8211; meno di 60 grammi<\/li>\n<li>raggio di azione fino a 150 metri in assenza di ostacoli<\/li>\n<li>Oltre 30 ore di autonomia della batteria con sole 2 &#8211; 4 ore di ricarica<\/li>\n<li>due opzioni di ricarica disponibili: via USB-C o con un caricabatterie multiplo dedicato<\/li>\n<li>funzione di ricerca dei canali senza interferenze e cambio di canale a distanza sui ricevitori<\/li>\n<li>un solo pulsante per spegnere tutti i ricevitori &#8211; risparmio energetico<\/li>\n<\/ul>\n<p><strong>Accessori disponibili:<\/strong><\/p>\n<ul>\n<li>caricabatterie per 12 o 24 dispositivi<\/li>\n<li>trasmettitore body-pack, microfono palmare senza fili, trasmettitore fisso<\/li>\n<li>borse, zaini<\/li>\n<\/ul>\n","protected":false},"excerpt":{"rendered":"<p>Ricevitore guida turistica UHF digitale unidirezionale. 823 MHz ~ 832 MHz + 863 MHz ~ 865 MHz, 42 canali. Portata fino a 150 metri in assenza di ostacoli. Batteria integrata Li-Pol 3.7V 1300 mAh. Il tempo di funzionamento del ricevitore \u00e8 di ca. 30 ore.<\/p>\n","protected":false},"featured_media":59126,"template":"","meta":{"_acf_changed":false},"product_brand":[],"product_cat":[5209],"product_tag":[],"class_list":{"0":"post-62193","1":"product","2":"type-product","3":"status-publish","4":"has-post-thumbnail","6":"product_cat-trasmettitori-e-ricevitori","8":"first","9":"instock","10":"taxable","11":"shipping-taxable","12":"purchasable","13":"product-type-simple"},"acf":[],"_links":{"self":[{"href":"https:\/\/mexpo.eu\/it\/wp-json\/wp\/v2\/product\/62193","targetHints":{"allow":["GET"]}}],"collection":[{"href":"https:\/\/mexpo.eu\/it\/wp-json\/wp\/v2\/product"}],"about":[{"href":"https:\/\/mexpo.eu\/it\/wp-json\/wp\/v2\/types\/product"}],"wp:featuredmedia":[{"embeddable":true,"href":"https:\/\/mexpo.eu\/it\/wp-json\/wp\/v2\/media\/59126"}],"wp:attachment":[{"href":"https:\/\/mexpo.eu\/it\/wp-json\/wp\/v2\/media?parent=62193"}],"wp:term":[{"taxonomy":"product_brand","embeddable":true,"href":"https:\/\/mexpo.eu\/it\/wp-json\/wp\/v2\/product_brand?post=62193"},{"taxonomy":"product_cat","embeddable":true,"href":"https:\/\/mexpo.eu\/it\/wp-json\/wp\/v2\/product_cat?post=62193"},{"taxonomy":"product_tag","embeddable":true,"href":"https:\/\/mexpo.eu\/it\/wp-json\/wp\/v2\/product_tag?post=62193"}],"curies":[{"name":"wp","href":"https:\/\/api.w.org\/{rel}","templated":true}]}}