{"id":62060,"date":"2025-02-17T13:18:24","date_gmt":"2025-02-17T12:18:24","guid":{"rendered":"https:\/\/mexpo.pl?post_type=product&#038;p=62060"},"modified":"2025-02-17T14:54:20","modified_gmt":"2025-02-17T14:54:20","slug":"headset-kit-auricolari-microfono-he-003","status":"publish","type":"product","link":"https:\/\/mexpo.eu\/it\/produkt\/headset-kit-auricolari-microfono-he-003\/","title":{"rendered":"Headset (kit auricolari-microfono) HE-003"},"content":{"rendered":"<p>Combinazione di auricolare e microfono a sfera. Le cuffie sono comode da usare grazie alla forma della lettera D sopra l&#8217;orecchio. Grazie alla vestibilit\u00e0 comoda, \u00e8 adatto per un uso a lungo termine. L&#8217;auricolare pu\u00f2 essere indossato sul lato sinistro o destro.<\/p>\n","protected":false},"excerpt":{"rendered":"<p>Cuffie HE-003, combinazione di auricolare e microfono a sfera. Comodo da usare, per un uso a lungo termine. Per l&#8217;orecchio destro e sinistro.<\/p>\n","protected":false},"featured_media":49502,"template":"","meta":{"_acf_changed":false},"product_brand":[],"product_cat":[5212],"product_tag":[],"class_list":{"0":"post-62060","1":"product","2":"type-product","3":"status-publish","4":"has-post-thumbnail","6":"product_cat-headsets-sistemi-interfonici","8":"first","9":"instock","10":"taxable","11":"shipping-taxable","12":"purchasable","13":"product-type-simple"},"acf":[],"_links":{"self":[{"href":"https:\/\/mexpo.eu\/it\/wp-json\/wp\/v2\/product\/62060","targetHints":{"allow":["GET"]}}],"collection":[{"href":"https:\/\/mexpo.eu\/it\/wp-json\/wp\/v2\/product"}],"about":[{"href":"https:\/\/mexpo.eu\/it\/wp-json\/wp\/v2\/types\/product"}],"wp:featuredmedia":[{"embeddable":true,"href":"https:\/\/mexpo.eu\/it\/wp-json\/wp\/v2\/media\/49502"}],"wp:attachment":[{"href":"https:\/\/mexpo.eu\/it\/wp-json\/wp\/v2\/media?parent=62060"}],"wp:term":[{"taxonomy":"product_brand","embeddable":true,"href":"https:\/\/mexpo.eu\/it\/wp-json\/wp\/v2\/product_brand?post=62060"},{"taxonomy":"product_cat","embeddable":true,"href":"https:\/\/mexpo.eu\/it\/wp-json\/wp\/v2\/product_cat?post=62060"},{"taxonomy":"product_tag","embeddable":true,"href":"https:\/\/mexpo.eu\/it\/wp-json\/wp\/v2\/product_tag?post=62060"}],"curies":[{"name":"wp","href":"https:\/\/api.w.org\/{rel}","templated":true}]}}