{"id":61960,"date":"2025-02-17T13:17:25","date_gmt":"2025-02-17T13:17:25","guid":{"rendered":"https:\/\/mexpo.pl?post_type=product&#038;p=61960"},"modified":"2025-02-17T14:53:23","modified_gmt":"2025-02-17T14:53:23","slug":"microfono-palmare-wireless-ej-501tg-40ch","status":"publish","type":"product","link":"https:\/\/mexpo.eu\/it\/produkt\/microfono-palmare-wireless-ej-501tg-40ch\/","title":{"rendered":"Microfono palmare wireless EJ-501TG-40CH"},"content":{"rendered":"<p>L&#8217;EJ-501TG-40CH \u00e8 un trasmettitore wireless sotto forma di microfono portatile per la trasmissione vocale per un gruppo di destinatari con ricevitori Okayo WT-300R. Con questo trasmettitore, una riunione\/conferenza organizzata o un tour di gruppo diventa pi\u00f9 interattivo poich\u00e9 il microfono pu\u00f2 essere passato liberamente ad altre persone. Il microfono \u00e8 stato progettato per essere il pi\u00f9 comodo possibile da usare, quindi il suo peso con le batterie \u00e8 di soli 140g!<\/p>\n<p>Applicazione:<br \/>\n&#8211; tour di gruppo interattivi<br \/>\n&#8211; conferenze \/ corsi di formazione<br \/>\n&#8211; traduzioni simultanee<br \/>\n&#8211; descrizione audio dal vivo<br \/>\n&#8211; eventi \/ fiere<\/p>\n<p>Caratteristiche del microfono wireless EJ-501TG-40CH:<br \/>\n&#8211; fino a 40 canali disponibili nella banda 863 MHz ~ 865 MHz<br \/>\n&#8211; capsula capacitiva incorporata fissata con una rete a rete<br \/>\n&#8211; display LCD<br \/>\n&#8211; alimentato da batterie alcaline o batterie Ni-MH (disponibile caricatore da tavolo dedicato)<br \/>\n&#8211; 2 modalit\u00e0 microfono disponibili (Push-To-Bolt e Push-To-Talk)<br \/>\n&#8211; estremamente leggero e comodo da usare<\/p>\n","protected":false},"excerpt":{"rendered":"<p>Trasmettitore portatile leggero e confortevole per il sistema Okayo WT-300.<\/p>\n","protected":false},"featured_media":49302,"template":"","meta":{"_acf_changed":false},"product_brand":[],"product_cat":[5339],"product_tag":[],"class_list":{"0":"post-61960","1":"product","2":"type-product","3":"status-publish","4":"has-post-thumbnail","6":"product_cat-modelli-da-prenotare","8":"first","9":"instock","10":"taxable","11":"shipping-taxable","12":"purchasable","13":"product-type-simple"},"acf":[],"_links":{"self":[{"href":"https:\/\/mexpo.eu\/it\/wp-json\/wp\/v2\/product\/61960","targetHints":{"allow":["GET"]}}],"collection":[{"href":"https:\/\/mexpo.eu\/it\/wp-json\/wp\/v2\/product"}],"about":[{"href":"https:\/\/mexpo.eu\/it\/wp-json\/wp\/v2\/types\/product"}],"wp:featuredmedia":[{"embeddable":true,"href":"https:\/\/mexpo.eu\/it\/wp-json\/wp\/v2\/media\/49302"}],"wp:attachment":[{"href":"https:\/\/mexpo.eu\/it\/wp-json\/wp\/v2\/media?parent=61960"}],"wp:term":[{"taxonomy":"product_brand","embeddable":true,"href":"https:\/\/mexpo.eu\/it\/wp-json\/wp\/v2\/product_brand?post=61960"},{"taxonomy":"product_cat","embeddable":true,"href":"https:\/\/mexpo.eu\/it\/wp-json\/wp\/v2\/product_cat?post=61960"},{"taxonomy":"product_tag","embeddable":true,"href":"https:\/\/mexpo.eu\/it\/wp-json\/wp\/v2\/product_tag?post=61960"}],"curies":[{"name":"wp","href":"https:\/\/api.w.org\/{rel}","templated":true}]}}