{"id":61776,"date":"2025-02-17T13:15:21","date_gmt":"2025-02-17T13:15:21","guid":{"rendered":"https:\/\/mexpo.pl?post_type=product&#038;p=61776"},"modified":"2025-02-17T14:52:23","modified_gmt":"2025-02-17T14:52:23","slug":"auricolari-monouso-sj-4d","status":"publish","type":"product","link":"https:\/\/mexpo.eu\/it\/produkt\/auricolari-monouso-sj-4d\/","title":{"rendered":"Auricolari monouso SJ-4D"},"content":{"rendered":"<p>Auricolari monouso SJ-4D per 2 orecchie. Confezionati singolarmente in buste sigillate. Sono caratterizzati da una buona qualit\u00e0 di ascolto.<br \/>\nLe cuffie SJ-4D sono solo \u201cconvenzionalmente\u201d usa e getta, in quanto la loro durata \u00e8 prevista per un periodo di tempo pi\u00f9 breve rispetto a cuffie costose, ma ci\u00f2 non significa che siano di qualit\u00e0 insufficiente.<\/p>\n<p>Gli auricolari monouso sono la soluzione pi\u00f9 igienica per la manutenzione di un gran numero di utenti, inoltre facilitano la logistica di assistenza a grandi gruppi di escursioni.<br \/>\nOgni paio di cuffie \u00e8 confezionato in un sacchetto di alluminio sigillato, che garantisce il primo utilizzo. Grazie a questa forma di imballaggio, non \u00e8 necessario disinfettare le cuffie prima dell&#8217;uso.<\/p>\n<p>Le cuffie SJ-4D sono universali e funzionano con i modelli mGuide Pellegrino, ma anche con la maggior parte degli altri modelli disponibili di aziende come Okayo o Linkx. Dopo il viaggio o la visita della struttura, le cuffie possono essere utilizzate anche con altri dispositivi dotati di presa jack, come un telefono o un computer.<\/p>\n","protected":false},"excerpt":{"rendered":"<p>Auricolari monouso SJ-4D per 2 orecchie. Confezionati singolarmente in buste sigillate. Sono caratterizzati da una buona qualit\u00e0 di ascolto.<br \/>\nLe cuffie SJ-4D sono solo \u201cconvenzionalmente\u201d usa e getta, in quanto la loro durata \u00e8 prevista per un periodo di tempo pi\u00f9 breve rispetto a cuffie costose, ma ci\u00f2 non significa che siano di qualit\u00e0 insufficiente.<\/p>\n","protected":false},"featured_media":49111,"template":"","meta":{"_acf_changed":false},"product_brand":[],"product_cat":[5218,5223],"product_tag":[],"class_list":{"0":"post-61776","1":"product","2":"type-product","3":"status-publish","4":"has-post-thumbnail","6":"product_cat-auricolari","7":"product_cat-auricolari-igienici-auricolari-monouso","9":"first","10":"outofstock","11":"taxable","12":"shipping-taxable","13":"purchasable","14":"product-type-variable"},"acf":[],"_links":{"self":[{"href":"https:\/\/mexpo.eu\/it\/wp-json\/wp\/v2\/product\/61776","targetHints":{"allow":["GET"]}}],"collection":[{"href":"https:\/\/mexpo.eu\/it\/wp-json\/wp\/v2\/product"}],"about":[{"href":"https:\/\/mexpo.eu\/it\/wp-json\/wp\/v2\/types\/product"}],"wp:featuredmedia":[{"embeddable":true,"href":"https:\/\/mexpo.eu\/it\/wp-json\/wp\/v2\/media\/49111"}],"wp:attachment":[{"href":"https:\/\/mexpo.eu\/it\/wp-json\/wp\/v2\/media?parent=61776"}],"wp:term":[{"taxonomy":"product_brand","embeddable":true,"href":"https:\/\/mexpo.eu\/it\/wp-json\/wp\/v2\/product_brand?post=61776"},{"taxonomy":"product_cat","embeddable":true,"href":"https:\/\/mexpo.eu\/it\/wp-json\/wp\/v2\/product_cat?post=61776"},{"taxonomy":"product_tag","embeddable":true,"href":"https:\/\/mexpo.eu\/it\/wp-json\/wp\/v2\/product_tag?post=61776"}],"curies":[{"name":"wp","href":"https:\/\/api.w.org\/{rel}","templated":true}]}}