{"id":61768,"date":"2025-02-17T13:15:20","date_gmt":"2025-02-17T13:15:20","guid":{"rendered":"https:\/\/mexpo.pl?post_type=product&#038;p=61768"},"modified":"2025-02-17T14:52:16","modified_gmt":"2025-02-17T14:52:16","slug":"microfono-lavalier-con-auricolare-emc-100","status":"publish","type":"product","link":"https:\/\/mexpo.eu\/it\/produkt\/microfono-lavalier-con-auricolare-emc-100\/","title":{"rendered":"Microfono lavalier con auricolare EMC-100"},"content":{"rendered":"<p>L&#8217;EMC-100 \u00e8 un set composto da un microfono lavalier con una clip per abiti e un auricolare in-ear su un ciondolo in plastica. \u00c8 caratterizzato da dimensioni e peso ridotti, impercettibili per l&#8217;utente. Un auricolare in-ear con la possibilit\u00e0 di sostituire il cappuccio in gomma garantisce una ricezione stabile della trasmissione.<\/p>\n","protected":false},"excerpt":{"rendered":"<p>EMC-100, microfono lavalier con clip per abiti + cuffie intrauricolari su pendente in plastica. \u00c8 caratterizzato da dimensioni e peso ridotti. Possibilit\u00e0 di sostituire la copertura in gomma. Garantisce una ricezione della trasmissione stabile.<\/p>\n","protected":false},"featured_media":49101,"template":"","meta":{"_acf_changed":false},"product_brand":[],"product_cat":[5212],"product_tag":[],"class_list":{"0":"post-61768","1":"product","2":"type-product","3":"status-publish","4":"has-post-thumbnail","6":"product_cat-headsets-sistemi-interfonici","8":"first","9":"instock","10":"taxable","11":"shipping-taxable","12":"purchasable","13":"product-type-simple"},"acf":[],"_links":{"self":[{"href":"https:\/\/mexpo.eu\/it\/wp-json\/wp\/v2\/product\/61768","targetHints":{"allow":["GET"]}}],"collection":[{"href":"https:\/\/mexpo.eu\/it\/wp-json\/wp\/v2\/product"}],"about":[{"href":"https:\/\/mexpo.eu\/it\/wp-json\/wp\/v2\/types\/product"}],"wp:featuredmedia":[{"embeddable":true,"href":"https:\/\/mexpo.eu\/it\/wp-json\/wp\/v2\/media\/49101"}],"wp:attachment":[{"href":"https:\/\/mexpo.eu\/it\/wp-json\/wp\/v2\/media?parent=61768"}],"wp:term":[{"taxonomy":"product_brand","embeddable":true,"href":"https:\/\/mexpo.eu\/it\/wp-json\/wp\/v2\/product_brand?post=61768"},{"taxonomy":"product_cat","embeddable":true,"href":"https:\/\/mexpo.eu\/it\/wp-json\/wp\/v2\/product_cat?post=61768"},{"taxonomy":"product_tag","embeddable":true,"href":"https:\/\/mexpo.eu\/it\/wp-json\/wp\/v2\/product_tag?post=61768"}],"curies":[{"name":"wp","href":"https:\/\/api.w.org\/{rel}","templated":true}]}}