{"id":61751,"date":"2025-02-17T13:15:18","date_gmt":"2025-02-17T13:15:18","guid":{"rendered":"https:\/\/mexpo.pl?post_type=product&#038;p=61751"},"modified":"2025-02-17T14:52:06","modified_gmt":"2025-02-17T14:52:06","slug":"okayo-freecom-interfono-wireless-full-duplex-per-lavoro-industria-o-istruzione","status":"publish","type":"product","link":"https:\/\/mexpo.eu\/it\/produkt\/okayo-freecom-interfono-wireless-full-duplex-per-lavoro-industria-o-istruzione\/","title":{"rendered":"Okayo FreeCom &#8211; Interfono wireless full duplex per lavoro, industria o istruzione"},"content":{"rendered":"<p>Okayo FreeCom \u00e8 una scelta ideale per chi necessita di una comunicazione sicura, affidabile, senza filo e senza uso delle mani, in modalit\u00e0 full duplex. I dispositivi di trasmissione e ricezione, leggeri, compatti e privi di cavi, permettono di parlare a sei utenti nello stesso tempo, con un numero di ascoltatori illimitato, mantenendo un suono cristallino. FreeCom \u00e8 un sistema bidirezionale digitale con una vasta gamma di applicazioni, basato su quattro presupposti di base:<\/p>\n<p>Elasticit\u00e0 \u2013 ogni dispositivo pu\u00f2 essere impostato come unit\u00e0 principale (Master), secondaria (Sub-Master) o solo per ascolto (Listen).<br \/>\nControllo &#8211; funzione di priorit\u00e0 dell&#8217;unit\u00e0 Master sulle rimanenti unit\u00e0, al fine di mantenere l\u2019ordine del gruppo.<br \/>\nSicurezza \u2013 crittografia del canale di comunicazione del gruppo. In caso di trasmissioni private, il gruppo chiuso pu\u00f2 essere cifrato, al fine di impedire l\u2019ascolto da parte di orecchie indesiderate.<br \/>\nSenza filo \u2013 privo di stazione base, il sistema pu\u00f2 essere usato sia al chiuso che all&#8217;aperto.<\/p>\n<p>Okayo FreeCom permette l&#8217;attivit\u00e0 contemporanea, senza interferenze, di pi\u00f9 gruppi indipendenti. La sua struttura universale permette di configurare qualsiasi FreeCom come unit\u00e0 Master, Sub-Master o Listen. Non vi sono differenze tra trasmettitori e ricevitori.<\/p>\n<p>FreeCom pu\u00f2 anche fungere da sistema radiomicrofonico tourguide con unit\u00e0 Master e gruppo di ascoltatori in modalit\u00e0 Listen.<\/p>\n<p>Per i set FreeCom \u00e8 disponibile anche una vasta gamma di kit di auricolari utilizzabili in ogni ambiente &#8211; dalle gite in citt\u00e0 alla visita di stabilimenti industriali.<\/p>\n<p>Caratteristiche di Okayo FreeCom:<br \/>\n&#8211; Modulazione digitale della trasmissione 4GFSK con tecnologia di riduzione dei rumori di fondo<br \/>\n&#8211; Comunicazione monodirezionale o bidirezionale in full duplex<br \/>\n&#8211; Possibilit\u00e0 di crittografia del canale per conversazioni private e sicure<br \/>\n&#8211; Ogni dispositivo pu\u00f2 essere configurato come Master, Sub-Master o Listen<br \/>\n&#8211; Sincronizzazione wireless dei dispositivi<br \/>\n&#8211; 7 canali per la banda di frequenza 863 ~ 865 MHz<br \/>\n&#8211; Nessun limite di grandezza del gruppo<br \/>\n&#8211; Display OLED retroilluminato ad alto contrasto<br \/>\n&#8211; Sistema interamente wireless, senza stazione di base e senza impianto<br \/>\n&#8211; Raggio di azione fino a 100 metri (campo visivo libero)<br \/>\n&#8211; Funzionamento per tutto il giorno con un set di batterie<br \/>\n&#8211; Tre funzioni del tasto di conversazione &#8211; PTB, PTT, PTM<br \/>\n&#8211; Sensibilit\u00e0 del microfono e potenza RF regolabili<br \/>\n&#8211; Presa degli auricolari compatibili con gli apparecchi acustici (HAC)<br \/>\n&#8211; Presa Aux-in aggiuntiva nel dispositivo<br \/>\n&#8211; Ampia gamma di accessori disponibile<\/p>\n<p>Applicazione:<br \/>\n&#8211; Accompagnamento\/ comunicazione in ambiente rumoroso (industria)<br \/>\n&#8211; Comunicazione in piccoli gruppi (ad es. realizzazione audio)<br \/>\n&#8211; Servizio di alberghi, ristoranti, imbarcazioni, musei, attrazioni turistiche<br \/>\n&#8211; Sport, allenamenti, arbitraggio, eventi sportivi<br \/>\n&#8211; Sistema bidirezionale tourguide<\/p>\n","protected":false},"excerpt":{"rendered":"<p>Okayo FreeCom \u00e8 la scelta ideale quando \u00e8 richiesta una comunicazione wireless sicura e affidabile a mani libere in modalit\u00e0 full duplex.I ricetrasmettitori wireless leggeri e compatti consentono a un massimo di sei utenti di parlare simultaneamente con un numero illimitato di utenti in ascolto all\u2019interno del<br \/>\ngruppo, con un suono cristallino.<\/p>\n","protected":false},"featured_media":49059,"template":"","meta":{"_acf_changed":false},"product_brand":[],"product_cat":[5269,5211],"product_tag":[],"class_list":{"0":"post-61751","1":"product","2":"type-product","3":"status-publish","4":"has-post-thumbnail","6":"product_cat-sistemi-intercom-wireless","7":"product_cat-sistemi-interfonici","9":"first","10":"instock","11":"taxable","12":"shipping-taxable","13":"purchasable","14":"product-type-simple"},"acf":[],"_links":{"self":[{"href":"https:\/\/mexpo.eu\/it\/wp-json\/wp\/v2\/product\/61751","targetHints":{"allow":["GET"]}}],"collection":[{"href":"https:\/\/mexpo.eu\/it\/wp-json\/wp\/v2\/product"}],"about":[{"href":"https:\/\/mexpo.eu\/it\/wp-json\/wp\/v2\/types\/product"}],"wp:featuredmedia":[{"embeddable":true,"href":"https:\/\/mexpo.eu\/it\/wp-json\/wp\/v2\/media\/49059"}],"wp:attachment":[{"href":"https:\/\/mexpo.eu\/it\/wp-json\/wp\/v2\/media?parent=61751"}],"wp:term":[{"taxonomy":"product_brand","embeddable":true,"href":"https:\/\/mexpo.eu\/it\/wp-json\/wp\/v2\/product_brand?post=61751"},{"taxonomy":"product_cat","embeddable":true,"href":"https:\/\/mexpo.eu\/it\/wp-json\/wp\/v2\/product_cat?post=61751"},{"taxonomy":"product_tag","embeddable":true,"href":"https:\/\/mexpo.eu\/it\/wp-json\/wp\/v2\/product_tag?post=61751"}],"curies":[{"name":"wp","href":"https:\/\/api.w.org\/{rel}","templated":true}]}}