{"id":61744,"date":"2025-02-17T13:13:18","date_gmt":"2025-02-17T13:13:18","guid":{"rendered":"https:\/\/mexpo.pl?post_type=product&#038;p=61744"},"modified":"2025-02-17T14:50:33","modified_gmt":"2025-02-17T14:50:33","slug":"accumulatore-panasonic-eneloop-aa-r6-2000-mah","status":"publish","type":"product","link":"https:\/\/mexpo.eu\/it\/produkt\/accumulatore-panasonic-eneloop-aa-r6-2000-mah\/","title":{"rendered":"Accumulatore Panasonic Eneloop AA (R6) 2000 mAh"},"content":{"rendered":"","protected":false},"excerpt":{"rendered":"<p>Eneloop \u00e8 una batteria a lunga durata, precaricata. Risparmia energia e denaro. Ora pu\u00f2 essere caricato e scaricato fino a 2.100 volte. Batteria al nichel-metallo idruro, capacit\u00e0 tipica: 2000 mAh.<\/p>\n","protected":false},"featured_media":48831,"template":"","meta":{"_acf_changed":false},"product_brand":[],"product_cat":[5986,5936],"product_tag":[],"class_list":{"0":"post-61744","1":"product","2":"type-product","3":"status-publish","4":"has-post-thumbnail","6":"product_cat-pile-monouso-e-pile-ricaricabili-it","7":"product_cat-pile-monouso-e-pile-ricaricabili","9":"first","10":"instock","11":"taxable","12":"shipping-taxable","13":"purchasable","14":"product-type-variable"},"acf":[],"_links":{"self":[{"href":"https:\/\/mexpo.eu\/it\/wp-json\/wp\/v2\/product\/61744","targetHints":{"allow":["GET"]}}],"collection":[{"href":"https:\/\/mexpo.eu\/it\/wp-json\/wp\/v2\/product"}],"about":[{"href":"https:\/\/mexpo.eu\/it\/wp-json\/wp\/v2\/types\/product"}],"wp:featuredmedia":[{"embeddable":true,"href":"https:\/\/mexpo.eu\/it\/wp-json\/wp\/v2\/media\/48831"}],"wp:attachment":[{"href":"https:\/\/mexpo.eu\/it\/wp-json\/wp\/v2\/media?parent=61744"}],"wp:term":[{"taxonomy":"product_brand","embeddable":true,"href":"https:\/\/mexpo.eu\/it\/wp-json\/wp\/v2\/product_brand?post=61744"},{"taxonomy":"product_cat","embeddable":true,"href":"https:\/\/mexpo.eu\/it\/wp-json\/wp\/v2\/product_cat?post=61744"},{"taxonomy":"product_tag","embeddable":true,"href":"https:\/\/mexpo.eu\/it\/wp-json\/wp\/v2\/product_tag?post=61744"}],"curies":[{"name":"wp","href":"https:\/\/api.w.org\/{rel}","templated":true}]}}