{"id":61647,"date":"2025-02-17T13:13:58","date_gmt":"2025-02-17T13:13:58","guid":{"rendered":"https:\/\/mexpo.pl?post_type=product&#038;p=61647"},"modified":"2025-08-22T10:51:26","modified_gmt":"2025-08-22T10:51:26","slug":"sistema-per-visite-guidate-trasmettitore-okayo-wt-300d","status":"publish","type":"product","link":"https:\/\/mexpo.eu\/it\/produkt\/sistema-per-visite-guidate-trasmettitore-okayo-wt-300d\/","title":{"rendered":"Sistema per visite guidate &#8211; Trasmettitore Okayo WT-300D"},"content":{"rendered":"<p><strong>Il modello digitale WT-300D (ricevitori viola, trasmettitori turchesi) non \u00e8 compatibile con le vecchie generazioni analogiche di questo modello (ricevitori rossi, trasmettitori blu). La mancanza di compatibilit\u00e0 non \u00e8 motivo di reclamo o restituzione della merce.<\/strong><\/p>\n<p>Il modello Okayo WT-300 non pu\u00f2 che essere definito iconico. I ricevitori rossi accompagnano guide e turisti in tutta Europa da oltre 10 anni. Hanno conquistato molti utenti entusiasti grazie ai loro eccellenti parametri, come il raggio di azione, l\u2019autonomia di funzionamento, l&#8217;involucro robusto e il funzionamento semplice.<\/p>\n<p><strong>Tutte le cose belle finiscono&#8230;. per fare spazio a cose ancora migliori!<\/strong><\/p>\n<p>La nuova generazione digitale: il modello Okayo WT-300D (digitale).<\/p>\n<p>Grazie al passaggio alla trasmissione digitale, possiamo offrire non solo un prezzo pi\u00f9 vantaggioso rispetto alle vecchie versioni analogiche (i componenti per i sistemi analogici non vengono pi\u00f9 prodotti e quindi i loro prezzi aumentano), ma soprattutto una nuova funzione, finora irraggiungibile, di <strong>cambio canale a distanza nei ricevitori<\/strong>. Inoltre, i ricevitori Okayo WT-300 D sono <strong>dotati di un sistema HAC (Hearing Aid Compatible)<\/strong>, che li rende compatibili con gli apparecchi acustici.<\/p>\n<p><strong>Meno significa di pi\u00f9.<\/strong><\/p>\n<p>Okayo WT-300D ha 25 canali&#8230; Tuttavia, si tratta di un numero solo apparentemente inferiore rispetto alla vecchia generazione.<\/p>\n<p>Il nuovo Okayo WT-300 digitale ha pi\u00f9 canali disponibili per l&#8217;uso simultaneo rispetto al suo predecessore analogico. Ben 25 gruppi possono essere guidati contemporaneamente su canali separati nella stessa area limitata (fino a 10 nel modello analogico). Ci\u00f2 significa che la probabilit\u00e0 di interferenze da parte di altri gruppi con lo stesso modello in siti turistici popolari \u00e8 ancora pi\u00f9 bassa.<\/p>\n<p><strong>Modello nuovo &#8211; vantaggi di sempre.<\/strong><\/p>\n<p>Okayo WT-300D ha i vantaggi noti: una buona autonomia e un tempo di funzionamento ancora pi\u00f9 lungo rispetto al fratello maggiore analogico. Con una sola carica\/cambio di batteria, il ricevitore funziona per oltre 35 ore, 10 ore in pi\u00f9.<\/p>\n<p>L&#8217;involucro del WT-300D non \u00e8 cambiato, tranne che per il &#8230; colore. Si tratta sempre del collaudato materiale ABS resistente non solo alle crepe ma anche ai piccoli graffi, ma questa volta si distingue per il suo colore diverso e originale.<\/p>\n<p>Il trasmettitore \u00e8 dotato di un microfono incorporato, nel caso in cui il microfono esterno preferito come l&#8217;LM-90 o l&#8217;HM-65 venga smarrito da qualche parte.<\/p>\n<p><strong>Tutti gli accessori esistenti, compresi i caricatori Okayo HDC-300, sono compatibili con il nuovo modello Okayo WT-300D.<\/strong><\/p>\n<p><strong>Garanzia &#8211; 3 anni.<\/strong><\/p>\n<div id=\"gtx-trans\" style=\"position: absolute; left: -109px; top: 1022px;\">\n<div class=\"gtx-trans-icon\"><\/div>\n<\/div>\n","protected":false},"excerpt":{"rendered":"<p>Okayo WT-300D &#8211; un nuovo sistema di guida turistica digitale di Okayo Electronics. Una versione digitale contemporanea della leggendaria soluzione per accompagnamento con nuove funzioni pratiche.<\/p>\n<div id=\"gtx-trans\" style=\"position: absolute; left: -450px; top: -10px;\">\n<div class=\"gtx-trans-icon\"><\/div>\n<\/div>\n","protected":false},"featured_media":48885,"template":"","meta":{"_acf_changed":false},"product_brand":[],"product_cat":[5209],"product_tag":[],"class_list":{"0":"post-61647","1":"product","2":"type-product","3":"status-publish","4":"has-post-thumbnail","6":"product_cat-trasmettitori-e-ricevitori","8":"first","9":"instock","10":"taxable","11":"shipping-taxable","12":"purchasable","13":"product-type-simple"},"acf":[],"_links":{"self":[{"href":"https:\/\/mexpo.eu\/it\/wp-json\/wp\/v2\/product\/61647","targetHints":{"allow":["GET"]}}],"collection":[{"href":"https:\/\/mexpo.eu\/it\/wp-json\/wp\/v2\/product"}],"about":[{"href":"https:\/\/mexpo.eu\/it\/wp-json\/wp\/v2\/types\/product"}],"wp:featuredmedia":[{"embeddable":true,"href":"https:\/\/mexpo.eu\/it\/wp-json\/wp\/v2\/media\/48885"}],"wp:attachment":[{"href":"https:\/\/mexpo.eu\/it\/wp-json\/wp\/v2\/media?parent=61647"}],"wp:term":[{"taxonomy":"product_brand","embeddable":true,"href":"https:\/\/mexpo.eu\/it\/wp-json\/wp\/v2\/product_brand?post=61647"},{"taxonomy":"product_cat","embeddable":true,"href":"https:\/\/mexpo.eu\/it\/wp-json\/wp\/v2\/product_cat?post=61647"},{"taxonomy":"product_tag","embeddable":true,"href":"https:\/\/mexpo.eu\/it\/wp-json\/wp\/v2\/product_tag?post=61647"}],"curies":[{"name":"wp","href":"https:\/\/api.w.org\/{rel}","templated":true}]}}