{"id":61582,"date":"2025-02-17T13:13:21","date_gmt":"2025-02-17T13:13:21","guid":{"rendered":"https:\/\/mexpo.pl?post_type=product&#038;p=61582"},"modified":"2026-04-24T13:20:10","modified_gmt":"2026-04-24T11:20:10","slug":"laccio-lavabile-in-lavatrice-sdp","status":"publish","type":"product","link":"https:\/\/mexpo.eu\/it\/produkt\/laccio-lavabile-in-lavatrice-sdp\/","title":{"rendered":"Laccio igienici"},"content":{"rendered":"<p>Il cordino igienico fa parte del nostro&nbsp;<b>sistema di cordino brevettato<\/b>, composto da un&nbsp;<b>anello in cotone<\/b>&nbsp;e un&nbsp;<b>moschettone<\/b>. L\u2019elemento principale del sistema \u00e8 il cordino igienico sotto forma di&nbsp;<b>anello in cotone<\/b>. Grazie all\u2019uso del cotone, il cordino \u00e8&nbsp;<b>comodo<\/b>&nbsp;e pi\u00f9 piacevole da usare. Il cordino igienico pu\u00f2 essere&nbsp;<b>lavato<\/b>, il che ne facilita la pulizia. In alternativa, l\u2019anello pu\u00f2 essere facilmente&nbsp;<b>staccato dalla clip e gettato<\/b>, mantenendo il moschettone per il riutilizzo con un nuovo anello.<\/p>\n<p><strong>Perch\u00e9 scegliere il cordino igienico?<\/strong><\/p>\n<ul>\n<li><b>Comfort di utilizzo per tutto il giorno:<\/b>&nbsp;La costruzione in cotone del cordino offre un comfort di indossamento significativamente maggiore rispetto ai cordini in poliestere. Il cotone \u00e8 pi\u00f9 morbido e traspirante, il che si traduce in un maggiore comfort durante le escursioni di pi\u00f9 ore.<\/li>\n<li><b>Igiene e facilit\u00e0 di manutenzione:<\/b>&nbsp;La possibilit\u00e0 di lavare l\u2019anello in cotone \u00e8 un grande vantaggio nel settore turistico. I cordini sono esposti a sudore, polvere e altre impurit\u00e0 durante l\u2019uso intensivo in diverse condizioni. Il lavaggio regolare garantisce un elevato livello di igiene, il che \u00e8 importante sia per l\u2019immagine della guida che per il comfort del turista.<\/li>\n<li><b>Sostituzione rapida in caso di necessit\u00e0:<\/b>&nbsp;L\u2019esclusivo sistema di sgancio dell\u2019anello consente una rapida sostituzione del cordino. In caso di forte sporco, danni o semplicemente la necessit\u00e0 di passare rapidamente a un cordino fresco, il vecchio anello pu\u00f2 essere facilmente staccato e sostituito con uno nuovo, senza la necessit\u00e0 di smontare l\u2019intera clip dal dispositivo tourguide. Ci\u00f2 consente di risparmiare tempo ed \u00e8 pratico in un ambiente di lavoro dinamico.<\/li>\n<li><b>Economicit\u00e0 e sviluppo sostenibile:<\/b>&nbsp;Grazie alla possibilit\u00e0 di sostituire solo l\u2019anello in cotone, le guide non devono acquistare un intero set di cordini ogni volta che l\u2019anello si usura. \u00c8 sufficiente acquistare solo gli anelli, il che \u00e8 pi\u00f9 economico ed ecologico, riducendo la quantit\u00e0 di rifiuti generati. Ci\u00f2 \u00e8 anche in linea con lo spirito dello sviluppo sostenibile, il che pu\u00f2 essere un vantaggio per le aziende turistiche.<\/li>\n<li><b>Aspetto professionale:<\/b>&nbsp;Un cordino pulito e ben curato \u00e8 un elemento dell\u2019immagine professionale di una guida. Il sistema di facile lavaggio e sostituzione dell\u2019anello consente di presentarsi sempre in modo impeccabile, il che influenza la percezione da parte dei turisti e costruisce fiducia.<\/li>\n<\/ul>\n","protected":false},"excerpt":{"rendered":"<p>Il cordino per dispositivi tourguide sotto forma di anello in cotone, da utilizzare con la clip \u201cZK\u201d (da acquistare separatamente). L\u2019anello \u00e8 disponibile in colore giallo ed \u00e8 realizzato in cotone naturale e morbido. Non contiene elementi in plastica, quindi pu\u00f2 essere lavato, il che ne facilita la pulizia. Confezioni disponibili: 50 pezzi e 1000 pezzi.<\/p>\n","protected":false},"featured_media":48843,"template":"","meta":{"_acf_changed":false},"product_brand":[],"product_cat":[5220,5226],"product_tag":[],"class_list":{"0":"post-61582","1":"product","2":"type-product","3":"status-publish","4":"has-post-thumbnail","6":"product_cat-igiene","7":"product_cat-lacci","9":"first","10":"instock","11":"taxable","12":"shipping-taxable","13":"purchasable","14":"product-type-variable"},"acf":[],"_links":{"self":[{"href":"https:\/\/mexpo.eu\/it\/wp-json\/wp\/v2\/product\/61582","targetHints":{"allow":["GET"]}}],"collection":[{"href":"https:\/\/mexpo.eu\/it\/wp-json\/wp\/v2\/product"}],"about":[{"href":"https:\/\/mexpo.eu\/it\/wp-json\/wp\/v2\/types\/product"}],"wp:featuredmedia":[{"embeddable":true,"href":"https:\/\/mexpo.eu\/it\/wp-json\/wp\/v2\/media\/48843"}],"wp:attachment":[{"href":"https:\/\/mexpo.eu\/it\/wp-json\/wp\/v2\/media?parent=61582"}],"wp:term":[{"taxonomy":"product_brand","embeddable":true,"href":"https:\/\/mexpo.eu\/it\/wp-json\/wp\/v2\/product_brand?post=61582"},{"taxonomy":"product_cat","embeddable":true,"href":"https:\/\/mexpo.eu\/it\/wp-json\/wp\/v2\/product_cat?post=61582"},{"taxonomy":"product_tag","embeddable":true,"href":"https:\/\/mexpo.eu\/it\/wp-json\/wp\/v2\/product_tag?post=61582"}],"curies":[{"name":"wp","href":"https:\/\/api.w.org\/{rel}","templated":true}]}}