{"id":61498,"date":"2025-02-17T13:12:23","date_gmt":"2025-02-17T13:12:23","guid":{"rendered":"https:\/\/mexpo.pl?post_type=product&#038;p=61498"},"modified":"2025-02-17T14:49:54","modified_gmt":"2025-02-17T14:49:54","slug":"tbx2-2-x-dch-24u-borsa-zaino-con-2-caricabatterie-per-pellegrino-2","status":"publish","type":"product","link":"https:\/\/mexpo.eu\/it\/produkt\/tbx2-2-x-dch-24u-borsa-zaino-con-2-caricabatterie-per-pellegrino-2\/","title":{"rendered":"TBX2 + 2 x DCH-24U \u2013 borsa-zaino con 2 caricabatterie per Pellegrino 2"},"content":{"rendered":"<p>Grazie alle piccole dimensioni e al peso ridotto, i 2 caricabatterie DCH-24U si adattano perfettamente alla borsa-zaino TBX.<\/p>\n<p>TBX2 \u00e8 un metodo geniale per risparmiare forza ed energia grazie alla possibilit\u00e0 di trasferire il peso sulla schiena. Inoltre, la borsa-zaino \u00e8 provvista di uno spallaccio e di tasche per gli accessori.<\/p>\n<p>Il kit comprende:<br \/>\n&#8211; 2 caricabatterie DCH-24U con alimentatori<br \/>\n&#8211; chiusura a velcro industriale 3M per il montaggio dei caricabatterie in TBX<br \/>\n&#8211; borsa-zaino TBX2 (disponibile anche in altri colori &#8211; chiedere disponibilit\u00e0)<\/p>\n","protected":false},"excerpt":{"rendered":"<p>Grazie alle loro ridotte dimensioni e peso, i 2 caricatori DCH-24U si inseriscono perfettamente nella borsa TBX. TBX2 \u00e8 un modo brillante per risparmiare forza ed energia grazie alla possibilit\u00e0 di trasferire il peso dalla mano alla schiena. Inoltre, ha anche una tracolla e tasche per accessori.<\/p>\n<p>&nbsp;<\/p>\n<p><a href=\"https:\/\/mguide.eu\/wp-content\/uploads\/2024\/08\/IT-Baner-Nano-Blitz.png\"><img loading=\"lazy\" decoding=\"async\" class=\"alignnone size-full wp-image-45247\" src=\"https:\/\/mguide.eu\/wp-content\/uploads\/2024\/08\/IT-Baner-Nano-Blitz.png\" alt=\"\" width=\"630\" height=\"120\" \/><\/a><\/p>\n<p>&nbsp;<\/p>\n","protected":false},"featured_media":48623,"template":"","meta":{"_acf_changed":false},"product_brand":[],"product_cat":[5222,5221],"product_tag":[],"class_list":{"0":"post-61498","1":"product","2":"type-product","3":"status-publish","4":"has-post-thumbnail","6":"product_cat-borse-e-valigie-da-trasporto","7":"product_cat-caricabatterie","9":"first","10":"instock","11":"taxable","12":"shipping-taxable","13":"purchasable","14":"product-type-simple"},"acf":[],"_links":{"self":[{"href":"https:\/\/mexpo.eu\/it\/wp-json\/wp\/v2\/product\/61498","targetHints":{"allow":["GET"]}}],"collection":[{"href":"https:\/\/mexpo.eu\/it\/wp-json\/wp\/v2\/product"}],"about":[{"href":"https:\/\/mexpo.eu\/it\/wp-json\/wp\/v2\/types\/product"}],"wp:featuredmedia":[{"embeddable":true,"href":"https:\/\/mexpo.eu\/it\/wp-json\/wp\/v2\/media\/48623"}],"wp:attachment":[{"href":"https:\/\/mexpo.eu\/it\/wp-json\/wp\/v2\/media?parent=61498"}],"wp:term":[{"taxonomy":"product_brand","embeddable":true,"href":"https:\/\/mexpo.eu\/it\/wp-json\/wp\/v2\/product_brand?post=61498"},{"taxonomy":"product_cat","embeddable":true,"href":"https:\/\/mexpo.eu\/it\/wp-json\/wp\/v2\/product_cat?post=61498"},{"taxonomy":"product_tag","embeddable":true,"href":"https:\/\/mexpo.eu\/it\/wp-json\/wp\/v2\/product_tag?post=61498"}],"curies":[{"name":"wp","href":"https:\/\/api.w.org\/{rel}","templated":true}]}}