{"id":61371,"date":"2025-02-17T13:08:54","date_gmt":"2025-02-17T13:08:54","guid":{"rendered":"https:\/\/mexpo.pl?post_type=product&#038;p=61371"},"modified":"2025-02-17T14:48:30","modified_gmt":"2025-02-17T14:48:30","slug":"pile-aa-r6-usa-e-getta-panasonic-powerline-industrial-480-pezzi","status":"publish","type":"product","link":"https:\/\/mexpo.eu\/it\/produkt\/pile-aa-r6-usa-e-getta-panasonic-powerline-industrial-480-pezzi\/","title":{"rendered":"Pile AA (R6) usa e getta Panasonic Powerline Industrial (480 pezzi)"},"content":{"rendered":"<p>Termine di validit\u00e0 minimo: 2022<br \/>\nDati tecnici:<\/p>\n<p>&#8211; tensione [V]: 1.5<br \/>\n&#8211; confezione: scatolone 40 pz.<br \/>\n&#8211; modello: LR6\/AA<br \/>\n&#8211; dimensioni: AA<br \/>\n&#8211; tensione [V]: 1.5<br \/>\n&#8211; diametro [mm]: 14.5<br \/>\n&#8211; altezza [mm]: 50.5<br \/>\n&#8211; altre sigle: LR6 \/ AA \/ R6 \/ MN 1500 \/ Mignon \/ AM3 \/ E91<\/p>\n<p>Versione di batterie alcaline industriali (industrial) corrispondente alle migliori batterie disponibili in commercio, pu\u00f2 essere utilizzata in manometri, torce e altri dispositivi per uso domestico. Il prezzo di queste batterie \u00e8 conveniente, poich\u00e9 il produttore non investe in pubblicit\u00e0 e marketing. Il prodotto, pertanto, garantisce un elevato rapporto qualit\u00e0 prezzo.<\/p>\n","protected":false},"excerpt":{"rendered":"<p>Pile alcaline industriali. Batterie della massima qualit\u00e0 disponibili in blister. Pu\u00f2 essere utilizzato, tra gli altri: nei misuratori di pressione sanguigna, nelle torce elettriche. Sono una scelta ottimale di alta qualit\u00e0 in rapporto al prezzo.<\/p>\n","protected":false},"featured_media":48425,"template":"","meta":{"_acf_changed":false},"product_brand":[],"product_cat":[5936,5986],"product_tag":[],"class_list":{"0":"post-61371","1":"product","2":"type-product","3":"status-publish","4":"has-post-thumbnail","6":"product_cat-pile-monouso-e-pile-ricaricabili","7":"product_cat-pile-monouso-e-pile-ricaricabili-it","8":"product_shipping_class-baterie-5","10":"first","11":"outofstock","12":"taxable","13":"shipping-taxable","14":"purchasable","15":"product-type-simple"},"acf":[],"_links":{"self":[{"href":"https:\/\/mexpo.eu\/it\/wp-json\/wp\/v2\/product\/61371","targetHints":{"allow":["GET"]}}],"collection":[{"href":"https:\/\/mexpo.eu\/it\/wp-json\/wp\/v2\/product"}],"about":[{"href":"https:\/\/mexpo.eu\/it\/wp-json\/wp\/v2\/types\/product"}],"wp:featuredmedia":[{"embeddable":true,"href":"https:\/\/mexpo.eu\/it\/wp-json\/wp\/v2\/media\/48425"}],"wp:attachment":[{"href":"https:\/\/mexpo.eu\/it\/wp-json\/wp\/v2\/media?parent=61371"}],"wp:term":[{"taxonomy":"product_brand","embeddable":true,"href":"https:\/\/mexpo.eu\/it\/wp-json\/wp\/v2\/product_brand?post=61371"},{"taxonomy":"product_cat","embeddable":true,"href":"https:\/\/mexpo.eu\/it\/wp-json\/wp\/v2\/product_cat?post=61371"},{"taxonomy":"product_tag","embeddable":true,"href":"https:\/\/mexpo.eu\/it\/wp-json\/wp\/v2\/product_tag?post=61371"}],"curies":[{"name":"wp","href":"https:\/\/api.w.org\/{rel}","templated":true}]}}