{"id":61368,"date":"2025-02-17T13:09:15","date_gmt":"2025-02-17T13:09:15","guid":{"rendered":"https:\/\/mexpo.pl?post_type=product&#038;p=61368"},"modified":"2025-03-18T08:49:04","modified_gmt":"2025-03-18T08:49:04","slug":"auricolari-monouso-sj-1","status":"publish","type":"product","link":"https:\/\/mexpo.eu\/it\/produkt\/auricolari-monouso-sj-1\/","title":{"rendered":"Auricolari monouso SJ-1"},"content":{"rendered":"<p>Auricolari monouso SJ-1<br \/>\nAuricolari monouso di alta qualit\u00e0. Il termine \u201cmonouso\u201d ha un valore relativo. Infatti, pur avendo una durata prevista inferiore a quella degli auricolari pi\u00f9 cari, sono prodotti di alta qualit\u00e0. Garantiamo che i modelli difettosi non costituiranno pi\u00f9 del 2% della serie.<br \/>\nSPECIFICA TECNICA<br \/>\nAltoparlante: 15 mm<br \/>\nSpinotto: 3,5 mm<br \/>\nLunghezza del cavo: circa 100 cm<br \/>\nTipo: auricolare SINGOLO (per 1 orecchio), interno<br \/>\nColore: viola<\/p>\n","protected":false},"excerpt":{"rendered":"<p>Cuffie usa e getta SJ-1. Cuffie usa e getta di alta qualit\u00e0. SPECIFICHE TECNICHE &#8211; Altoparlante: 15 mm, spina: 3,5 mm, lunghezza cavo: circa 100 cm, tipologia: auricolare SINGOLO (per 1 orecchio), in-ear, colore: viola.<\/p>\n","protected":false},"featured_media":64483,"template":"","meta":{"_acf_changed":false},"product_brand":[],"product_cat":[5218,5223],"product_tag":[],"class_list":{"0":"post-61368","1":"product","2":"type-product","3":"status-publish","4":"has-post-thumbnail","6":"product_cat-auricolari","7":"product_cat-auricolari-igienici-auricolari-monouso","9":"first","10":"instock","11":"taxable","12":"shipping-taxable","13":"purchasable","14":"product-type-variable"},"acf":[],"_links":{"self":[{"href":"https:\/\/mexpo.eu\/it\/wp-json\/wp\/v2\/product\/61368","targetHints":{"allow":["GET"]}}],"collection":[{"href":"https:\/\/mexpo.eu\/it\/wp-json\/wp\/v2\/product"}],"about":[{"href":"https:\/\/mexpo.eu\/it\/wp-json\/wp\/v2\/types\/product"}],"wp:featuredmedia":[{"embeddable":true,"href":"https:\/\/mexpo.eu\/it\/wp-json\/wp\/v2\/media\/64483"}],"wp:attachment":[{"href":"https:\/\/mexpo.eu\/it\/wp-json\/wp\/v2\/media?parent=61368"}],"wp:term":[{"taxonomy":"product_brand","embeddable":true,"href":"https:\/\/mexpo.eu\/it\/wp-json\/wp\/v2\/product_brand?post=61368"},{"taxonomy":"product_cat","embeddable":true,"href":"https:\/\/mexpo.eu\/it\/wp-json\/wp\/v2\/product_cat?post=61368"},{"taxonomy":"product_tag","embeddable":true,"href":"https:\/\/mexpo.eu\/it\/wp-json\/wp\/v2\/product_tag?post=61368"}],"curies":[{"name":"wp","href":"https:\/\/api.w.org\/{rel}","templated":true}]}}