{"id":61367,"date":"2025-02-17T13:09:15","date_gmt":"2025-02-17T12:09:15","guid":{"rendered":"https:\/\/mexpo.pl?post_type=product&#038;p=61367"},"modified":"2026-04-02T14:21:35","modified_gmt":"2026-04-02T12:21:35","slug":"auricolari-monouso-sj-2","status":"publish","type":"product","link":"https:\/\/mexpo.eu\/it\/produkt\/auricolari-monouso-sj-2\/","title":{"rendered":"Auricolari monouso SJ-2"},"content":{"rendered":"<p><img loading=\"lazy\" decoding=\"async\" class=\"alignnone size-full wp-image-68522\" src=\"https:\/\/mexpo.eu\/wp-content\/uploads\/2025\/02\/ikona-rohs.png\" alt=\"\" width=\"32\" height=\"32\" \/>Conforme alla direttiva RoHS: prodotto senza l&#8217;utilizzo di sostanze nocive. Ci teniamo alla tua salute e al pianeta!<\/p>\n<p>Auricolari monouso SJ-2<br \/>\nCome nel caso del modello SJ-1, si tratta di auricolari monouso di alta qualit\u00e0. Il termine \u201cmonouso\u201d ha un valore relativo. Infatti, pur avendo una durata prevista inferiore a quella degli auricolari pi\u00f9 cari, sono prodotti di alta qualit\u00e0. I modelli difettosi non hanno un&#8217;incidenza superiore a 2% per serie. SJ-2, inoltre, \u00e8 caratterizzato da una forma moderna e anatomica.<br \/>\nSPECIFICA TECNICA<br \/>\nAltoparlante: 15 mm<br \/>\nSpinotto: 3,5 mm<br \/>\nLunghezza del cavo: circa 100 cm<br \/>\nTipo: auricolare singolo, interno, anatomico (sinistro)<br \/>\nColore: bianco*<br \/>\n* Qualora vengano ordinati almeno 50 000 pezzi, esiste la possibilit\u00e0 di scegliere il colore dell\u2019auricolare, la stampa riportata sulle bustine o altri parametri.<\/p>\n","protected":false},"excerpt":{"rendered":"<p>Cuffie usa e getta SJ-2 Come il modello SJ-1, queste sono cuffie usa e getta di alta qualit\u00e0. SPECIFICHE TECNICHE &#8211; Altoparlante: 15 mm, Spina: 3,5 mm, Lunghezza cavo: circa 100 cm, Tipologia: auricolare singolo, in-ear, anatomico (sinistro), Colore: bianco.<\/p>\n","protected":false},"featured_media":48521,"template":"","meta":{"_acf_changed":false},"product_brand":[],"product_cat":[5218,5223],"product_tag":[],"class_list":{"0":"post-61367","1":"product","2":"type-product","3":"status-publish","4":"has-post-thumbnail","6":"product_cat-auricolari","7":"product_cat-auricolari-igienici-auricolari-monouso","9":"first","10":"instock","11":"taxable","12":"shipping-taxable","13":"purchasable","14":"product-type-variable"},"acf":[],"_links":{"self":[{"href":"https:\/\/mexpo.eu\/it\/wp-json\/wp\/v2\/product\/61367","targetHints":{"allow":["GET"]}}],"collection":[{"href":"https:\/\/mexpo.eu\/it\/wp-json\/wp\/v2\/product"}],"about":[{"href":"https:\/\/mexpo.eu\/it\/wp-json\/wp\/v2\/types\/product"}],"wp:featuredmedia":[{"embeddable":true,"href":"https:\/\/mexpo.eu\/it\/wp-json\/wp\/v2\/media\/48521"}],"wp:attachment":[{"href":"https:\/\/mexpo.eu\/it\/wp-json\/wp\/v2\/media?parent=61367"}],"wp:term":[{"taxonomy":"product_brand","embeddable":true,"href":"https:\/\/mexpo.eu\/it\/wp-json\/wp\/v2\/product_brand?post=61367"},{"taxonomy":"product_cat","embeddable":true,"href":"https:\/\/mexpo.eu\/it\/wp-json\/wp\/v2\/product_cat?post=61367"},{"taxonomy":"product_tag","embeddable":true,"href":"https:\/\/mexpo.eu\/it\/wp-json\/wp\/v2\/product_tag?post=61367"}],"curies":[{"name":"wp","href":"https:\/\/api.w.org\/{rel}","templated":true}]}}