{"id":61363,"date":"2025-02-17T13:08:54","date_gmt":"2025-02-17T13:08:54","guid":{"rendered":"https:\/\/mexpo.pl?post_type=product&#038;p=61363"},"modified":"2025-02-17T14:48:28","modified_gmt":"2025-02-17T14:48:28","slug":"auricolare-sh-2-25-pezzi","status":"publish","type":"product","link":"https:\/\/mexpo.eu\/it\/produkt\/auricolare-sh-2-25-pezzi\/","title":{"rendered":"Auricolare SH-2 (25 pezzi)"},"content":{"rendered":"<p>SH-2<br \/>\nAuricolare esterno riutilizzabile (per 1 orecchio \u2013 destro o sinistro) su gancio in plastica, con copri auricolare intercambiabile in spugna.<br \/>\nUno degli auricolari pi\u00f9 comodi sul mercato.<br \/>\nPerfetta qualit\u00e0 del suono e comfort di utilizzo ineguagliabile.<\/p>\n<p>Vi consigliamo di effettuare l&#8217;acquisto insieme a una scorta di copri auricolari SH-2 (1000 pz.)<\/p>\n","protected":false},"excerpt":{"rendered":"<p>SH-2 Cuffie auricolari riutilizzabili (per 1 orecchio &#8211; destro o sinistro). Una delle cuffie pi\u00f9 comode sul mercato. Eccellente qualit\u00e0 del suono e comfort di utilizzo senza eguali. Compatibilit\u00e0 Okayo WT-300 G2, Okayo WT-350, mGuide DLR-01, mGuide Pellegrino, mGuide Pellegrino 2.<\/p>\n","protected":false},"featured_media":48419,"template":"","meta":{"_acf_changed":false},"product_brand":[],"product_cat":[5218,5219],"product_tag":[],"class_list":{"0":"post-61363","1":"product","2":"type-product","3":"status-publish","4":"has-post-thumbnail","6":"product_cat-auricolari","7":"product_cat-auriculares-reutilizables","9":"first","10":"instock","11":"taxable","12":"shipping-taxable","13":"purchasable","14":"product-type-simple"},"acf":[],"_links":{"self":[{"href":"https:\/\/mexpo.eu\/it\/wp-json\/wp\/v2\/product\/61363","targetHints":{"allow":["GET"]}}],"collection":[{"href":"https:\/\/mexpo.eu\/it\/wp-json\/wp\/v2\/product"}],"about":[{"href":"https:\/\/mexpo.eu\/it\/wp-json\/wp\/v2\/types\/product"}],"wp:featuredmedia":[{"embeddable":true,"href":"https:\/\/mexpo.eu\/it\/wp-json\/wp\/v2\/media\/48419"}],"wp:attachment":[{"href":"https:\/\/mexpo.eu\/it\/wp-json\/wp\/v2\/media?parent=61363"}],"wp:term":[{"taxonomy":"product_brand","embeddable":true,"href":"https:\/\/mexpo.eu\/it\/wp-json\/wp\/v2\/product_brand?post=61363"},{"taxonomy":"product_cat","embeddable":true,"href":"https:\/\/mexpo.eu\/it\/wp-json\/wp\/v2\/product_cat?post=61363"},{"taxonomy":"product_tag","embeddable":true,"href":"https:\/\/mexpo.eu\/it\/wp-json\/wp\/v2\/product_tag?post=61363"}],"curies":[{"name":"wp","href":"https:\/\/api.w.org\/{rel}","templated":true}]}}