{"id":69131,"date":"2025-10-27T10:56:49","date_gmt":"2025-10-27T09:56:49","guid":{"rendered":"https:\/\/mexpo.eu\/chi-siamo\/"},"modified":"2026-05-05T11:43:33","modified_gmt":"2026-05-05T09:43:33","slug":"chi-siamo","status":"publish","type":"page","link":"https:\/\/mexpo.eu\/it\/chi-siamo\/","title":{"rendered":"Chi siamo"},"content":{"rendered":"<div class=\"wpb-content-wrapper\"><p>[vc_section][vc_row full_width=&#8221;stretch_row&#8221; css=&#8221;.vc_custom_1761215406005{margin-top: 30px !important;margin-bottom: 50px !important;padding-top: 30px !important;padding-bottom: 50px !important;}&#8221;][vc_column][vc_custom_heading text=&#8221;Chi siamo?&#8221; font_container=&#8221;tag:h2|font_size:35|text_align:center|color:%233F3F3F&#8221; google_fonts=&#8221;font_family:Open%20Sans%3A300%2C300italic%2Cregular%2Citalic%2C600%2C600italic%2C700%2C700italic%2C800%2C800italic|font_style:700%20bold%20regular%3A700%3Anormal&#8221; css=&#8221;.vc_custom_1761210000177{padding-bottom: 20px !important;}&#8221;][vc_custom_heading text=&#8221;In qualit\u00e0 di pioniere nell&apos;offerta di sistemi per guide turistiche e prima azienda a servire il settore turistico in senso pi\u00f9 ampio, MEXPO definisce gli standard in Europa da anni. Siamo stati noi a introdurre l&apos;iconico ricevitore rosso WT-300, ancora oggi utilizzato da migliaia di agenzie di viaggio e guide turistiche, tra cui il nostro stimato cliente Rainbow Tours. Siamo orgogliosi di essere Platinum Partner di Okayo Electronics, rappresentanti di Linkx Electronics e Maytel, e stiamo sviluppando attivamente il nostro marchio mGuide.&#8221; font_container=&#8221;tag:h2|font_size:18|text_align:center|color:%233F3F3F|line_height:2&#8243; google_fonts=&#8221;font_family:Open%20Sans%3A300%2C300italic%2Cregular%2Citalic%2C600%2C600italic%2C700%2C700italic%2C800%2C800italic|font_style:400%20regular%3A400%3Anormal&#8221; css=&#8221;&#8221;][\/vc_column][\/vc_row][vc_row css=&#8221;.vc_custom_1761215363945{padding-bottom: 50px !important;}&#8221;][vc_column][vc_row_inner][vc_column_inner width=&#8221;1\/3&#8243;][vc_single_image image=&#8221;69117&#8243; alignment=&#8221;center&#8221; css=&#8221;&#8221;][vc_custom_heading text=&#8221;Fornitore affidabile&#8221; font_container=&#8221;tag:h2|font_size:20|text_align:center|color:%233F3F3F&#8221; google_fonts=&#8221;font_family:Open%20Sans%3A300%2C300italic%2Cregular%2Citalic%2C600%2C600italic%2C700%2C700italic%2C800%2C800italic|font_style:600%20bold%20regular%3A600%3Anormal&#8221; css=&#8221;&#8221;][vc_custom_heading text=&#8221;In qualit\u00e0 di leader di mercato, da anni definiamo gli standard di qualit\u00e0 e affidabilit\u00e0, come confermato dalle migliaia di agenzie di viaggio e guide soddisfatte.&#8221; font_container=&#8221;tag:h2|font_size:15|text_align:center|color:%233F3F3F&#8221; google_fonts=&#8221;font_family:Open%20Sans%3A300%2C300italic%2Cregular%2Citalic%2C600%2C600italic%2C700%2C700italic%2C800%2C800italic|font_style:400%20regular%3A400%3Anormal&#8221; css=&#8221;.vc_custom_1761211519509{padding-bottom: 20px !important;}&#8221;][\/vc_column_inner][vc_column_inner width=&#8221;1\/3&#8243;][vc_single_image image=&#8221;69118&#8243; alignment=&#8221;center&#8221; css=&#8221;&#8221;][vc_custom_heading text=&#8221;Ecologicamente responsabile&#8221; font_container=&#8221;tag:h2|font_size:20|text_align:center|color:%233F3F3F&#8221; google_fonts=&#8221;font_family:Open%20Sans%3A300%2C300italic%2Cregular%2Citalic%2C600%2C600italic%2C700%2C700italic%2C800%2C800italic|font_style:600%20bold%20regular%3A600%3Anormal&#8221; css=&#8221;&#8221;][vc_custom_heading text=&#8221;Adottiamo attivamente soluzioni ecocompatibili per sostenere lo sviluppo sostenibile nel settore turistico e ridurre al minimo la nostra impronta ecologica collettiva.&#8221; font_container=&#8221;tag:h2|font_size:15|text_align:center|color:%233F3F3F&#8221; google_fonts=&#8221;font_family:Open%20Sans%3A300%2C300italic%2Cregular%2Citalic%2C600%2C600italic%2C700%2C700italic%2C800%2C800italic|font_style:400%20regular%3A400%3Anormal&#8221; css=&#8221;.vc_custom_1761211474281{padding-bottom: 20px !important;}&#8221;][\/vc_column_inner][vc_column_inner width=&#8221;1\/3&#8243;][vc_single_image image=&#8221;69119&#8243; alignment=&#8221;center&#8221; css=&#8221;&#8221;][vc_custom_heading text=&#8221;Ti supportiamo in ogni fase&#8221; font_container=&#8221;tag:h2|font_size:20|text_align:center|color:%233F3F3F&#8221; google_fonts=&#8221;font_family:Open%20Sans%3A300%2C300italic%2Cregular%2Citalic%2C600%2C600italic%2C700%2C700italic%2C800%2C800italic|font_style:600%20bold%20regular%3A600%3Anormal&#8221; css=&#8221;&#8221;][vc_custom_heading text=&#8221;Aiutiamo i nostri clienti in ogni fase: dalla consulenza professionale nella scelta delle attrezzature all&apos;assistenza post-vendita completa e al supporto tecnico.&#8221; font_container=&#8221;tag:h2|font_size:15|text_align:center|color:%233F3F3F&#8221; google_fonts=&#8221;font_family:Open%20Sans%3A300%2C300italic%2Cregular%2Citalic%2C600%2C600italic%2C700%2C700italic%2C800%2C800italic|font_style:400%20regular%3A400%3Anormal&#8221; css=&#8221;.vc_custom_1761211599425{padding-bottom: 20px !important;}&#8221;][\/vc_column_inner][\/vc_row_inner][\/vc_column][\/vc_row][vc_row full_width=&#8221;stretch_row&#8221; content_placement=&#8221;middle&#8221; css=&#8221;.vc_custom_1761213548439{background-color: #E8F0F3 !important;}&#8221;][vc_column width=&#8221;1\/2&#8243;][vc_custom_heading text=&#8221;Leader della trasformazione digitale&#8221; font_container=&#8221;tag:h2|font_size:35|text_align:center|color:%233F3F3F&#8221; google_fonts=&#8221;font_family:Open%20Sans%3A300%2C300italic%2Cregular%2Citalic%2C600%2C600italic%2C700%2C700italic%2C800%2C800italic|font_style:700%20bold%20regular%3A700%3Anormal&#8221; css=&#8221;&#8221;][vc_custom_heading text=&#8221;Insieme ai nostri partner di fiducia e grazie al dinamico sviluppo del nostro marchio mGuide, stiamo implementando una trasformazione digitale costante nell&apos;intera gamma di modelli di guida turistica che offriamo.&#8221; font_container=&#8221;tag:h2|font_size:17|text_align:center|color:%233F3F3F|line_height:2&#8243; google_fonts=&#8221;font_family:Open%20Sans%3A300%2C300italic%2Cregular%2Citalic%2C600%2C600italic%2C700%2C700italic%2C800%2C800italic|font_style:400%20regular%3A400%3Anormal&#8221; css=&#8221;.vc_custom_1761213351494{padding-top: 30px !important;padding-bottom: 20px !important;}&#8221;][vc_custom_heading text=&#8221;Grazie a questa evoluzione, le bande radio vengono utilizzate in modo pi\u00f9 ottimale, riducendo la &quot;congestione&quot; e consentendo a un maggior numero di gruppi turistici di operare simultaneamente e senza intoppi in un&apos;area pi\u00f9 ristretta, il che apporta vantaggi concreti in termini di efficienza all&apos;intero mercato.&#8221; font_container=&#8221;tag:h2|font_size:17|text_align:center|color:%233F3F3F|line_height:2&#8243; google_fonts=&#8221;font_family:Open%20Sans%3A300%2C300italic%2Cregular%2Citalic%2C600%2C600italic%2C700%2C700italic%2C800%2C800italic|font_style:400%20regular%3A400%3Anormal&#8221; css=&#8221;.vc_custom_1761213216611{padding-bottom: 20px !important;}&#8221;][\/vc_column][vc_column width=&#8221;1\/2&#8243;][vc_single_image image=&#8221;69120&#8243; img_size=&#8221;medium&#8221; alignment=&#8221;center&#8221; css_animation=&#8221;bounceInDown&#8221; css=&#8221;&#8221;][\/vc_column][\/vc_row][vc_row][vc_column][vc_custom_heading text=&#8221;La pi\u00f9 ampia gamma e le applicazioni pi\u00f9 versatili&#8221; font_container=&#8221;tag:h2|font_size:35|text_align:center|color:%233F3F3F&#8221; google_fonts=&#8221;font_family:Open%20Sans%3A300%2C300italic%2Cregular%2Citalic%2C600%2C600italic%2C700%2C700italic%2C800%2C800italic|font_style:700%20bold%20regular%3A700%3Anormal&#8221; css=&#8221;&#8221;][vc_custom_heading text=&#8221;Offriamo la pi\u00f9 ampia gamma di modelli di guide turistiche disponibili, utilizzati con successo in una vasta gamma di applicazioni. I nostri sistemi sono impiegati sia da singole guide che da importanti musei in Polonia e nel mondo, come il Museo Statale di Auschwitz-Birkenau a O\u015bwi\u0119cim.&#8221; font_container=&#8221;tag:h2|font_size:17|text_align:center|color:%233F3F3F|line_height:2&#8243; google_fonts=&#8221;font_family:Open%20Sans%3A300%2C300italic%2Cregular%2Citalic%2C600%2C600italic%2C700%2C700italic%2C800%2C800italic|font_style:400%20regular%3A400%3Anormal&#8221; css=&#8221;.vc_custom_1761554535579{padding-top: 30px !important;padding-bottom: 20px !important;}&#8221;][\/vc_column][\/vc_row][vc_row css_animation=&#8221;fadeIn&#8221;][vc_column width=&#8221;1\/6&#8243;][vc_single_image image=&#8221;69121&#8243; img_size=&#8221;300&#215;500&#8243; style=&#8221;vc_box_shadow_3d&#8221; css=&#8221;&#8221;][vc_custom_heading text=&#8221;Sport&#8221; font_container=&#8221;tag:h2|font_size:20|text_align:center|color:%233F3F3F&#8221; google_fonts=&#8221;font_family:Open%20Sans%3A300%2C300italic%2Cregular%2Citalic%2C600%2C600italic%2C700%2C700italic%2C800%2C800italic|font_style:600%20bold%20regular%3A600%3Anormal&#8221; css=&#8221;&#8221;][vc_custom_heading text=&#8221;per giudici, per lezioni di equitazione, ciclismo o nuoto&#8221; font_container=&#8221;tag:h2|font_size:15|text_align:center|color:%233F3F3F&#8221; google_fonts=&#8221;font_family:Open%20Sans%3A300%2C300italic%2Cregular%2Citalic%2C600%2C600italic%2C700%2C700italic%2C800%2C800italic|font_style:400%20regular%3A400%3Anormal&#8221; css=&#8221;.vc_custom_1761553813243{padding-bottom: 20px !important;}&#8221;][\/vc_column][vc_column width=&#8221;1\/6&#8243;][vc_single_image image=&#8221;69122&#8243; img_size=&#8221;300&#215;500&#8243; style=&#8221;vc_box_shadow_3d&#8221; css=&#8221;&#8221;][vc_custom_heading text=&#8221;Traduzioni&#8221; font_container=&#8221;tag:h2|font_size:20|text_align:center|color:%233F3F3F&#8221; google_fonts=&#8221;font_family:Open%20Sans%3A300%2C300italic%2Cregular%2Citalic%2C600%2C600italic%2C700%2C700italic%2C800%2C800italic|font_style:600%20bold%20regular%3A600%3Anormal&#8221; css=&#8221;&#8221;][vc_custom_heading text=&#8221;alle fiere e agli incontri d&apos;affari&#8221; font_container=&#8221;tag:h2|font_size:15|text_align:center|color:%233F3F3F&#8221; google_fonts=&#8221;font_family:Open%20Sans%3A300%2C300italic%2Cregular%2Citalic%2C600%2C600italic%2C700%2C700italic%2C800%2C800italic|font_style:400%20regular%3A400%3Anormal&#8221; css=&#8221;.vc_custom_1761554014653{padding-bottom: 20px !important;}&#8221;][\/vc_column][vc_column width=&#8221;1\/6&#8243;][vc_single_image image=&#8221;69123&#8243; img_size=&#8221;300&#215;500&#8243; style=&#8221;vc_box_shadow_3d&#8221; css=&#8221;&#8221;][vc_custom_heading text=&#8221;Industria&#8221; font_container=&#8221;tag:h2|font_size:20|text_align:center|color:%233F3F3F&#8221; google_fonts=&#8221;font_family:Open%20Sans%3A300%2C300italic%2Cregular%2Citalic%2C600%2C600italic%2C700%2C700italic%2C800%2C800italic|font_style:600%20bold%20regular%3A600%3Anormal&#8221; css=&#8221;&#8221;][vc_custom_heading text=&#8221;visite guidate in fabbriche e magazzini, anche in ambienti rumorosi e con casco&#8221; font_container=&#8221;tag:h2|font_size:15|text_align:center|color:%233F3F3F&#8221; google_fonts=&#8221;font_family:Open%20Sans%3A300%2C300italic%2Cregular%2Citalic%2C600%2C600italic%2C700%2C700italic%2C800%2C800italic|font_style:400%20regular%3A400%3Anormal&#8221; css=&#8221;.vc_custom_1761553871604{padding-bottom: 20px !important;}&#8221;][\/vc_column][vc_column width=&#8221;1\/6&#8243;][vc_single_image image=&#8221;69124&#8243; img_size=&#8221;300&#215;500&#8243; style=&#8221;vc_box_shadow_3d&#8221; css=&#8221;&#8221;][vc_custom_heading text=&#8221;Descrizione audio&#8221; font_container=&#8221;tag:h2|font_size:20|text_align:center|color:%233F3F3F&#8221; google_fonts=&#8221;font_family:Open%20Sans%3A300%2C300italic%2Cregular%2Citalic%2C600%2C600italic%2C700%2C700italic%2C800%2C800italic|font_style:600%20bold%20regular%3A600%3Anormal&#8221; css=&#8221;&#8221;][vc_custom_heading text=&#8221;nei cinema, nei teatri, negli stadi&#8221; font_container=&#8221;tag:h2|font_size:15|text_align:center|color:%233F3F3F&#8221; google_fonts=&#8221;font_family:Open%20Sans%3A300%2C300italic%2Cregular%2Citalic%2C600%2C600italic%2C700%2C700italic%2C800%2C800italic|font_style:400%20regular%3A400%3Anormal&#8221; css=&#8221;.vc_custom_1761554053805{padding-bottom: 20px !important;}&#8221;][\/vc_column][vc_column width=&#8221;1\/6&#8243;][vc_single_image image=&#8221;69125&#8243; img_size=&#8221;300&#215;500&#8243; style=&#8221;vc_box_shadow_3d&#8221; css=&#8221;&#8221;][vc_custom_heading text=&#8221;Turismo&#8221; font_container=&#8221;tag:h2|font_size:20|text_align:center|color:%233F3F3F&#8221; google_fonts=&#8221;font_family:Open%20Sans%3A300%2C300italic%2Cregular%2Citalic%2C600%2C600italic%2C700%2C700italic%2C800%2C800italic|font_style:600%20bold%20regular%3A600%3Anormal&#8221; css=&#8221;&#8221;][vc_custom_heading text=&#8221;dalle singole guide turistiche ai grandi tour operator&#8221; font_container=&#8221;tag:h2|font_size:15|text_align:center|color:%233F3F3F&#8221; google_fonts=&#8221;font_family:Open%20Sans%3A300%2C300italic%2Cregular%2Citalic%2C600%2C600italic%2C700%2C700italic%2C800%2C800italic|font_style:400%20regular%3A400%3Anormal&#8221; css=&#8221;.vc_custom_1761554043921{padding-bottom: 20px !important;}&#8221;][\/vc_column][vc_column width=&#8221;1\/6&#8243;][vc_single_image image=&#8221;69126&#8243; img_size=&#8221;300&#215;500&#8243; style=&#8221;vc_box_shadow_3d&#8221; css=&#8221;&#8221;][vc_custom_heading text=&#8221;Formazione e business&#8221; font_container=&#8221;tag:h2|font_size:20|text_align:center|color:%233F3F3F&#8221; google_fonts=&#8221;font_family:Open%20Sans%3A300%2C300italic%2Cregular%2Citalic%2C600%2C600italic%2C700%2C700italic%2C800%2C800italic|font_style:600%20bold%20regular%3A600%3Anormal&#8221; css=&#8221;&#8221;][vc_custom_heading text=&#8221;in occasione di conferenze, fiere e lezioni&#8221; font_container=&#8221;tag:h2|font_size:15|text_align:center|color:%233F3F3F&#8221; google_fonts=&#8221;font_family:Open%20Sans%3A300%2C300italic%2Cregular%2Citalic%2C600%2C600italic%2C700%2C700italic%2C800%2C800italic|font_style:400%20regular%3A400%3Anormal&#8221; css=&#8221;.vc_custom_1761553979314{padding-bottom: 20px !important;}&#8221;][\/vc_column][\/vc_row][vc_row full_width=&#8221;stretch_row&#8221; content_placement=&#8221;middle&#8221; css=&#8221;.vc_custom_1761559055223{background-color: #E8F0F3 !important;}&#8221;][vc_column width=&#8221;1\/2&#8243;][vc_single_image image=&#8221;69127&#8243; img_size=&#8221;medium&#8221; alignment=&#8221;center&#8221; css_animation=&#8221;bounceInDown&#8221; css=&#8221;&#8221;][\/vc_column][vc_column width=&#8221;1\/2&#8243;][vc_custom_heading text=&#8221;Garanzia di qualit\u00e0 e supporto professionale&#8221; font_container=&#8221;tag:h2|font_size:35|text_align:center|color:%233F3F3F&#8221; google_fonts=&#8221;font_family:Open%20Sans%3A300%2C300italic%2Cregular%2Citalic%2C600%2C600italic%2C700%2C700italic%2C800%2C800italic|font_style:700%20bold%20regular%3A700%3Anormal&#8221; css=&#8221;&#8221;][vc_custom_heading text=&#8221;Prima di essere aggiunto alla nostra offerta, ogni modello deve superare test approfonditi, sia durante la produzione presso gli stabilimenti dei nostri partner, sia nel nostro reparto interno di controllo qualit\u00e0. Per questo motivo, ogni anno, respingiamo la stragrande maggioranza delle proposte che ci vengono presentate da altri produttori.&#8221; font_container=&#8221;tag:h2|font_size:17|text_align:center|color:%233F3F3F|line_height:2&#8243; google_fonts=&#8221;font_family:Open%20Sans%3A300%2C300italic%2Cregular%2Citalic%2C600%2C600italic%2C700%2C700italic%2C800%2C800italic|font_style:400%20regular%3A400%3Anormal&#8221; css=&#8221;.vc_custom_1761558694691{padding-top: 30px !important;padding-bottom: 20px !important;}&#8221;][vc_custom_heading text=&#8221;Per facilitare la vostra decisione, offriamo il noleggio di apparecchiature per test comparativi. Desideriamo che i nostri clienti acquistino con piena consapevolezza, pertanto li aiutiamo sempre a scegliere il modello che meglio si adatta alle loro esigenze specifiche.&#8221; font_container=&#8221;tag:h2|font_size:17|text_align:center|color:%233F3F3F|line_height:2&#8243; google_fonts=&#8221;font_family:Open%20Sans%3A300%2C300italic%2Cregular%2Citalic%2C600%2C600italic%2C700%2C700italic%2C800%2C800italic|font_style:400%20regular%3A400%3Anormal&#8221; css=&#8221;.vc_custom_1761558785432{padding-bottom: 20px !important;}&#8221;][\/vc_column][\/vc_row][vc_row full_width=&#8221;stretch_row&#8221; css=&#8221;.vc_custom_1761559076559{margin-bottom: 20px !important;padding-bottom: 20px !important;}&#8221;][vc_column][vc_custom_heading text=&#8221;I nostri successi&#8221; font_container=&#8221;tag:h2|font_size:35|text_align:center|color:%233F3F3F&#8221; google_fonts=&#8221;font_family:Open%20Sans%3A300%2C300italic%2Cregular%2Citalic%2C600%2C600italic%2C700%2C700italic%2C800%2C800italic|font_style:700%20bold%20regular%3A700%3Anormal&#8221; css=&#8221;&#8221;][\/vc_column][\/vc_row][vc_row full_width=&#8221;stretch_row&#8221; content_placement=&#8221;middle&#8221; css_animation=&#8221;zoomIn&#8221;][vc_column width=&#8221;1\/3&#8243;][vc_single_image image=&#8221;69128&#8243; img_size=&#8221;400&#215;400&#8243; alignment=&#8221;center&#8221; css=&#8221;&#8221;][vc_custom_heading text=&#8221;2023&#8243; font_container=&#8221;tag:h2|font_size:20|text_align:center|color:%233F3F3F&#8221; google_fonts=&#8221;font_family:Open%20Sans%3A300%2C300italic%2Cregular%2Citalic%2C600%2C600italic%2C700%2C700italic%2C800%2C800italic|font_style:600%20bold%20regular%3A600%3Anormal&#8221; css=&#8221;&#8221;][vc_custom_heading text=&#8221;Partner d&apos;oro di Okayo Electronics&#8221; font_container=&#8221;tag:h2|font_size:15|text_align:center|color:%233F3F3F&#8221; google_fonts=&#8221;font_family:Open%20Sans%3A300%2C300italic%2Cregular%2Citalic%2C600%2C600italic%2C700%2C700italic%2C800%2C800italic|font_style:400%20regular%3A400%3Anormal&#8221; css=&#8221;.vc_custom_1761557085953{padding-bottom: 20px !important;}&#8221;][\/vc_column][vc_column width=&#8221;1\/3&#8243;][vc_single_image image=&#8221;69129&#8243; img_size=&#8221;400&#215;400&#8243; alignment=&#8221;center&#8221; css=&#8221;&#8221;][vc_custom_heading text=&#8221;2024&#8243; font_container=&#8221;tag:h2|font_size:20|text_align:center|color:%233F3F3F&#8221; google_fonts=&#8221;font_family:Open%20Sans%3A300%2C300italic%2Cregular%2Citalic%2C600%2C600italic%2C700%2C700italic%2C800%2C800italic|font_style:600%20bold%20regular%3A600%3Anormal&#8221; css=&#8221;&#8221;][vc_custom_heading text=&#8221;Partner platino di Okayo Electronics&#8221; font_container=&#8221;tag:h2|font_size:15|text_align:center|color:%233F3F3F&#8221; google_fonts=&#8221;font_family:Open%20Sans%3A300%2C300italic%2Cregular%2Citalic%2C600%2C600italic%2C700%2C700italic%2C800%2C800italic|font_style:400%20regular%3A400%3Anormal&#8221; css=&#8221;.vc_custom_1761557073752{padding-bottom: 20px !important;}&#8221;][\/vc_column][vc_column width=&#8221;1\/3&#8243;][vc_single_image image=&#8221;69130&#8243; img_size=&#8221;400&#215;400&#8243; alignment=&#8221;center&#8221; css=&#8221;&#8221;][vc_custom_heading text=&#8221;2025&#8243; font_container=&#8221;tag:h2|font_size:20|text_align:center|color:%233F3F3F&#8221; google_fonts=&#8221;font_family:Open%20Sans%3A300%2C300italic%2Cregular%2Citalic%2C600%2C600italic%2C700%2C700italic%2C800%2C800italic|font_style:600%20bold%20regular%3A600%3Anormal&#8221; css=&#8221;&#8221;][vc_custom_heading text=&#8221;Partner diamante di Okayo Electronics&#8221; font_container=&#8221;tag:h2|font_size:15|text_align:center|color:%233F3F3F&#8221; google_fonts=&#8221;font_family:Open%20Sans%3A300%2C300italic%2Cregular%2Citalic%2C600%2C600italic%2C700%2C700italic%2C800%2C800italic|font_style:400%20regular%3A400%3Anormal&#8221; css=&#8221;.vc_custom_1777025944749{padding-bottom: 20px !important;}&#8221;][\/vc_column][\/vc_row][\/vc_section]<\/p>\n<\/div>","protected":false},"excerpt":{"rendered":"<p>[vc_section][vc_row full_width=&#8221;stretch_row&#8221; css=&#8221;.vc_custom_1761215406005{margin-top: 30px !important;margin-bottom: 50px !important;padding-top: 30px !important;padding-bottom: 50px !important;}&#8221;][vc_column][vc_custom_heading text=&#8221;Chi siamo?&#8221; font_container=&#8221;tag:h2|font_size:35|text_align:center|color:%233F3F3F&#8221; google_fonts=&#8221;font_family:Open%20Sans%3A300%2C300italic%2Cregular%2Citalic%2C600%2C600italic%2C700%2C700italic%2C800%2C800italic|font_style:700%20bold%20regular%3A700%3Anormal&#8221; css=&#8221;.vc_custom_1761210000177{padding-bottom: 20px !important;}&#8221;][vc_custom_heading text=&#8221;In qualit\u00e0 di pioniere nell&apos;offerta di sistemi per guide turistiche e prima<\/p>\n","protected":false},"author":353,"featured_media":0,"parent":0,"menu_order":0,"comment_status":"closed","ping_status":"closed","template":"","meta":{"_acf_changed":false,"footnotes":""},"class_list":["post-69131","page","type-page","status-publish","hentry"],"acf":[],"_links":{"self":[{"href":"https:\/\/mexpo.eu\/it\/wp-json\/wp\/v2\/pages\/69131","targetHints":{"allow":["GET"]}}],"collection":[{"href":"https:\/\/mexpo.eu\/it\/wp-json\/wp\/v2\/pages"}],"about":[{"href":"https:\/\/mexpo.eu\/it\/wp-json\/wp\/v2\/types\/page"}],"author":[{"embeddable":true,"href":"https:\/\/mexpo.eu\/it\/wp-json\/wp\/v2\/users\/353"}],"replies":[{"embeddable":true,"href":"https:\/\/mexpo.eu\/it\/wp-json\/wp\/v2\/comments?post=69131"}],"version-history":[{"count":2,"href":"https:\/\/mexpo.eu\/it\/wp-json\/wp\/v2\/pages\/69131\/revisions"}],"predecessor-version":[{"id":69135,"href":"https:\/\/mexpo.eu\/it\/wp-json\/wp\/v2\/pages\/69131\/revisions\/69135"}],"wp:attachment":[{"href":"https:\/\/mexpo.eu\/it\/wp-json\/wp\/v2\/media?parent=69131"}],"curies":[{"name":"wp","href":"https:\/\/api.w.org\/{rel}","templated":true}]}}