{"id":68886,"date":"2026-04-16T14:58:26","date_gmt":"2026-04-16T12:58:26","guid":{"rendered":"https:\/\/mexpo.eu\/test-e-noleggio\/"},"modified":"2026-04-16T15:27:16","modified_gmt":"2026-04-16T13:27:16","slug":"test-e-noleggio","status":"publish","type":"page","link":"https:\/\/mexpo.eu\/it\/test-e-noleggio\/","title":{"rendered":"Test e noleggio"},"content":{"rendered":"<div class=\"wpb-content-wrapper\"><p>[vc_section full_width=&#8221;stretch_row&#8221; css=&#8221;.vc_custom_1762162986145{margin-top: 0px !important;margin-bottom: 0px !important;border-top-width: 0px !important;border-bottom-width: 0px !important;padding-top: 0px !important;padding-bottom: 0px !important;background-color: #FFFDFA !important;}&#8221;][vc_row full_width=&#8221;stretch_row&#8221; content_placement=&#8221;middle&#8221; css=&#8221;.vc_custom_1762164156755{margin-top: 0px !important;border-top-width: 0px !important;padding-top: 0px !important;padding-bottom: 50px !important;background-color: #F6F1EA !important;}&#8221;][vc_column][vc_single_image image=&#8221;68874&#8243; img_size=&#8221;&#8221; alignment=&#8221;center&#8221; css=&#8221;&#8221;][vc_custom_heading text=&#8221;Fa\u2019 una scelta consapevole \u2013 testa e noleggia i nostri sistemi!&#8221; font_container=&#8221;tag:h2|font_size:40|text_align:center&#8221; google_fonts=&#8221;font_family:Roboto%3A100%2C100italic%2C300%2C300italic%2Cregular%2Citalic%2C500%2C500italic%2C700%2C700italic%2C900%2C900italic|font_style:900%20bold%20regular%3A900%3Anormal&#8221; css=&#8221;&#8221;][vc_custom_heading text=&#8221;Prendi una decisione senza rischi. Offriamo prove gratuite dei nostri dispositivi nel tuo ambiente abituale \u2013 verifica la loro efficacia prima di investire denaro. E se hai bisogno di pi\u00f9 tempo e di un numero maggiore di dispositivi, approfitta dell&apos;opzione di noleggio.&#8221; font_container=&#8221;tag:h2|font_size:20|text_align:center|line_height:1.5&#8243; google_fonts=&#8221;font_family:Roboto%3A100%2C100italic%2C300%2C300italic%2Cregular%2Citalic%2C500%2C500italic%2C700%2C700italic%2C900%2C900italic|font_style:300%20light%20regular%3A300%3Anormal&#8221; css=&#8221;&#8221;][\/vc_column][\/vc_row][vc_row full_width=&#8221;stretch_row&#8221; content_placement=&#8221;middle&#8221; css=&#8221;.vc_custom_1761909098356{padding-top: 70px !important;padding-bottom: 50px !important;}&#8221;][vc_column width=&#8221;1\/2&#8243;][vc_single_image image=&#8221;68875&#8243; img_size=&#8221;&#8221; alignment=&#8221;center&#8221; css=&#8221;&#8221;][\/vc_column][vc_column width=&#8221;1\/2&#8243;][vc_custom_heading text=&#8221;Testa il sistema gratuitamente&#8221; font_container=&#8221;tag:h2|font_size:28|text_align:left&#8221; google_fonts=&#8221;font_family:Roboto%3A100%2C100italic%2C300%2C300italic%2Cregular%2Citalic%2C500%2C500italic%2C700%2C700italic%2C900%2C900italic|font_style:700%20bold%20regular%3A700%3Anormal&#8221; css=&#8221;&#8221;][vc_column_text css=&#8221;&#8221;]<\/p>\n<p>Riteniamo che la scelta migliore sia quella consapevole, per questo offriamo la <strong>possibilit\u00e0 di provare gratuitamente<\/strong> i nostri dispositivi. Vogliamo che tu prenda la decisione migliore, senza timori o dubbi sulla corrispondenza del sistema scelto alle tue aspettative.<\/p>\n<p>[\/vc_column_text][vc_row_inner content_placement=&#8221;middle&#8221; gap=&#8221;30&#8243;][vc_column_inner width=&#8221;1\/6&#8243;][vc_single_image image=&#8221;68876&#8243; img_size=&#8221;&#8221; alignment=&#8221;center&#8221; css=&#8221;&#8221;][\/vc_column_inner][vc_column_inner width=&#8221;5\/6&#8243; css=&#8221;.vc_custom_1761911647853{padding-left: 0px !important;}&#8221;][vc_column_text css=&#8221;&#8221;]<\/p>\n<p>Riceverai <strong>2-3 dispositivi<\/strong> di un dato modello con un set completo di accessori.<\/p>\n<p>[\/vc_column_text][\/vc_column_inner][\/vc_row_inner][vc_row_inner content_placement=&#8221;middle&#8221; gap=&#8221;30&#8243;][vc_column_inner width=&#8221;1\/6&#8243;][vc_single_image image=&#8221;68877&#8243; img_size=&#8221;&#8221; alignment=&#8221;center&#8221; css=&#8221;&#8221;][\/vc_column_inner][vc_column_inner width=&#8221;5\/6&#8243; css=&#8221;.vc_custom_1761911643939{padding-left: 0px !important;}&#8221;][vc_column_text css=&#8221;&#8221;]<\/p>\n<p>Ti diamo da\u00a0<strong>5 a 7 giorni<\/strong>per testare e valutare con calma l&#8217;attrezzatura nel tuo ambiente.<\/p>\n<p>[\/vc_column_text][\/vc_column_inner][\/vc_row_inner][vc_row_inner content_placement=&#8221;middle&#8221; gap=&#8221;30&#8243;][vc_column_inner width=&#8221;1\/6&#8243;][vc_single_image image=&#8221;68878&#8243; img_size=&#8221;&#8221; alignment=&#8221;center&#8221; css=&#8221;&#8221;][\/vc_column_inner][vc_column_inner width=&#8221;5\/6&#8243; css=&#8221;.vc_custom_1761911640197{padding-left: 0px !important;}&#8221;][vc_column_text css=&#8221;&#8221;]<\/p>\n<p><strong>Ti invitiamo a testare contemporaneamente 2-3 modelli diversi.<\/strong>Questo ti consentir\u00e0 di confrontare e valutare in modo affidabilela funzionalit\u00e0 e scegliere l\u2019opzione pi\u00f9 adatta alle tue esigenze.<\/p>\n<p>[\/vc_column_text][\/vc_column_inner][\/vc_row_inner][vc_row_inner content_placement=&#8221;middle&#8221; gap=&#8221;30&#8243; css=&#8221;.vc_custom_1761834264131{padding-bottom: 50px !important;}&#8221;][vc_column_inner width=&#8221;1\/6&#8243;][vc_single_image image=&#8221;68879&#8243; img_size=&#8221;&#8221; alignment=&#8221;center&#8221; css=&#8221;&#8221;][\/vc_column_inner][vc_column_inner width=&#8221;5\/6&#8243; css=&#8221;.vc_custom_1761911635898{padding-left: 0px !important;}&#8221;][vc_column_text css=&#8221;&#8221;]<\/p>\n<p>Richiediamo soltanto una<strong>cauzione<\/strong>. Quest\u2019importo ti sar\u00e0 restituito integralmente subito dopo la restituzione del set completo.<\/p>\n<p>[\/vc_column_text][\/vc_column_inner][\/vc_row_inner][vc_btn title=&#8221;Voglio testare il sistema&#8221; style=&#8221;gradient-custom&#8221; gradient_custom_color_1=&#8221;#8BD5EE&#8221; gradient_custom_color_2=&#8221;#8BD5EE&#8221; gradient_text_color=&#8221;#545454&#8243; shape=&#8221;round&#8221; align=&#8221;center&#8221; i_type=&#8221;linecons&#8221; i_icon_linecons=&#8221;vc_li vc_li-mail&#8221; css=&#8221;&#8221; add_icon=&#8221;true&#8221; link=&#8221;url:https%3A%2F%2Fmexpo.eu%2Fit%2Fmodulo-test%2F|title:Formularz%20zam%C3%B3wienia%20sprz%C4%99tu%20do%20test%C3%B3w|&#8221;][\/vc_column][\/vc_row][vc_row full_width=&#8221;stretch_row&#8221; content_placement=&#8221;middle&#8221; css=&#8221;.vc_custom_1762162784618{padding-top: 50px !important;padding-bottom: 50px !important;}&#8221;][vc_column width=&#8221;1\/2&#8243;][vc_custom_heading text=&#8221;Noleggia per un periodo pi\u00f9 lungo&#8221; font_container=&#8221;tag:h2|font_size:28|text_align:left&#8221; google_fonts=&#8221;font_family:Roboto%3A100%2C100italic%2C300%2C300italic%2Cregular%2Citalic%2C500%2C500italic%2C700%2C700italic%2C900%2C900italic|font_style:700%20bold%20regular%3A700%3Anormal&#8221; css=&#8221;&#8221;][vc_column_text css=&#8221;&#8221;]<\/p>\n<p>Se ritieni che il periodo di prova standard sia troppo breve per te o hai bisogno di testare pi\u00f9 approfonditamente l&#8217;attrezzatura nelle tue condizioni, approfitta della nostra opzione di noleggio<\/p>\n<p>[\/vc_column_text][vc_row_inner content_placement=&#8221;middle&#8221; gap=&#8221;30&#8243; css=&#8221;.vc_custom_1761911595298{padding-left: 0px !important;}&#8221;][vc_column_inner width=&#8221;1\/6&#8243;][vc_single_image image=&#8221;68880&#8243; img_size=&#8221;&#8221; alignment=&#8221;center&#8221; css=&#8221;&#8221;][\/vc_column_inner][vc_column_inner width=&#8221;5\/6&#8243; css=&#8221;.vc_custom_1761911631158{padding-left: 0px !important;}&#8221;][vc_column_text css=&#8221;&#8221;]<\/p>\n<p>Riceverai un <strong>set completo<\/strong> composto dal numero di trasmettitori e ricevitori da te ricihesto, insieme a tutti gli accessori necessari.<\/p>\n<p>[\/vc_column_text][\/vc_column_inner][\/vc_row_inner][vc_row_inner content_placement=&#8221;middle&#8221; gap=&#8221;30&#8243; css=&#8221;.vc_custom_1761911591589{padding-left: 0px !important;}&#8221;][vc_column_inner width=&#8221;1\/6&#8243;][vc_single_image image=&#8221;68881&#8243; img_size=&#8221;&#8221; alignment=&#8221;center&#8221; css=&#8221;&#8221;][\/vc_column_inner][vc_column_inner width=&#8221;5\/6&#8243; css=&#8221;.vc_custom_1761911625904{padding-left: 0px !important;}&#8221;][vc_column_text css=&#8221;.vc_custom_1761911607825{padding-left: 0px !important;}&#8221;]<\/p>\n<p>La durata del periodo di noleggio dipender\u00e0 esclusivamente dalle tue esigenze &#8211; <strong>mettiamo a disposizione l&#8217;attrezzatura per un numero illimitato di giorni o, addirittura per mesi.<\/strong><\/p>\n<p>[\/vc_column_text][\/vc_column_inner][\/vc_row_inner][vc_row_inner content_placement=&#8221;middle&#8221; gap=&#8221;30&#8243; css=&#8221;.vc_custom_1761906854933{padding-bottom: 50px !important;}&#8221;][vc_column_inner width=&#8221;1\/6&#8243;][vc_single_image image=&#8221;68882&#8243; img_size=&#8221;&#8221; alignment=&#8221;right&#8221; css=&#8221;.vc_custom_1776344273785{margin-top: 0px !important;margin-right: 0px !important;margin-bottom: 0px !important;margin-left: 0px !important;padding-top: 0px !important;padding-right: 0px !important;padding-bottom: 0px !important;padding-left: 0px !important;}&#8221;][\/vc_column_inner][vc_column_inner width=&#8221;5\/6&#8243; css=&#8221;.vc_custom_1761911566298{padding-left: 0px !important;}&#8221;][vc_column_text css=&#8221;.vc_custom_1762172832320{padding-left: 0px !important;}&#8221;]<\/p>\n<p>Il prezzo del noleggio del sistema dipende dal <strong>numero di ricevitori e dalla durata del noleggio<\/strong>. Pi\u00f9 lungo \u00e8 il periodo di noleggio, minore \u00e8 il prezzo.<\/p>\n<p>[\/vc_column_text][\/vc_column_inner][\/vc_row_inner][vc_btn title=&#8221;Voglio noleggiare il sistema&#8221; style=&#8221;gradient-custom&#8221; gradient_custom_color_1=&#8221;#8BD5EE&#8221; gradient_custom_color_2=&#8221;#8BD5EE&#8221; gradient_text_color=&#8221;#545454&#8243; shape=&#8221;round&#8221; align=&#8221;center&#8221; i_type=&#8221;entypo&#8221; i_icon_entypo=&#8221;entypo-icon entypo-icon-right-open&#8221; css=&#8221;&#8221; add_icon=&#8221;true&#8221; link=&#8221;url:https%3A%2F%2Ftourguidewynajem.pl%2F%23section-kontakt|&#8221;][\/vc_column][vc_column width=&#8221;1\/2&#8243;][vc_single_image image=&#8221;68883&#8243; img_size=&#8221;&#8221; alignment=&#8221;center&#8221; css=&#8221;&#8221;][\/vc_column][\/vc_row][\/vc_section]<\/p>\n<\/div>","protected":false},"excerpt":{"rendered":"<p>[vc_section full_width=&#8221;stretch_row&#8221; css=&#8221;.vc_custom_1762162986145{margin-top: 0px !important;margin-bottom: 0px !important;border-top-width: 0px !important;border-bottom-width: 0px !important;padding-top: 0px !important;padding-bottom: 0px !important;background-color: #FFFDFA !important;}&#8221;][vc_row full_width=&#8221;stretch_row&#8221; content_placement=&#8221;middle&#8221; css=&#8221;.vc_custom_1762164156755{margin-top: 0px !important;border-top-width: 0px !important;padding-top: 0px !important;padding-bottom: 50px !important;background-color: #F6F1EA !important;}&#8221;][vc_column][vc_single_image<\/p>\n","protected":false},"author":338,"featured_media":0,"parent":0,"menu_order":0,"comment_status":"closed","ping_status":"closed","template":"","meta":{"_acf_changed":false,"footnotes":""},"class_list":["post-68886","page","type-page","status-publish","hentry"],"acf":[],"_links":{"self":[{"href":"https:\/\/mexpo.eu\/it\/wp-json\/wp\/v2\/pages\/68886","targetHints":{"allow":["GET"]}}],"collection":[{"href":"https:\/\/mexpo.eu\/it\/wp-json\/wp\/v2\/pages"}],"about":[{"href":"https:\/\/mexpo.eu\/it\/wp-json\/wp\/v2\/types\/page"}],"author":[{"embeddable":true,"href":"https:\/\/mexpo.eu\/it\/wp-json\/wp\/v2\/users\/338"}],"replies":[{"embeddable":true,"href":"https:\/\/mexpo.eu\/it\/wp-json\/wp\/v2\/comments?post=68886"}],"version-history":[{"count":6,"href":"https:\/\/mexpo.eu\/it\/wp-json\/wp\/v2\/pages\/68886\/revisions"}],"predecessor-version":[{"id":68922,"href":"https:\/\/mexpo.eu\/it\/wp-json\/wp\/v2\/pages\/68886\/revisions\/68922"}],"wp:attachment":[{"href":"https:\/\/mexpo.eu\/it\/wp-json\/wp\/v2\/media?parent=68886"}],"curies":[{"name":"wp","href":"https:\/\/api.w.org\/{rel}","templated":true}]}}