{"id":53892,"date":"2025-06-24T12:44:16","date_gmt":"2025-06-24T10:44:16","guid":{"rendered":"https:\/\/mguide.eu\/azienda-polacca\/"},"modified":"2025-06-24T12:44:16","modified_gmt":"2025-06-24T10:44:16","slug":"azienda-polacca","status":"publish","type":"page","link":"https:\/\/mexpo.eu\/it\/azienda-polacca\/","title":{"rendered":"Punta su un&#8217;azienda polacca \u2013 una scelta che ripaga!"},"content":{"rendered":"<div class=\"wpb-content-wrapper\"><p>[vc_row][vc_column][vc_column_text css=&#8221;&#8221;]Il mercato globale e internet ti offrono innumerevoli opzioni per la scelta del tuo fornitore e del tuo prodotto, a volte anche agli antipodi del tuo Paese di provenienza. Alcune di queste opzioni possono sembrare molto competitive. A volte, per\u00f2, la loro convenienza pu\u00f2 essere solo illusoria.<\/p>\n<p>Noi di Mexpo crediamo nel <strong>valore del business locale<\/strong> e vogliamo che ti senta sicuro\/a quando acquisti prodotti da noi.<\/p>\n<p><span style=\"font-size: medium;\"><strong>Perch\u00e9 scegliere un&#8217;azienda polacca come la nostra rispetto alle piattaforme di vendita estere?<\/strong><\/span>[\/vc_column_text][\/vc_column][\/vc_row][vc_row equal_height=&#8221;yes&#8221; content_placement=&#8221;middle&#8221; css=&#8221;.vc_custom_1750762887303{margin-top: 50px !important;}&#8221;][vc_column width=&#8221;1\/6&#8243;][vc_single_image image=&#8221;53827&#8243; img_size=&#8221;&#8221; alignment=&#8221;right&#8221; css=&#8221;&#8221;][\/vc_column][vc_column width=&#8221;5\/6&#8243;][vc_custom_heading text=&#8221;Certezza e sicurezza degli acquisti&#8221; font_container=&#8221;tag:h2|font_size:18|text_align:left&#8221; google_fonts=&#8221;font_family:Open%20Sans%3A300%2C300italic%2Cregular%2Citalic%2C600%2C600italic%2C700%2C700italic%2C800%2C800italic|font_style:700%20bold%20regular%3A700%3Anormal&#8221; css=&#8221;&#8221;][vc_column_text css=&#8221;&#8221;]Siamo un&#8217;azienda polacca registrata, che opera in conformit\u00e0 alla legge polacca. Ci\u00f2 significa <strong>tutela totale dei tuoi diritti di consumatore<\/strong>, facilit\u00e0 di contatto e regole trasparenti per i resi e i reclami. Non dovrai preoccuparti di procedure complicate con intermediari stranieri.[\/vc_column_text][\/vc_column][\/vc_row][vc_row equal_height=&#8221;yes&#8221; content_placement=&#8221;middle&#8221; css=&#8221;.vc_custom_1750762892369{margin-top: 30px !important;}&#8221;][vc_column width=&#8221;1\/6&#8243;][vc_single_image image=&#8221;53842&#8243; img_size=&#8221;&#8221; alignment=&#8221;right&#8221; css=&#8221;&#8221;][\/vc_column][vc_column width=&#8221;5\/6&#8243;][vc_custom_heading text=&#8221;Magazzino in Polonia = consegna rapida&#8221; font_container=&#8221;tag:h2|font_size:18|text_align:left&#8221; google_fonts=&#8221;font_family:Open%20Sans%3A300%2C300italic%2Cregular%2Citalic%2C600%2C600italic%2C700%2C700italic%2C800%2C800italic|font_style:700%20bold%20regular%3A700%3Anormal&#8221; css=&#8221;&#8221;][vc_column_text css=&#8221;&#8221;]Tutti i prodotti venduti nel nostro negozio <strong>sono disponibili nel nostro magazzino polacco.<\/strong> Scordati le lunghe attese per i pacchi provenienti da Paesi lontani! I prodotti ordinati da noi ti arriveranno rapidamente e senza problemi, esenti da spese doganali occulte o sorprese aggiuntive.[\/vc_column_text][\/vc_column][\/vc_row][vc_row equal_height=&#8221;yes&#8221; content_placement=&#8221;middle&#8221; css=&#8221;.vc_custom_1750762898110{margin-top: 30px !important;}&#8221;][vc_column width=&#8221;1\/6&#8243;][vc_single_image image=&#8221;53836&#8243; img_size=&#8221;&#8221; alignment=&#8221;right&#8221; css=&#8221;&#8221;][\/vc_column][vc_column width=&#8221;5\/6&#8243;][vc_custom_heading text=&#8221;Assistenza e supporto professionale in Polonia&#8221; font_container=&#8221;tag:h2|font_size:18|text_align:left&#8221; google_fonts=&#8221;font_family:Open%20Sans%3A300%2C300italic%2Cregular%2Citalic%2C600%2C600italic%2C700%2C700italic%2C800%2C800italic|font_style:700%20bold%20regular%3A700%3Anormal&#8221; css=&#8221;&#8221;][vc_column_text css=&#8221;&#8221;]Se il tuo prodotto necessita di assistenza tecnica o hai domande da porci, <strong>il nostro team di assistenza \u00e8 fisicamente presente in Polonia.<\/strong> Questo garantisce un&#8217;assistenza rapida ed efficiente, senza dover spedire le apparecchiature all&#8217;estero o affrontare una barriera linguistica e, spesso, culturale. Potrai parlare con noi nella tua lingua e avere la certezza che la vostra richiesta sar\u00e0 trattata come una priorit\u00e0.[\/vc_column_text][\/vc_column][\/vc_row][vc_row equal_height=&#8221;yes&#8221; content_placement=&#8221;middle&#8221; css=&#8221;.vc_custom_1750762904378{margin-top: 30px !important;}&#8221;][vc_column width=&#8221;1\/6&#8243;][vc_single_image image=&#8221;53848&#8243; img_size=&#8221;&#8221; alignment=&#8221;right&#8221; css=&#8221;&#8221;][\/vc_column][vc_column width=&#8221;5\/6&#8243;][vc_custom_heading text=&#8221;Sostieni l\u2019economia polacca&#8221; font_container=&#8221;tag:h2|font_size:18|text_align:left&#8221; google_fonts=&#8221;font_family:Open%20Sans%3A300%2C300italic%2Cregular%2Citalic%2C600%2C600italic%2C700%2C700italic%2C800%2C800italic|font_style:700%20bold%20regular%3A700%3Anormal&#8221; css=&#8221;&#8221;][vc_column_text css=&#8221;&#8221;]Ogni acquisto presso la nostra azienda rappresenta un <strong>sostegno al mercato del lavoro polacco, ai fornitori locali e alle casse dello Stato.<\/strong> \u00c8 il tuo contributo reale allo sviluppo dell&#8217;imprenditorialit\u00e0 e della forza economica nazionale.[\/vc_column_text][\/vc_column][\/vc_row][vc_row equal_height=&#8221;yes&#8221; content_placement=&#8221;middle&#8221; css=&#8221;.vc_custom_1750762916650{margin-top: 30px !important;}&#8221;][vc_column width=&#8221;1\/6&#8243;][vc_single_image image=&#8221;53854&#8243; img_size=&#8221;&#8221; alignment=&#8221;right&#8221; css=&#8221;&#8221;][\/vc_column][vc_column width=&#8221;5\/6&#8243;][vc_custom_heading text=&#8221;Responsabilit\u00e0 e fiducia&#8221; font_container=&#8221;tag:h2|font_size:18|text_align:left&#8221; google_fonts=&#8221;font_family:Open%20Sans%3A300%2C300italic%2Cregular%2Citalic%2C600%2C600italic%2C700%2C700italic%2C800%2C800italic|font_style:700%20bold%20regular%3A700%3Anormal&#8221; css=&#8221;&#8221;][vc_column_text css=&#8221;&#8221;]Come azienda polacca, costruiamo la nostra reputazione sulla <strong>fiducia<\/strong> e sulla responsabilit\u00e0. Ci impegniamo a instaurare relazioni a lungo termine con i clienti, ed \u00e8 per questo che da 25 anni ci concentriamo sulla qualit\u00e0 del nostro servizio e dei nostri prodotti.[\/vc_column_text][\/vc_column][\/vc_row][vc_row css=&#8221;.vc_custom_1750758492750{margin-top: 50px !important;}&#8221;][vc_column][vc_column_text css=&#8221;&#8221;]<span style=\"font-size: medium;\"><strong>Scegliendo Mexpo e il nostro marchio mGuide, scegli la certezza, la convenienza e il sostegno a ci\u00f2 che \u00e8 polacco. Grazie per la tua fiducia!<\/strong><\/span>[\/vc_column_text][\/vc_column][\/vc_row]<\/p>\n<\/div>","protected":false},"excerpt":{"rendered":"<p>[vc_row][vc_column][vc_column_text css=&#8221;&#8221;]Il mercato globale e internet ti offrono innumerevoli opzioni per la scelta del tuo fornitore e del tuo prodotto, a volte anche agli antipodi del tuo Paese di provenienza.<\/p>\n","protected":false},"author":338,"featured_media":0,"parent":0,"menu_order":0,"comment_status":"closed","ping_status":"closed","template":"","meta":{"_acf_changed":false,"footnotes":""},"class_list":["post-53892","page","type-page","status-publish","hentry"],"acf":[],"_links":{"self":[{"href":"https:\/\/mexpo.eu\/it\/wp-json\/wp\/v2\/pages\/53892","targetHints":{"allow":["GET"]}}],"collection":[{"href":"https:\/\/mexpo.eu\/it\/wp-json\/wp\/v2\/pages"}],"about":[{"href":"https:\/\/mexpo.eu\/it\/wp-json\/wp\/v2\/types\/page"}],"author":[{"embeddable":true,"href":"https:\/\/mexpo.eu\/it\/wp-json\/wp\/v2\/users\/338"}],"replies":[{"embeddable":true,"href":"https:\/\/mexpo.eu\/it\/wp-json\/wp\/v2\/comments?post=53892"}],"version-history":[{"count":0,"href":"https:\/\/mexpo.eu\/it\/wp-json\/wp\/v2\/pages\/53892\/revisions"}],"wp:attachment":[{"href":"https:\/\/mexpo.eu\/it\/wp-json\/wp\/v2\/media?parent=53892"}],"curies":[{"name":"wp","href":"https:\/\/api.w.org\/{rel}","templated":true}]}}