{"id":69313,"date":"2026-05-15T11:36:06","date_gmt":"2026-05-15T09:36:06","guid":{"rendered":"https:\/\/mexpo.eu\/?post_type=product&#038;p=69313"},"modified":"2026-05-15T11:36:07","modified_gmt":"2026-05-15T09:36:07","slug":"batterie-pour-appareils-grand-multicom-grand-multicom-pro","status":"publish","type":"product","link":"https:\/\/mexpo.eu\/fr\/produkt\/batterie-pour-appareils-grand-multicom-grand-multicom-pro\/","title":{"rendered":"Batterie pour appareils Grand Multicom\/Grand Multicom PRO"},"content":{"rendered":"<p><span style=\"color: #800000;\"><strong>Ce produit est fabriqu\u00e9 sur commande. Pour planifier la prochaine date de livraison possible et discuter des d\u00e9tails de traitement, veuillez contacter notre service client.<\/strong><\/span><\/p>\n<p>Cette batterie d&#8217;origine est con\u00e7ue pour les mod\u00e8les Grand Multicom et Grand Multicom PRO. Sa capacit\u00e9 de 2\u00a0000 mAh offre une autonomie de plusieurs heures en utilisation intensive sans n\u00e9cessiter de recharges fr\u00e9quentes. Les cellules sont fabriqu\u00e9es avec la technologie lithium-ion (Li-ion).<\/p>\n","protected":false},"excerpt":{"rendered":"<p>Batterie Li-ion d&#8217;origine pour les appareils Grand Multicom et Grand Multicom PRO.<\/p>\n","protected":false},"featured_media":69312,"template":"","meta":{"_acf_changed":false},"product_brand":[],"product_cat":[5934],"product_tag":[],"class_list":{"0":"post-69313","1":"product","2":"type-product","3":"status-publish","4":"has-post-thumbnail","6":"product_cat-piles-et-piles-rechargeables","8":"first","9":"onbackorder","10":"taxable","11":"shipping-taxable","12":"purchasable","13":"product-type-simple"},"acf":[],"_links":{"self":[{"href":"https:\/\/mexpo.eu\/fr\/wp-json\/wp\/v2\/product\/69313","targetHints":{"allow":["GET"]}}],"collection":[{"href":"https:\/\/mexpo.eu\/fr\/wp-json\/wp\/v2\/product"}],"about":[{"href":"https:\/\/mexpo.eu\/fr\/wp-json\/wp\/v2\/types\/product"}],"wp:featuredmedia":[{"embeddable":true,"href":"https:\/\/mexpo.eu\/fr\/wp-json\/wp\/v2\/media\/69312"}],"wp:attachment":[{"href":"https:\/\/mexpo.eu\/fr\/wp-json\/wp\/v2\/media?parent=69313"}],"wp:term":[{"taxonomy":"product_brand","embeddable":true,"href":"https:\/\/mexpo.eu\/fr\/wp-json\/wp\/v2\/product_brand?post=69313"},{"taxonomy":"product_cat","embeddable":true,"href":"https:\/\/mexpo.eu\/fr\/wp-json\/wp\/v2\/product_cat?post=69313"},{"taxonomy":"product_tag","embeddable":true,"href":"https:\/\/mexpo.eu\/fr\/wp-json\/wp\/v2\/product_tag?post=69313"}],"curies":[{"name":"wp","href":"https:\/\/api.w.org\/{rel}","templated":true}]}}