{"id":69245,"date":"2026-05-13T13:31:16","date_gmt":"2026-05-13T11:31:16","guid":{"rendered":"https:\/\/mexpo.eu\/?post_type=product&#038;p=69245"},"modified":"2026-05-15T11:35:39","modified_gmt":"2026-05-15T09:35:39","slug":"maytel-grand-multicom-pro-863865mhz","status":"publish","type":"product","link":"https:\/\/mexpo.eu\/fr\/produkt\/maytel-grand-multicom-pro-863865mhz\/","title":{"rendered":"Maytel Grand Multicom PRO 863~865MHz"},"content":{"rendered":"<p><span style=\"color: #800000;\"><strong>Ce produit est fabriqu\u00e9 sur commande. Pour planifier la prochaine date de livraison et discuter des modalit\u00e9s, veuillez contacter notre magasin.<\/strong><\/span><\/p>\n<p>L&#8217;interphone sans fil Grand Multicom PRO 863 est un syst\u00e8me de communication con\u00e7u pour les environnements de travail les plus exigeants (services, industrie et commerce). Cet appareil se distingue par sa robustesse exceptionnelle, garantie par la norme IP67 d&#8217;\u00e9tanch\u00e9it\u00e9 \u00e0 l&#8217;eau et \u00e0 la poussi\u00e8re. Malgr\u00e9 sa conception robuste, il est portable et l\u00e9ger (180 g, batterie incluse).<\/p>\n<p>Inclus avec l&#8217;appareil\u00a0: batterie de rechange, casque HSB-02G, c\u00e2ble micro USB et \u00e9tui de transport.<\/p>\n<p>Il permet des conversations bidirectionnelles simultan\u00e9es pour un maximum de cinq utilisateurs et une personne suppl\u00e9mentaire (appartenant \u00e0 un groupe d&#8217;\u00e9coute illimit\u00e9) qui appuie sur un bouton. Il peut \u00e9galement \u00eatre configur\u00e9 pour un maximum de six utilisateurs.<\/p>\n<p>Le syst\u00e8me Grand Multicom PRO 863 prend en charge quatre modes de fonctionnement, personnalisables via les boutons et le menu de l&#8217;\u00e9cran OLED (certains modes n\u00e9cessitent l&#8217;achat d&#8217;accessoires suppl\u00e9mentaires, disponibles sur demande).<\/p>\n<p>Caract\u00e9ristiques et technologies cl\u00e9s\u00a0:<\/p>\n<ul>\n<li>Port\u00e9e : environ 500 m\u00e8tres<\/li>\n<li>Autonomie : 10 \u00e0 12 heures<\/li>\n<li>Chargeur USB pratique ou chargeur en vrac<\/li>\n<li>Mode duplex int\u00e9gral jusqu\u2019\u00e0 6 interlocuteurs<\/li>\n<li>Fr\u00e9quence\u00a0: 863-865 MHz<\/li>\n<\/ul>\n<p>Le syst\u00e8me Grand Multicom PRO 863~865 MHz est compatible avec les mod\u00e8les Grand Multicom All-in-One Single et Grand Multicom All-in-One Dual.<\/p>\n","protected":false},"excerpt":{"rendered":"<p>Interphone sans fil de pointe fonctionnant sur une fr\u00e9quence de 863-865 MHz. Solution fiable pour les communications professionnelles en environnements exigeants. Dot\u00e9 d&#8217;un bo\u00eetier ultra-r\u00e9sistant et \u00e9tanche (IP67), il permet des conversations de groupe simultan\u00e9es jusqu&#8217;\u00e0 six personnes, avec un nombre illimit\u00e9 d&#8217;auditeurs. Il int\u00e8gre \u00e9galement un cryptage par code PIN.<\/p>\n","protected":false},"featured_media":69241,"template":"","meta":{"_acf_changed":false},"product_brand":[],"product_cat":[5267],"product_tag":[],"class_list":{"0":"post-69245","1":"product","2":"type-product","3":"status-publish","4":"has-post-thumbnail","6":"product_cat-intercoms-sans-fil","8":"first","9":"onbackorder","10":"taxable","11":"shipping-taxable","12":"purchasable","13":"product-type-simple"},"acf":[],"_links":{"self":[{"href":"https:\/\/mexpo.eu\/fr\/wp-json\/wp\/v2\/product\/69245","targetHints":{"allow":["GET"]}}],"collection":[{"href":"https:\/\/mexpo.eu\/fr\/wp-json\/wp\/v2\/product"}],"about":[{"href":"https:\/\/mexpo.eu\/fr\/wp-json\/wp\/v2\/types\/product"}],"wp:featuredmedia":[{"embeddable":true,"href":"https:\/\/mexpo.eu\/fr\/wp-json\/wp\/v2\/media\/69241"}],"wp:attachment":[{"href":"https:\/\/mexpo.eu\/fr\/wp-json\/wp\/v2\/media?parent=69245"}],"wp:term":[{"taxonomy":"product_brand","embeddable":true,"href":"https:\/\/mexpo.eu\/fr\/wp-json\/wp\/v2\/product_brand?post=69245"},{"taxonomy":"product_cat","embeddable":true,"href":"https:\/\/mexpo.eu\/fr\/wp-json\/wp\/v2\/product_cat?post=69245"},{"taxonomy":"product_tag","embeddable":true,"href":"https:\/\/mexpo.eu\/fr\/wp-json\/wp\/v2\/product_tag?post=69245"}],"curies":[{"name":"wp","href":"https:\/\/api.w.org\/{rel}","templated":true}]}}