{"id":69223,"date":"2026-05-13T13:35:42","date_gmt":"2026-05-13T11:35:42","guid":{"rendered":"https:\/\/mexpo.eu\/?post_type=product&#038;p=69223"},"modified":"2026-05-15T11:35:40","modified_gmt":"2026-05-15T09:35:40","slug":"maytel-grand-multicom-all-in-one-dual","status":"publish","type":"product","link":"https:\/\/mexpo.eu\/fr\/produkt\/maytel-grand-multicom-all-in-one-dual\/","title":{"rendered":"Maytel Grand Multicom All-in-One Dual"},"content":{"rendered":"<p>Ce produit est fabriqu\u00e9 sur commande. Pour planifier la prochaine date de livraison et discuter des modalit\u00e9s, veuillez contacter notre service client.<\/p>\n<p>L&#8217;interphone Grand Multicom All-in-One Dual est un syst\u00e8me professionnel et innovant, compos\u00e9 d&#8217;\u00e9couteurs sans fil \u00e0 double oreillette. Ce syst\u00e8me tout-en-un fiable ne n\u00e9cessite ni station de base ni appairage\u00a0: il est pr\u00eat \u00e0 l&#8217;emploi d\u00e8s sa mise en marche. L\u00e9ger (410\u00a0g) et compact (pliable), il est facile \u00e0 utiliser, \u00e0 transporter et \u00e0 ranger.<\/p>\n<p>Le syst\u00e8me Grand Multicom All-in-One Dual garantit une communication bidirectionnelle simultan\u00e9e jusqu&#8217;\u00e0 six utilisateurs, avec la possibilit\u00e9 pour un nombre illimit\u00e9 d&#8217;auditeurs de prendre le relais. La prise en charge de deux canaux permet de doubler le nombre d&#8217;appelants simultan\u00e9s.<\/p>\n<p>Caract\u00e9ristiques et technologies cl\u00e9s<\/p>\n<ul>\n<li>Port\u00e9e : environ 500 m\u00e8tres<\/li>\n<li>Autonomie de la batterie : 10 heures<\/li>\n<li>Recharge pratique via USB-C ou chargeur multiple<\/li>\n<li>\u00c9cran OLED<\/li>\n<li>R\u00e9duction du bruit par traitement num\u00e9rique du signal (DSP)<\/li>\n<li>Mode duplex int\u00e9gral jusqu\u2019\u00e0 6 interlocuteurs<\/li>\n<li>Fr\u00e9quence\u00a0: 863-865 MHz<\/li>\n<\/ul>\n<p>Le syst\u00e8me Grand Multicom All-in-One Dual est compatible avec les mod\u00e8les Grand Multicom All-in-One Single et Grand Multicom PRO 863.<\/p>\n","protected":false},"excerpt":{"rendered":"<p>Un interphone l\u00e9ger sous forme de casque sans fil supra-auriculaire. Il permet des conversations simultan\u00e9es entre six personnes maximum et un nombre illimit\u00e9 d&#8217;auditeurs. Il est \u00e9galement dot\u00e9 d&#8217;une r\u00e9duction du bruit et d&#8217;une port\u00e9e d&#8217;environ 500 m\u00e8tres.<\/p>\n","protected":false},"featured_media":69220,"template":"","meta":{"_acf_changed":false},"product_brand":[],"product_cat":[5267],"product_tag":[],"class_list":{"0":"post-69223","1":"product","2":"type-product","3":"status-publish","4":"has-post-thumbnail","6":"product_cat-intercoms-sans-fil","8":"first","9":"onbackorder","10":"taxable","11":"shipping-taxable","12":"purchasable","13":"product-type-simple"},"acf":[],"_links":{"self":[{"href":"https:\/\/mexpo.eu\/fr\/wp-json\/wp\/v2\/product\/69223","targetHints":{"allow":["GET"]}}],"collection":[{"href":"https:\/\/mexpo.eu\/fr\/wp-json\/wp\/v2\/product"}],"about":[{"href":"https:\/\/mexpo.eu\/fr\/wp-json\/wp\/v2\/types\/product"}],"wp:featuredmedia":[{"embeddable":true,"href":"https:\/\/mexpo.eu\/fr\/wp-json\/wp\/v2\/media\/69220"}],"wp:attachment":[{"href":"https:\/\/mexpo.eu\/fr\/wp-json\/wp\/v2\/media?parent=69223"}],"wp:term":[{"taxonomy":"product_brand","embeddable":true,"href":"https:\/\/mexpo.eu\/fr\/wp-json\/wp\/v2\/product_brand?post=69223"},{"taxonomy":"product_cat","embeddable":true,"href":"https:\/\/mexpo.eu\/fr\/wp-json\/wp\/v2\/product_cat?post=69223"},{"taxonomy":"product_tag","embeddable":true,"href":"https:\/\/mexpo.eu\/fr\/wp-json\/wp\/v2\/product_tag?post=69223"}],"curies":[{"name":"wp","href":"https:\/\/api.w.org\/{rel}","templated":true}]}}