{"id":68732,"date":"2026-04-13T13:56:47","date_gmt":"2026-04-13T11:56:47","guid":{"rendered":"https:\/\/mexpo.eu\/?post_type=product&#038;p=68732"},"modified":"2026-04-13T13:57:43","modified_gmt":"2026-04-13T11:57:43","slug":"okayo-wt-300d-pro99","status":"publish","type":"product","link":"https:\/\/mexpo.eu\/fr\/produkt\/okayo-wt-300d-pro99\/","title":{"rendered":"Okayo WT-300D PRO99"},"content":{"rendered":"","protected":false},"excerpt":{"rendered":"<p><b data-path-to-node=\"21\" data-index-in-node=\"0\">Okayo WT-300D PRO99<\/b> \u2013 un syst\u00e8me de visite guid\u00e9e num\u00e9rique d&#8217;Okayo Electronics en version \u00e9tendue offrant jusqu&#8217;\u00e0 99 canaux simultan\u00e9s. La version PRO99 \u00e9limine tout risque d&#8217;interf\u00e9rence, m\u00eame dans les zones \u00e0 tr\u00e8s forte concentration de touristes.<\/p>\n","protected":false},"featured_media":68746,"template":"","meta":{"_acf_changed":false},"product_brand":[],"product_cat":[5174],"product_tag":[],"class_list":{"0":"post-68732","1":"product","2":"type-product","3":"status-publish","4":"has-post-thumbnail","6":"product_cat-modeles","8":"first","9":"instock","10":"sale","11":"taxable","12":"shipping-taxable","13":"product-type-grouped"},"acf":[],"_links":{"self":[{"href":"https:\/\/mexpo.eu\/fr\/wp-json\/wp\/v2\/product\/68732","targetHints":{"allow":["GET"]}}],"collection":[{"href":"https:\/\/mexpo.eu\/fr\/wp-json\/wp\/v2\/product"}],"about":[{"href":"https:\/\/mexpo.eu\/fr\/wp-json\/wp\/v2\/types\/product"}],"wp:featuredmedia":[{"embeddable":true,"href":"https:\/\/mexpo.eu\/fr\/wp-json\/wp\/v2\/media\/68746"}],"wp:attachment":[{"href":"https:\/\/mexpo.eu\/fr\/wp-json\/wp\/v2\/media?parent=68732"}],"wp:term":[{"taxonomy":"product_brand","embeddable":true,"href":"https:\/\/mexpo.eu\/fr\/wp-json\/wp\/v2\/product_brand?post=68732"},{"taxonomy":"product_cat","embeddable":true,"href":"https:\/\/mexpo.eu\/fr\/wp-json\/wp\/v2\/product_cat?post=68732"},{"taxonomy":"product_tag","embeddable":true,"href":"https:\/\/mexpo.eu\/fr\/wp-json\/wp\/v2\/product_tag?post=68732"}],"curies":[{"name":"wp","href":"https:\/\/api.w.org\/{rel}","templated":true}]}}