{"id":68545,"date":"2026-04-02T14:28:21","date_gmt":"2026-04-02T12:28:21","guid":{"rendered":"https:\/\/mexpo.eu\/?post_type=product&#038;p=68545"},"modified":"2026-04-10T14:09:08","modified_gmt":"2026-04-10T12:09:08","slug":"ecouteurs-jetables-sj-3-kopia","status":"publish","type":"product","link":"https:\/\/mexpo.eu\/fr\/produkt\/ecouteurs-jetables-sj-3-kopia\/","title":{"rendered":"\u00c9couteurs jetables SJ-3"},"content":{"rendered":"<p><img loading=\"lazy\" decoding=\"async\" class=\"alignnone size-full wp-image-68522\" src=\"https:\/\/mexpo.eu\/wp-content\/uploads\/2025\/02\/ikona-rohs.png\" alt=\"\" width=\"32\" height=\"32\" \/> Conforme \u00e0 la norme RoHS \u2013 fabriqu\u00e9 sans substances nocives. Votre sant\u00e9 et la plan\u00e8te nous tiennent \u00e0 c\u0153ur !<\/p>\n<p>\u00c9couteur intra-auriculaire hygi\u00e9nique (jetable) pour une oreille. Connecteur 3,5 mm. Jaune. Certifi\u00e9 RoHS.<\/p>\n","protected":false},"excerpt":{"rendered":"<p>\u00c9couteur intra-auriculaire hygi\u00e9nique (jetable) pour une oreille. Connecteur 3,5 mm. Jaune.<\/p>\n","protected":false},"featured_media":68558,"template":"","meta":{"_acf_changed":false},"product_brand":[],"product_cat":[5183,5195],"product_tag":[],"class_list":{"0":"post-68545","1":"product","2":"type-product","3":"status-publish","4":"has-post-thumbnail","6":"product_cat-ecouteurs","7":"product_cat-ecouteurs-hygieniques-ecouteurs-jetables","9":"first","10":"instock","11":"taxable","12":"shipping-taxable","13":"purchasable","14":"product-type-variable"},"acf":[],"_links":{"self":[{"href":"https:\/\/mexpo.eu\/fr\/wp-json\/wp\/v2\/product\/68545","targetHints":{"allow":["GET"]}}],"collection":[{"href":"https:\/\/mexpo.eu\/fr\/wp-json\/wp\/v2\/product"}],"about":[{"href":"https:\/\/mexpo.eu\/fr\/wp-json\/wp\/v2\/types\/product"}],"wp:featuredmedia":[{"embeddable":true,"href":"https:\/\/mexpo.eu\/fr\/wp-json\/wp\/v2\/media\/68558"}],"wp:attachment":[{"href":"https:\/\/mexpo.eu\/fr\/wp-json\/wp\/v2\/media?parent=68545"}],"wp:term":[{"taxonomy":"product_brand","embeddable":true,"href":"https:\/\/mexpo.eu\/fr\/wp-json\/wp\/v2\/product_brand?post=68545"},{"taxonomy":"product_cat","embeddable":true,"href":"https:\/\/mexpo.eu\/fr\/wp-json\/wp\/v2\/product_cat?post=68545"},{"taxonomy":"product_tag","embeddable":true,"href":"https:\/\/mexpo.eu\/fr\/wp-json\/wp\/v2\/product_tag?post=68545"}],"curies":[{"name":"wp","href":"https:\/\/api.w.org\/{rel}","templated":true}]}}