{"id":68234,"date":"2026-02-09T15:34:56","date_gmt":"2026-02-09T14:34:56","guid":{"rendered":"https:\/\/mexpo.eu\/?post_type=product&#038;p=68234"},"modified":"2026-02-17T11:17:23","modified_gmt":"2026-02-17T10:17:23","slug":"okayo-earme-go","status":"publish","type":"product","link":"https:\/\/mexpo.eu\/fr\/produkt\/okayo-earme-go\/","title":{"rendered":"Okayo EarME GO 2.4 GHz"},"content":{"rendered":"<div class=\"wpb-content-wrapper\"><p>[vc_row][vc_column][vc_column_text css=&#8221;&#8221;]<\/p>\n<p data-path-to-node=\"17\"><b data-path-to-node=\"17\" data-index-in-node=\"0\">Okayo EarME GO<\/b> est un syst\u00e8me de guidage touristique moderne, compos\u00e9 d&#8217;un r\u00e9cepteur sous forme d&#8217;oreillette ergonomique sans fil et d&#8217;un \u00e9metteur compact ne pesant que 50 g. Gr\u00e2ce \u00e0 sa l\u00e9g\u00e8ret\u00e9 extr\u00eame et \u00e0 son fonctionnement quasi sans intervention, il assure un confort de visite optimal, tant pour les participants que pour le guide, m\u00eame lors de longs circuits.<\/p>\n<p data-path-to-node=\"18\">Ce qui distingue l&#8217;Okayo EarME GO sur le march\u00e9, c&#8217;est son fonctionnement sur la bande universelle <b data-path-to-node=\"18\" data-index-in-node=\"99\">2,4 GHz<\/b>, ce qui le rend pleinement op\u00e9rationnel partout dans le monde. Il offre aux guides une flexibilit\u00e9 totale et la certitude que le syst\u00e8me fonctionnera en toutes circonstances. Le syst\u00e8me a une port\u00e9e d&#8217;environ 70 m.<\/p>\n<p data-path-to-node=\"19\">Les batteries lithium-ion int\u00e9gr\u00e9es garantissent une grande autonomie : <b data-path-to-node=\"19\" data-index-in-node=\"72\">plus de 30 heures<\/b> pour l&#8217;\u00e9metteur et <b data-path-to-node=\"19\" data-index-in-node=\"109\">plus de 25 heures<\/b> pour le r\u00e9cepteur. Un temps de charge court (2 \u00e0 4 heures) permet au syst\u00e8me d&#8217;\u00eatre toujours pr\u00eat \u00e0 l&#8217;emploi. Les touches intuitives <b data-path-to-node=\"19\" data-index-in-node=\"260\">+\/-<\/b> sur le r\u00e9cepteur facilitent l&#8217;utilisation pour les participants de tout \u00e2ge, tandis que l&#8217;\u00e9cran <b data-path-to-node=\"19\" data-index-in-node=\"360\">LCD<\/b> lisible de l&#8217;\u00e9metteur permet au guide de v\u00e9rifier et de changer rapidement de canal, de surveiller le niveau de batterie et de contr\u00f4ler la puissance du signal, garantissant ainsi un d\u00e9roulement fluide de la visite sans interf\u00e9rences.<\/p>\n<p data-path-to-node=\"20\"><b data-path-to-node=\"20\" data-index-in-node=\"0\">Caract\u00e9ristiques du mod\u00e8le :<\/b><\/p>\n<ul data-path-to-node=\"21\">\n<li>\n<p data-path-to-node=\"21,0,0\"><b data-path-to-node=\"21,0,0\" data-index-in-node=\"0\">Utilisation mondiale :<\/b> Fonctionne sur la bande universelle 2,4 GHz, garantissant une utilisation l\u00e9gale et sans souci dans le monde entier.<\/p>\n<\/li>\n<li>\n<p data-path-to-node=\"21,1,0\"><b data-path-to-node=\"21,1,0\" data-index-in-node=\"0\">Conception ultra-l\u00e9g\u00e8re :<\/b> L&#8217;\u00e9metteur p\u00e8se 50 g et l&#8217;oreillette compacte garantit une totale libert\u00e9 de mouvement.<\/p>\n<\/li>\n<li>\n<p data-path-to-node=\"21,2,0\"><b data-path-to-node=\"21,2,0\" data-index-in-node=\"0\">Grande autonomie :<\/b> Les batteries fonctionnent plus de 30 heures (\u00e9metteur) et 25 heures (r\u00e9cepteur) par charge.<\/p>\n<\/li>\n<li>\n<p data-path-to-node=\"21,3,0\"><b data-path-to-node=\"21,3,0\" data-index-in-node=\"0\">Son cristallin :<\/b> Assure une transmission vocale excellente et claire, am\u00e9liorant le confort d&#8217;\u00e9coute.<\/p>\n<\/li>\n<li>\n<p data-path-to-node=\"21,4,0\"><b data-path-to-node=\"21,4,0\" data-index-in-node=\"0\">Utilisation facile :<\/b> Deux boutons pratiques permettent de r\u00e9gler rapidement le volume et de choisir le canal appropri\u00e9.<\/p>\n<\/li>\n<li>\n<p data-path-to-node=\"21,5,0\"><b data-path-to-node=\"21,5,0\" data-index-in-node=\"0\">\u00c9conomique :<\/b> Gr\u00e2ce aux r\u00e9cepteurs de type oreillette, vous n&#8217;avez plus \u00e0 vous soucier du remplacement des piles ou de l&#8217;achat de casques jetables suppl\u00e9mentaires.<\/p>\n<\/li>\n<\/ul>\n<p>[\/vc_column_text][\/vc_column][\/vc_row]<\/p>\n<\/div>","protected":false},"excerpt":{"rendered":"<p>L&#8217;<b>Okayo EarME GO<\/b> est un <b>syst\u00e8me tourguide ultra-l\u00e9ger et compact<\/b> qui se distingue par son <b>r\u00e9cepteur sans fil en forme de casque<\/b>. Il fonctionne sur la <b>bande mondiale 2,4 GHz<\/b>, ce qui permet de l&#8217;utiliser sur tous les continents<\/p>\n","protected":false},"featured_media":68292,"template":"","meta":{"_acf_changed":false},"product_brand":[],"product_cat":[5174],"product_tag":[],"class_list":{"0":"post-68234","1":"product","2":"type-product","3":"status-publish","4":"has-post-thumbnail","6":"product_cat-modeles","8":"first","9":"instock","10":"taxable","11":"shipping-taxable","12":"product-type-grouped"},"acf":[],"_links":{"self":[{"href":"https:\/\/mexpo.eu\/fr\/wp-json\/wp\/v2\/product\/68234","targetHints":{"allow":["GET"]}}],"collection":[{"href":"https:\/\/mexpo.eu\/fr\/wp-json\/wp\/v2\/product"}],"about":[{"href":"https:\/\/mexpo.eu\/fr\/wp-json\/wp\/v2\/types\/product"}],"wp:featuredmedia":[{"embeddable":true,"href":"https:\/\/mexpo.eu\/fr\/wp-json\/wp\/v2\/media\/68292"}],"wp:attachment":[{"href":"https:\/\/mexpo.eu\/fr\/wp-json\/wp\/v2\/media?parent=68234"}],"wp:term":[{"taxonomy":"product_brand","embeddable":true,"href":"https:\/\/mexpo.eu\/fr\/wp-json\/wp\/v2\/product_brand?post=68234"},{"taxonomy":"product_cat","embeddable":true,"href":"https:\/\/mexpo.eu\/fr\/wp-json\/wp\/v2\/product_cat?post=68234"},{"taxonomy":"product_tag","embeddable":true,"href":"https:\/\/mexpo.eu\/fr\/wp-json\/wp\/v2\/product_tag?post=68234"}],"curies":[{"name":"wp","href":"https:\/\/api.w.org\/{rel}","templated":true}]}}