{"id":68204,"date":"2026-02-09T15:34:55","date_gmt":"2026-02-09T14:34:55","guid":{"rendered":"https:\/\/mexpo.eu\/?post_type=product&#038;p=68204"},"modified":"2026-02-17T12:47:37","modified_gmt":"2026-02-17T11:47:37","slug":"kit-systeme-tour-guide-okayo-earme-go-mtb-222","status":"publish","type":"product","link":"https:\/\/mexpo.eu\/fr\/produkt\/kit-systeme-tour-guide-okayo-earme-go-mtb-222\/","title":{"rendered":"Kit Syst\u00e8me Tour Guide Okayo EarME GO 2.4 GHz M+TB (22+2)"},"content":{"rendered":"<div class=\"wpb-content-wrapper\"><p>[vc_row][vc_column][vc_column_text css=&#8221;&#8221;]<\/p>\n<p data-path-to-node=\"17\"><b data-path-to-node=\"17\" data-index-in-node=\"0\">Contenu du kit :<\/b><\/p>\n<ul>\n<li data-path-to-node=\"18,0,0\">2 \u00e9metteurs<\/li>\n<li data-path-to-node=\"18,1,0\">22 r\u00e9cepteurs<\/li>\n<li data-path-to-node=\"18,2,0\">1 sacoche de charge CHG-222<\/li>\n<li data-path-to-node=\"18,3,0\">2 microphones HEM-100A<\/li>\n<\/ul>\n<p><i data-path-to-node=\"18,4,0\" data-index-in-node=\"0\">Les photos des accessoires sont fournies \u00e0 titre indicatif et peuvent varier selon la disponibilit\u00e9.<\/i><\/p>\n<p data-path-to-node=\"19\"><b data-path-to-node=\"19\" data-index-in-node=\"0\">Okayo EarME GO<\/b> est un syst\u00e8me de guidage touristique unidirectionnel moderne, comprenant un r\u00e9cepteur-oreillette et un \u00e9metteur l\u00e9ger de 50 grammes. Le syst\u00e8me garantit un confort et une utilisation quasi sans entretien, tant pour les participants que pour le guide, m\u00eame lors de visites prolong\u00e9es. Il fonctionne sur la bande universelle <b data-path-to-node=\"19\" data-index-in-node=\"339\">2,4 GHz<\/b>, ce qui le rend fiable et fonctionnel dans le monde entier sans n\u00e9cessiter d&#8217;ajustement de fr\u00e9quence. La port\u00e9e du syst\u00e8me est d&#8217;environ 70 m.<\/p>\n<p data-path-to-node=\"20\"><b data-path-to-node=\"20\" data-index-in-node=\"0\">Caract\u00e9ristiques du mod\u00e8le :<\/b><\/p>\n<ul>\n<li data-path-to-node=\"21,0,0\"><b data-path-to-node=\"21,0,0\" data-index-in-node=\"0\">Utilisation mondiale :<\/b> Fonctionne sur la bande universelle 2,4 GHz, garantissant une utilisation l\u00e9gale et sans souci dans le monde entier.<\/li>\n<li data-path-to-node=\"21,1,0\"><b data-path-to-node=\"21,1,0\" data-index-in-node=\"0\">Conception ultra-l\u00e9g\u00e8re :<\/b> L&#8217;\u00e9metteur p\u00e8se 50 g et l&#8217;oreillette compacte garantit une totale libert\u00e9 de mouvement.<\/li>\n<li data-path-to-node=\"21,2,0\"><b data-path-to-node=\"21,2,0\" data-index-in-node=\"0\">Grande autonomie :<\/b> Les batteries fonctionnent plus de 30 heures (\u00e9metteur) et 25 heures (r\u00e9cepteur) par charge.<\/li>\n<li data-path-to-node=\"21,3,0\"><b data-path-to-node=\"21,3,0\" data-index-in-node=\"0\">Son cristallin :<\/b> Assure une transmission vocale excellente et claire, am\u00e9liorant le confort d&#8217;\u00e9coute.<\/li>\n<li data-path-to-node=\"21,4,0\"><b data-path-to-node=\"21,4,0\" data-index-in-node=\"0\">Utilisation facile :<\/b> Deux boutons pratiques permettent de r\u00e9gler rapidement le volume et de choisir le canal appropri\u00e9.<\/li>\n<li data-path-to-node=\"21,5,0\"><b data-path-to-node=\"21,5,0\" data-index-in-node=\"0\">\u00c9conomique :<\/b> Gr\u00e2ce aux r\u00e9cepteurs de type oreillette, vous n&#8217;avez plus \u00e0 vous soucier du remplacement des piles ou de l&#8217;achat de casques jetables suppl\u00e9mentaires.<\/li>\n<\/ul>\n<p>[\/vc_column_text][\/vc_column][\/vc_row]<\/p>\n<\/div>","protected":false},"excerpt":{"rendered":"<p>Le <b>Okayo EarME GO M+TB (22+2)<\/b> est un <b>kit de guidage complet et \u00e9largi avec sac de charge<\/b>, bas\u00e9 sur le syst\u00e8me de communication sans fil moderne Okayo EarME GO. Il fonctionne sur la <b>bande mondiale 2,4 GHz<\/b>, ce qui garantit une utilisation partout dans le monde.<\/p>\n","protected":false},"featured_media":68319,"template":"","meta":{"_acf_changed":false},"product_brand":[],"product_cat":[5175],"product_tag":[],"class_list":{"0":"post-68204","1":"product","2":"type-product","3":"status-publish","4":"has-post-thumbnail","6":"product_cat-sets-tour-guide","8":"first","9":"instock","10":"taxable","11":"shipping-taxable","12":"purchasable","13":"product-type-simple"},"acf":[],"_links":{"self":[{"href":"https:\/\/mexpo.eu\/fr\/wp-json\/wp\/v2\/product\/68204","targetHints":{"allow":["GET"]}}],"collection":[{"href":"https:\/\/mexpo.eu\/fr\/wp-json\/wp\/v2\/product"}],"about":[{"href":"https:\/\/mexpo.eu\/fr\/wp-json\/wp\/v2\/types\/product"}],"wp:featuredmedia":[{"embeddable":true,"href":"https:\/\/mexpo.eu\/fr\/wp-json\/wp\/v2\/media\/68319"}],"wp:attachment":[{"href":"https:\/\/mexpo.eu\/fr\/wp-json\/wp\/v2\/media?parent=68204"}],"wp:term":[{"taxonomy":"product_brand","embeddable":true,"href":"https:\/\/mexpo.eu\/fr\/wp-json\/wp\/v2\/product_brand?post=68204"},{"taxonomy":"product_cat","embeddable":true,"href":"https:\/\/mexpo.eu\/fr\/wp-json\/wp\/v2\/product_cat?post=68204"},{"taxonomy":"product_tag","embeddable":true,"href":"https:\/\/mexpo.eu\/fr\/wp-json\/wp\/v2\/product_tag?post=68204"}],"curies":[{"name":"wp","href":"https:\/\/api.w.org\/{rel}","templated":true}]}}