{"id":67898,"date":"2025-12-11T10:58:16","date_gmt":"2025-12-11T09:58:16","guid":{"rendered":"https:\/\/mexpo.eu\/produkt\/autocollants-pour-recepteurs-et-emetteurs-100-pieces\/"},"modified":"2025-12-11T10:58:16","modified_gmt":"2025-12-11T09:58:16","slug":"autocollants-pour-recepteurs-et-emetteurs-100-pieces","status":"publish","type":"product","link":"https:\/\/mexpo.eu\/fr\/produkt\/autocollants-pour-recepteurs-et-emetteurs-100-pieces\/","title":{"rendered":"Autocollants pour r\u00e9cepteurs et \u00e9metteurs (100 pi\u00e8ces)"},"content":{"rendered":"<p><strong>Achetez un minimum de 50 r\u00e9cepteurs Okayo WT-300D, mGuide Pellegrino 2 ou Okayo WaveTalk et recevez un paquet d\u2019autocollants GRATUIT !<\/strong><\/p>\n<p>Les autocollants personnalis\u00e9s sont la solution id\u00e9ale non seulement pour rendre vos r\u00e9cepteurs et \u00e9metteurs facilement identifiables, mais aussi pour faire la publicit\u00e9 de votre marque.<\/p>\n<ul>\n<li><strong>Personnalisation compl\u00e8te:<\/strong>\u00a0Il suffit de fournir un fichier avec le logo de votre entreprise (ou tout autre fichier graphique choisi), et\u00a0<strong>les autocollants seront pr\u00e9par\u00e9s pour s\u2019adapter parfaitement \u00e0 votre syst\u00e8me<\/strong>\u00a0(Okayo WT-300D, mGuide Pellegrino 2 ou Okayo WaveTalk).<\/li>\n<li><strong>Durabilit\u00e9 et r\u00e9sistance<\/strong>: Les \u00e9metteurs, et en particulier les r\u00e9cepteurs, sont souvent expos\u00e9s \u00e0 des conditions exigeantes. Nos autocollants sont fabriqu\u00e9s \u00e0\u00a0<strong>partir de mat\u00e9riaux durables de haute qualit\u00e9<\/strong>, r\u00e9sistants \u00e0 l\u2019abrasion, \u00e0 l\u2019humidit\u00e9 et m\u00eame aux rayons UV.<\/li>\n<li><strong>Identification et s\u00e9curit\u00e9:<\/strong>\u00a0Les autocollants avec votre logo\u00a0<strong>prot\u00e8gent l\u2019\u00e9quipement contre les confusions et facilitent l\u2019inventaire<\/strong>. Ils servent de signe clair de propri\u00e9t\u00e9, ce qui est essentiel, surtout en cas de location ou de travail lors de grands \u00e9v\u00e9nements.<\/li>\n<\/ul>\n<p><strong>Les autocollants sont destin\u00e9s aux mod\u00e8les :<\/strong><\/p>\n<ul>\n<li>Okayo WT-300D (dimensions de l\u2019autocollant : 31 x 45 mm)<\/li>\n<li>mGuide Pellegrino 2 (dimensions de l\u2019autocollant : 41,1 x 27,3 mm)<\/li>\n<li>Okayo WaveTalk (dimensions de l\u2019autocollant : 27 x 20 mm)<\/li>\n<\/ul>\n","protected":false},"excerpt":{"rendered":"<p>Autocollants personnalis\u00e9s avec votre propre logo pour les \u00e9metteurs et r\u00e9cepteurs des mod\u00e8les Okayo WT-300D, mGuide Pellegrino 2 et Okayo WaveTalk. Le prix est pour un paquet de 100 autocollants.<\/p>\n","protected":false},"featured_media":68002,"template":"","meta":{"_acf_changed":false},"product_brand":[],"product_cat":[5264,5979],"product_tag":[],"class_list":{"0":"post-67898","1":"product","2":"type-product","3":"status-publish","4":"has-post-thumbnail","6":"product_cat-autres-accessoires","7":"product_cat-systemes-tour-guide","9":"first","10":"instock","11":"taxable","12":"shipping-taxable","13":"purchasable","14":"product-type-variable"},"acf":[],"_links":{"self":[{"href":"https:\/\/mexpo.eu\/fr\/wp-json\/wp\/v2\/product\/67898","targetHints":{"allow":["GET"]}}],"collection":[{"href":"https:\/\/mexpo.eu\/fr\/wp-json\/wp\/v2\/product"}],"about":[{"href":"https:\/\/mexpo.eu\/fr\/wp-json\/wp\/v2\/types\/product"}],"wp:featuredmedia":[{"embeddable":true,"href":"https:\/\/mexpo.eu\/fr\/wp-json\/wp\/v2\/media\/68002"}],"wp:attachment":[{"href":"https:\/\/mexpo.eu\/fr\/wp-json\/wp\/v2\/media?parent=67898"}],"wp:term":[{"taxonomy":"product_brand","embeddable":true,"href":"https:\/\/mexpo.eu\/fr\/wp-json\/wp\/v2\/product_brand?post=67898"},{"taxonomy":"product_cat","embeddable":true,"href":"https:\/\/mexpo.eu\/fr\/wp-json\/wp\/v2\/product_cat?post=67898"},{"taxonomy":"product_tag","embeddable":true,"href":"https:\/\/mexpo.eu\/fr\/wp-json\/wp\/v2\/product_tag?post=67898"}],"curies":[{"name":"wp","href":"https:\/\/api.w.org\/{rel}","templated":true}]}}