{"id":67665,"date":"2025-11-03T10:24:06","date_gmt":"2025-11-03T09:24:06","guid":{"rendered":"https:\/\/mexpo.eu\/produkt\/crochet-laisse-hygienique-ensemble-50-pieces\/"},"modified":"2025-11-03T10:24:06","modified_gmt":"2025-11-03T09:24:06","slug":"crochet-laisse-hygienique-ensemble-50-pieces","status":"publish","type":"product","link":"https:\/\/mexpo.eu\/fr\/produkt\/crochet-laisse-hygienique-ensemble-50-pieces\/","title":{"rendered":"Crochet + laisse hygi\u00e9nique (ensemble) 50 pi\u00e8ces."},"content":{"rendered":"<p>Un ensemble (50 pi\u00e8ces) de laisses douces et hygi\u00e9niques, en coton naturel, avec des crochets ZK.<\/p>\n","protected":false},"excerpt":{"rendered":"<p>Lani\u00e8re en coton pour syst\u00e8mes de guides touristiques avec crochet ZK inclus.<\/p>\n","protected":false},"featured_media":67663,"template":"","meta":{"_acf_changed":false},"product_brand":[],"product_cat":[5189],"product_tag":[],"class_list":{"0":"post-67665","1":"product","2":"type-product","3":"status-publish","4":"has-post-thumbnail","6":"product_cat-cordons-tour-de-cou","8":"first","9":"instock","10":"taxable","11":"shipping-taxable","12":"purchasable","13":"product-type-simple"},"acf":[],"_links":{"self":[{"href":"https:\/\/mexpo.eu\/fr\/wp-json\/wp\/v2\/product\/67665","targetHints":{"allow":["GET"]}}],"collection":[{"href":"https:\/\/mexpo.eu\/fr\/wp-json\/wp\/v2\/product"}],"about":[{"href":"https:\/\/mexpo.eu\/fr\/wp-json\/wp\/v2\/types\/product"}],"wp:featuredmedia":[{"embeddable":true,"href":"https:\/\/mexpo.eu\/fr\/wp-json\/wp\/v2\/media\/67663"}],"wp:attachment":[{"href":"https:\/\/mexpo.eu\/fr\/wp-json\/wp\/v2\/media?parent=67665"}],"wp:term":[{"taxonomy":"product_brand","embeddable":true,"href":"https:\/\/mexpo.eu\/fr\/wp-json\/wp\/v2\/product_brand?post=67665"},{"taxonomy":"product_cat","embeddable":true,"href":"https:\/\/mexpo.eu\/fr\/wp-json\/wp\/v2\/product_cat?post=67665"},{"taxonomy":"product_tag","embeddable":true,"href":"https:\/\/mexpo.eu\/fr\/wp-json\/wp\/v2\/product_tag?post=67665"}],"curies":[{"name":"wp","href":"https:\/\/api.w.org\/{rel}","templated":true}]}}