{"id":67630,"date":"2025-10-29T09:35:35","date_gmt":"2025-10-29T08:35:35","guid":{"rendered":"https:\/\/mexpo.eu\/produkt\/laniere-fit-50-unites-avec-attaches-zk\/"},"modified":"2025-10-29T09:35:35","modified_gmt":"2025-10-29T08:35:35","slug":"laniere-fit-50-unites-avec-attaches-zk","status":"publish","type":"product","link":"https:\/\/mexpo.eu\/fr\/produkt\/laniere-fit-50-unites-avec-attaches-zk\/","title":{"rendered":"Lani\u00e8re FIT (50 unit\u00e9s) avec attaches ZK"},"content":{"rendered":"<p><b>Lani\u00e8re blanche l\u00e9g\u00e8re et discr\u00e8te de 80 cm.<\/b>\u00a0Fabriqu\u00e9e en cordon cir\u00e9 et fournie avec les attaches ZK. Id\u00e9ale pour les appareils l\u00e9gers, par exemple les r\u00e9cepteurs Okayo EarME ou Okayo EarME FIT.<\/p>\n<p>Ce kit comprend :<\/p>\n<ul>\n<li>50 x Lani\u00e8res FIT<\/li>\n<li>50 x Attaches ZK.<\/li>\n<\/ul>\n","protected":false},"excerpt":{"rendered":"<p>Kit de 50 lani\u00e8res l\u00e9g\u00e8res et discr\u00e8tes avec attaches, sp\u00e9cialement con\u00e7ues pour les r\u00e9cepteurs de la s\u00e9rie Okayo EarME.<\/p>\n","protected":false},"featured_media":67651,"template":"","meta":{"_acf_changed":false},"product_brand":[],"product_cat":[5979],"product_tag":[],"class_list":{"0":"post-67630","1":"product","2":"type-product","3":"status-publish","4":"has-post-thumbnail","6":"product_cat-systemes-tour-guide","8":"first","9":"instock","10":"taxable","11":"shipping-taxable","12":"purchasable","13":"product-type-simple"},"acf":[],"_links":{"self":[{"href":"https:\/\/mexpo.eu\/fr\/wp-json\/wp\/v2\/product\/67630","targetHints":{"allow":["GET"]}}],"collection":[{"href":"https:\/\/mexpo.eu\/fr\/wp-json\/wp\/v2\/product"}],"about":[{"href":"https:\/\/mexpo.eu\/fr\/wp-json\/wp\/v2\/types\/product"}],"wp:featuredmedia":[{"embeddable":true,"href":"https:\/\/mexpo.eu\/fr\/wp-json\/wp\/v2\/media\/67651"}],"wp:attachment":[{"href":"https:\/\/mexpo.eu\/fr\/wp-json\/wp\/v2\/media?parent=67630"}],"wp:term":[{"taxonomy":"product_brand","embeddable":true,"href":"https:\/\/mexpo.eu\/fr\/wp-json\/wp\/v2\/product_brand?post=67630"},{"taxonomy":"product_cat","embeddable":true,"href":"https:\/\/mexpo.eu\/fr\/wp-json\/wp\/v2\/product_cat?post=67630"},{"taxonomy":"product_tag","embeddable":true,"href":"https:\/\/mexpo.eu\/fr\/wp-json\/wp\/v2\/product_tag?post=67630"}],"curies":[{"name":"wp","href":"https:\/\/api.w.org\/{rel}","templated":true}]}}